{"id":11120,"date":"2018-10-18T07:45:39","date_gmt":"2018-10-18T07:45:39","guid":{"rendered":"https:\/\/hekes.ee\/toode\/flygt-ltu-601-rohuandur\/"},"modified":"2024-05-15T14:38:09","modified_gmt":"2024-05-15T14:38:09","slug":"flygt-ltu-601-rohuandur","status":"publish","type":"product","link":"https:\/\/hekes.ee\/ru\/toode\/flygt-ltu-601-rohuandur\/","title":{"rendered":"Flygt LTU 601 veetaseme r\u00f5huandur"},"content":{"rendered":"<p><span class=\"\" title=\"\">Flygt LTU 601 on pealt sisestatav ja uputatav r\u00f5hutaseme m\u00f5\u00f5tja<\/span><span title=\"\">.<\/span>\u00a0LTU 601 r\u00f5hu<span class=\"\" title=\"\">andur sobib kasutamiseks\u00a0<\/span><span class=\"\" title=\"\">heitvee pumpamisel<\/span><span class=\"\" title=\"\">, mahutitites, konteinerites, samuti<\/span><span title=\"\">\u00a0veev\u00e4rgi ja t\u00f6\u00f6stusettev\u00f5tetes.<\/span><\/p>\n<p><strong>Vastupidav<\/strong><\/p>\n<p>LTU 601 r\u00f5huandur on\u00a0<span class=\"\" title=\"\">loodud ka k\u00f5ige n\u00f5udlikumasse keskkonda.\u00a0<\/span><span class=\"\" title=\"\">LTU 601 koosneb tugevast plastikust ja\u00a0<\/span><span class=\"\" title=\"\">tugevast PUR kaablist<\/span><span title=\"\">.<\/span>\u00a0saadaval ka<span title=\"\">\u00a0vaskr\u00f5ngaga sensor, mis<\/span><span title=\"\">\u00a0v\u00f5ib isegi t\u00f6\u00f6delda merevett.\u00a0<span class=\"\" title=\"\">LTU 601 on<\/span>\u00a0t\u00f6\u00f6kindel t\u00e4nu membraanile\u00a0<span class=\"\" title=\"\">kaitseaukudes, mis hoiab \u00e4ra ummistumist ja v\u00e4hendab<\/span>\u00a0hoolduse vajadust.<\/span><\/p>\n<p>Lisainfo: info@hekes.ee<\/p>\n<p>&nbsp;<\/p>\n","protected":false},"excerpt":{"rendered":"<p><span style=\"color: #ffffff;\">A<\/span><\/p>\n","protected":false},"featured_media":4272,"comment_status":"closed","ping_status":"closed","template":"","meta":[],"product_brand":[],"product_cat":[294,306,290],"product_tag":[],"class_list":{"0":"post-11120","1":"product","2":"type-product","3":"status-publish","4":"has-post-thumbnail","6":"product_cat-294","7":"product_cat-306","8":"product_cat---flygt","10":"first","11":"instock","12":"taxable","13":"shipping-taxable","14":"product-type-simple"},"_links":{"self":[{"href":"https:\/\/hekes.ee\/ru\/wp-json\/wp\/v2\/product\/11120","targetHints":{"allow":["GET"]}}],"collection":[{"href":"https:\/\/hekes.ee\/ru\/wp-json\/wp\/v2\/product"}],"about":[{"href":"https:\/\/hekes.ee\/ru\/wp-json\/wp\/v2\/types\/product"}],"replies":[{"embeddable":true,"href":"https:\/\/hekes.ee\/ru\/wp-json\/wp\/v2\/comments?post=11120"}],"wp:featuredmedia":[{"embeddable":true,"href":"https:\/\/hekes.ee\/ru\/wp-json\/wp\/v2\/media\/4272"}],"wp:attachment":[{"href":"https:\/\/hekes.ee\/ru\/wp-json\/wp\/v2\/media?parent=11120"}],"wp:term":[{"taxonomy":"product_brand","embeddable":true,"href":"https:\/\/hekes.ee\/ru\/wp-json\/wp\/v2\/product_brand?post=11120"},{"taxonomy":"product_cat","embeddable":true,"href":"https:\/\/hekes.ee\/ru\/wp-json\/wp\/v2\/product_cat?post=11120"},{"taxonomy":"product_tag","embeddable":true,"href":"https:\/\/hekes.ee\/ru\/wp-json\/wp\/v2\/product_tag?post=11120"}],"curies":[{"name":"wp","href":"https:\/\/api.w.org\/{rel}","templated":true}]}}