{"id":11101,"date":"2018-10-17T09:19:35","date_gmt":"2018-10-17T09:19:35","guid":{"rendered":"https:\/\/hekes.ee\/toode\/fygt-4901-uhteklapp\/"},"modified":"2018-10-17T09:19:35","modified_gmt":"2018-10-17T09:19:35","slug":"fygt-4901-uhteklapp","status":"publish","type":"product","link":"https:\/\/hekes.ee\/ru\/toode\/fygt-4901-uhteklapp\/","title":{"rendered":"Fygt 4901 uhteklapp"},"content":{"rendered":"<p>&nbsp;<\/p>\n<p><strong>TOOTE KIRJELDUS<\/strong><\/p>\n<p>Loputusklapi pea\u00fclesandeks on pumba t\u00f6\u00f6koja loputamine, puhastamine heitveest ja settest heitvee automaatse l\u00e4bisegamise teel enne t\u00fchjendamist. Iga t\u00f6\u00f6perioodi alguses on klapp avatud ning surve all loputav vedelik suunatakse pumbast t\u00f6\u00f6kotta. T\u00f6\u00f6kojas paiknev vesi segatakse j\u00f5uliselt l\u00e4bi ning sete t\u00f5useb h\u00f5ljumiks. Loputusklapp on paigaldatud pumba korpusele ning selle konstruktsioon p\u00f5hineb ejektoril ja kuuliga sulgurklapil. Klapi t\u00f6\u00f6 on automaatne ning toimub vastavalt pumba voolu ja surve n\u00e4itajatele, v\u00e4listades nii elektrikomponentide ja kaablite vajaduse.<\/p>\n<p><strong>Rakendused<\/strong><\/p>\n<p>Flygt\u2019i pumpadega varustatud reovee pumbajaamad.<\/p>\n<p><strong>T\u00f6\u00f6j\u00f5udlus<\/strong><\/p>\n<p>\u00dchest 4901 loputusklapist peab piisama maksimaalse l\u00e4bim\u00f5\u00f5duga 2,1 meetrit pumbajaama loputamiseks. Vedeliku temperatuur maks. 40\u00b0C. Minimaalse temperatuuri m\u00e4\u00e4ramiseks vaadake klapi \u00f5likestas kasutatud \u00f5li k\u00fclmumistemperatuuri.<\/p>\n<p><strong>T\u00e4iskomplekt, loputusklapp, standardmudel<\/strong>\u00a0 \u00a0 \u00a0 \u00a0 \u00a0 \u00a0 \u00a0 \u00a0 \u00a0 \u00a0 \u00a0 \u00a0 \u00a0 \u00a0<strong>T\u00e4iskomplekt, loputusklapp, standardmudel<\/strong><br \/>\n(556 51 01)\u00a0 \u00a0 \u00a0 \u00a0 \u00a0 \u00a0 \u00a0 \u00a0 \u00a0 \u00a0 \u00a0 \u00a0 \u00a0 \u00a0 \u00a0 \u00a0 \u00a0 \u00a0 \u00a0 \u00a0 \u00a0 \u00a0 \u00a0 \u00a0 \u00a0 \u00a0 \u00a0 \u00a0 \u00a0 \u00a0 \u00a0 \u00a0 \u00a0 \u00a0 \u00a0 \u00a0 \u00a0 \u00a0 \u00a0 \u00a0 \u00a0 \u00a0 (556 51 02)<br \/>\nMusta v\u00e4rvi klapi korpus.\u00a0 \u00a0 \u00a0 \u00a0 \u00a0 \u00a0 \u00a0 \u00a0 \u00a0 \u00a0 \u00a0 \u00a0 \u00a0 \u00a0 \u00a0 \u00a0 \u00a0 \u00a0 \u00a0 \u00a0 \u00a0 \u00a0 \u00a0 \u00a0 \u00a0 \u00a0 \u00a0 \u00a0 \u00a0 \u00a0 \u00a0 \u00a0Sinist v\u00e4rvi klapi korpus<br \/>\n<strong>Sulgurklapp<\/strong>\u00a0 \u00a0 \u00a0 \u00a0 \u00a0 \u00a0 \u00a0 \u00a0 \u00a0 \u00a0 \u00a0 \u00a0 \u00a0 \u00a0 \u00a0 \u00a0 \u00a0 \u00a0 \u00a0 \u00a0 \u00a0 \u00a0 \u00a0 \u00a0 \u00a0 \u00a0 \u00a0 \u00a0 \u00a0 \u00a0 \u00a0 \u00a0 \u00a0 \u00a0 \u00a0 \u00a0 \u00a0 \u00a0 \u00a0 \u00a0 \u00a0<strong>Sulgurklapp<\/strong><br \/>\nMalmkuul.\u00a0 \u00a0 \u00a0 \u00a0 \u00a0 \u00a0 \u00a0 \u00a0 \u00a0 \u00a0 \u00a0 \u00a0 \u00a0 \u00a0 \u00a0 \u00a0 \u00a0 \u00a0 \u00a0 \u00a0 \u00a0 \u00a0 \u00a0 \u00a0 \u00a0 \u00a0 \u00a0 \u00a0 \u00a0 \u00a0 \u00a0 \u00a0 \u00a0 \u00a0 \u00a0 \u00a0 \u00a0 \u00a0 \u00a0 \u00a0 \u00a0 \u00a0 \u00a0 Pol\u00fcurentaarkuul.<\/p>\n<p><strong>Kaal<\/strong><br \/>\nLoputusklapp (standardmudel) 8,0 kg<br \/>\nLoputusklapp (erimudel) 7,4 kg<\/p>\n<p>&nbsp;<\/p>\n<p>Lisainfo: info@hekes.ee<\/p>\n<p>&nbsp;<\/p>\n","protected":false},"excerpt":{"rendered":"<p>&nbsp; TOOTE KIRJELDUS Loputusklapi pea\u00fclesandeks on pumba t\u00f6\u00f6koja loputamine, puhastamine heitveest ja settest heitvee automaatse l\u00e4bisegamise teel enne t\u00fchjendamist. Iga t\u00f6\u00f6perioodi alguses on klapp avatud ning surve all loputav vedelik suunatakse pumbast t\u00f6\u00f6kotta. T\u00f6\u00f6kojas paiknev vesi segatakse j\u00f5uliselt l\u00e4bi ning sete t\u00f5useb h\u00f5ljumiks. Loputusklapp on paigaldatud pumba korpusele ning selle konstruktsioon p\u00f5hineb ejektoril ja kuuliga [&#8230;]\n","protected":false},"featured_media":4148,"comment_status":"closed","ping_status":"closed","template":"","meta":[],"product_brand":[],"product_cat":[246],"product_tag":[],"class_list":{"0":"post-11101","1":"product","2":"type-product","3":"status-publish","4":"has-post-thumbnail","6":"product_cat-246","8":"first","9":"instock","10":"taxable","11":"shipping-taxable","12":"product-type-simple"},"_links":{"self":[{"href":"https:\/\/hekes.ee\/ru\/wp-json\/wp\/v2\/product\/11101","targetHints":{"allow":["GET"]}}],"collection":[{"href":"https:\/\/hekes.ee\/ru\/wp-json\/wp\/v2\/product"}],"about":[{"href":"https:\/\/hekes.ee\/ru\/wp-json\/wp\/v2\/types\/product"}],"replies":[{"embeddable":true,"href":"https:\/\/hekes.ee\/ru\/wp-json\/wp\/v2\/comments?post=11101"}],"wp:featuredmedia":[{"embeddable":true,"href":"https:\/\/hekes.ee\/ru\/wp-json\/wp\/v2\/media\/4148"}],"wp:attachment":[{"href":"https:\/\/hekes.ee\/ru\/wp-json\/wp\/v2\/media?parent=11101"}],"wp:term":[{"taxonomy":"product_brand","embeddable":true,"href":"https:\/\/hekes.ee\/ru\/wp-json\/wp\/v2\/product_brand?post=11101"},{"taxonomy":"product_cat","embeddable":true,"href":"https:\/\/hekes.ee\/ru\/wp-json\/wp\/v2\/product_cat?post=11101"},{"taxonomy":"product_tag","embeddable":true,"href":"https:\/\/hekes.ee\/ru\/wp-json\/wp\/v2\/product_tag?post=11101"}],"curies":[{"name":"wp","href":"https:\/\/api.w.org\/{rel}","templated":true}]}}