{"id":11093,"date":"2019-03-26T17:49:13","date_gmt":"2019-03-26T17:49:13","guid":{"rendered":"https:\/\/hekes.ee\/toode\/e-nsc\/"},"modified":"2025-01-03T08:05:33","modified_gmt":"2025-01-03T08:05:33","slug":"e-nsc","status":"publish","type":"product","link":"https:\/\/hekes.ee\/ru\/toode\/e-nsc\/","title":{"rendered":"e-NSC"},"content":{"rendered":"<div class=\"row row-small\"  id=\"row-670877974\">\n\n\t<div id=\"col-530108172\" class=\"col medium-5 small-12 large-5\"  >\n\t\t\t\t<div class=\"col-inner\"  >\n\t\t\t\n\t\t\t\n<h4>Tehnilised andmed<\/h4>\n<ul>\n<li>V\u00f5imsus: 0,25 &#8212; 355 kW<\/li>\n<li>V\u00e4ljund: DN 32 &#8212; DN 80<\/li>\n<li>Maksimaalne tootlikkus: 1800 m\u00b3\/h<\/li>\n<li>Maksimaalne t\u00f5stek\u00f5rgus: 160 m<\/li>\n<li>Pumbatava vedeliku temperatuur: -25\u00b0C kuni +140\u00b0C<\/li>\n<li>Elektrimootori isolatsiooni klass: <b>\u00a0 <\/b>F<\/li>\n<\/ul>\n\t\t<\/div>\n\t\t\t\t\t<\/div>\n\n\t\n\n\t<div id=\"col-477139734\" class=\"col medium-7 small-12 large-7\"  >\n\t\t\t\t<div class=\"col-inner\"  >\n\t\t\t\n\t\t\t\n\n  <div class=\"banner has-hover\" id=\"banner-1972540730\">\n          <div class=\"banner-inner fill\">\n        <div class=\"banner-bg fill\" >\n            <img loading=\"lazy\" decoding=\"async\" width=\"674\" height=\"370\" src=\"https:\/\/hekes.ee\/wp-content\/uploads\/2019\/03\/e-nsc-removebg-preview.png\" class=\"bg attachment-large size-large\" alt=\"\" \/>                                    \n                    <\/div>\n\t\t\n        <div class=\"banner-layers container\">\n            <a class=\"fill\" href=\"https:\/\/www.xylem.com\/siteassets\/brand\/lowara\/resources\/technical-brochure\/191002951_nsc-50hz_en.pdf\" target=\"_blank\" rel=\"noopener\"><div class=\"fill banner-link\"><\/div><\/a>            \n   <div id=\"text-box-1325043146\" class=\"text-box banner-layer x50 md-x50 lg-x50 y100 md-y100 lg-y100 res-text\">\n                                <div class=\"text-box-content text dark\">\n              \n              <div class=\"text-inner text-center\">\n                  \n<a href=\"https:\/\/www.xylem.com\/siteassets\/brand\/lowara\/resources\/technical-brochure\/191002951_nsc-50hz_en.pdf\" class=\"button primary is-large expand\" target=\"_blank\" rel=\"noopener\">\n\t\t<span>&lt;span style=&quot;font-weight: 400;&quot;&gt;\u041c\u041e\u0414\u0415\u041b\u0418 \u0418 \u0413\u0420\u0410\u0424\u0418\u041a\u0418&lt;\/span&gt;<\/span>\n\t<\/a>\n\n              <\/div>\n           <\/div>\n                            \n<style>\n#text-box-1325043146 {\n  margin: 0px 0px -50px 0px;\n  width: 60%;\n}\n#text-box-1325043146 .text-box-content {\n  font-size: 100%;\n}\n<\/style>\n    <\/div>\n \n        <\/div>\n      <\/div>\n\n            \n<style>\n#banner-1972540730 {\n  padding-top: 220px;\n  background-color: rgb(235, 243, 246);\n}\n<\/style>\n  <\/div>\n\n\n\t\t<\/div>\n\t\t\t\t\n<style>\n#col-477139734 > .col-inner {\n  margin: -35px 0px 0px 0px;\n}\n<\/style>\n\t<\/div>\n\n\t\n<\/div>\n<p>Sobib nii k\u00fclma kui sooja vedeliku pumpamiseks m\u00f5\u00f5duka tarbimisega s\u00fcsteemides.<\/p>\n<h3>Tavakasutus<b>:<\/b><\/h3>\n<ul>\n<li>Tsentraalne veevarustus ja vedelike ringlus asulates, t\u00f6\u00f6stuses ja p\u00f5llumajanduses<\/li>\n<li>Veevarustus ja t\u00f6\u00f6stuslik pesu<\/li>\n<li>R\u00f5hut\u00f5ste<\/li>\n<li>Ringlus k\u00fctte- ja jahutuss\u00fcsteemides<\/li>\n<\/ul>\n<p>Pumbakamber on valmistatud malmist, t\u00f6\u00f6ratas laserkeevitatud roostevaba terasest (ASTM 316L). Vastab normile EN 733-DIN 24255-UNI 7467. Lisaks roostevaba terasest t\u00f6\u00f6rattale v\u00f5ib pumba komplekteerida malmist v\u00f5i pronksist t\u00f6\u00f6rattaga.<\/p>\n<p>Lisainfo: info@hekes.ee<\/p>\n","protected":false},"excerpt":{"rendered":"<ul>\n<li style=\"font-weight: 400;\" aria-level=\"1\"><span style=\"font-weight: 400;\">\u041f\u043e\u0434\u0430\u0447\u0430: \u0434\u043e 220 <\/span><span style=\"font-weight: 400;\">\u043c\u00b3\/\u0447<\/span><\/li>\n<li style=\"font-weight: 400;\" aria-level=\"1\"><span style=\"font-weight: 400;\">\u041d\u0430\u043f\u043e\u0440: \u0434\u043e 95 \u043c<\/span><\/li>\n<li style=\"font-weight: 400;\" aria-level=\"1\"><span style=\"font-weight: 400;\">\u0412 \u043d\u0430\u0441\u0435\u043b\u0435\u043d\u043d\u044b\u0445 \u043f\u0443\u043d\u043a\u0442\u0430\u0445, \u043f\u0440\u043e\u043c\u044b\u0448\u043b\u0435\u043d\u043d\u043e\u0441\u0442\u0438 \u0438 \u0441\u0435\u043b\u044c\u0441\u043a\u043e\u043c \u0445\u043e\u0437\u044f\u0439\u0441\u0442\u0432\u0435<\/span><\/li>\n<\/ul>\n","protected":false},"featured_media":13945,"comment_status":"closed","ping_status":"closed","template":"","meta":[],"product_brand":[],"product_cat":[247,257],"product_tag":[],"class_list":{"0":"post-11093","1":"product","2":"type-product","3":"status-publish","4":"has-post-thumbnail","6":"product_cat-247","7":"product_cat-257","9":"first","10":"instock","11":"taxable","12":"shipping-taxable","13":"product-type-simple"},"_links":{"self":[{"href":"https:\/\/hekes.ee\/ru\/wp-json\/wp\/v2\/product\/11093","targetHints":{"allow":["GET"]}}],"collection":[{"href":"https:\/\/hekes.ee\/ru\/wp-json\/wp\/v2\/product"}],"about":[{"href":"https:\/\/hekes.ee\/ru\/wp-json\/wp\/v2\/types\/product"}],"replies":[{"embeddable":true,"href":"https:\/\/hekes.ee\/ru\/wp-json\/wp\/v2\/comments?post=11093"}],"wp:featuredmedia":[{"embeddable":true,"href":"https:\/\/hekes.ee\/ru\/wp-json\/wp\/v2\/media\/13945"}],"wp:attachment":[{"href":"https:\/\/hekes.ee\/ru\/wp-json\/wp\/v2\/media?parent=11093"}],"wp:term":[{"taxonomy":"product_brand","embeddable":true,"href":"https:\/\/hekes.ee\/ru\/wp-json\/wp\/v2\/product_brand?post=11093"},{"taxonomy":"product_cat","embeddable":true,"href":"https:\/\/hekes.ee\/ru\/wp-json\/wp\/v2\/product_cat?post=11093"},{"taxonomy":"product_tag","embeddable":true,"href":"https:\/\/hekes.ee\/ru\/wp-json\/wp\/v2\/product_tag?post=11093"}],"curies":[{"name":"wp","href":"https:\/\/api.w.org\/{rel}","templated":true}]}}