{"id":11092,"date":"2019-03-26T17:54:52","date_gmt":"2019-03-26T17:54:52","guid":{"rendered":"https:\/\/hekes.ee\/toode\/sho\/"},"modified":"2024-11-29T12:50:53","modified_gmt":"2024-11-29T12:50:53","slug":"sho","status":"publish","type":"product","link":"https:\/\/hekes.ee\/ru\/toode\/sho\/","title":{"rendered":"SHO"},"content":{"rendered":"<div class=\"row\"  id=\"row-1290764154\">\n\n\t<div id=\"col-628282351\" class=\"col medium-5 small-12 large-5\"  >\n\t\t\t\t<div class=\"col-inner\"  >\n\t\t\t\n\t\t\t\n<h4>Tehnilised andmed<\/h4>\n<ul>\n<li>V\u00f5imsus: 0,37 &#8212; 11 kW<\/li>\n<li>V\u00e4ljund: DN 25 &#8212; DN 50<\/li>\n<li>Maksimaalne tootlikkus: 56 m\u00b3\/h<\/li>\n<li>Maksimaalne t\u00f5stek\u00f5rgus: 50 m<\/li>\n<li>Pumbatava vedeliku temperatuur: -10\u00b0C &#8212; 120\u00b0C<\/li>\n<li>Elektrimootori isolatsiooni klass:\u00a0 F<\/li>\n<li>Pumpab osakesi kuni 40 mm<\/li>\n<li>Pumbatav temperatuur -10\u00b0C kuni +120\u00b0C (-30\u00b0C versioon ka saadaval)<\/li>\n<\/ul>\n\t\t<\/div>\n\t\t\t\t\t<\/div>\n\n\t\n\n\t<div id=\"col-779899488\" class=\"col medium-7 small-12 large-7\"  >\n\t\t\t\t<div class=\"col-inner\"  >\n\t\t\t\n\t\t\t\n\n  <div class=\"banner has-hover\" id=\"banner-581890025\">\n          <div class=\"banner-inner fill\">\n        <div class=\"banner-bg fill\" >\n            <img loading=\"lazy\" decoding=\"async\" width=\"903\" height=\"317\" src=\"https:\/\/hekes.ee\/wp-content\/uploads\/2017\/05\/CO-mudelid-ja-graafikud.jpg\" class=\"bg attachment-large size-large\" alt=\"\" \/>                                    \n                    <\/div>\n\t\t\n        <div class=\"banner-layers container\">\n            <a class=\"fill\" href=\"https:\/\/www.xylem.com\/siteassets\/brand\/lowara\/resources\/technical-brochure\/191003901_d_05-2023_co-sho-50hz_en.pdf\" target=\"_blank\" rel=\"noopener\"><div class=\"fill banner-link\"><\/div><\/a>            \n   <div id=\"text-box-1731787897\" class=\"text-box banner-layer x50 md-x50 lg-x50 y100 md-y100 lg-y100 res-text\">\n                                <div class=\"text-box-content text dark\">\n              \n              <div class=\"text-inner text-center\">\n                  \n<a href=\"https:\/\/www.xylem.com\/siteassets\/brand\/lowara\/resources\/technical-brochure\/191003901_d_05-2023_co-sho-50hz_en.pdf\" class=\"button primary is-large expand\" target=\"_blank\" rel=\"noopener\">\n\t\t<span>\u041c\u043e\u0434\u0435\u043b\u0438 \u0438 \u0433\u0440\u0430\u0444\u0438\u043a\u0438<\/span>\n\t<\/a>\n\n              <\/div>\n           <\/div>\n                            \n<style>\n#text-box-1731787897 {\n  margin: 0px 0px -48px 0px;\n  width: 60%;\n}\n#text-box-1731787897 .text-box-content {\n  font-size: 100%;\n}\n<\/style>\n    <\/div>\n \n        <\/div>\n      <\/div>\n\n            \n<style>\n#banner-581890025 {\n  padding-top: 200px;\n  background-color: rgb(235, 243, 246);\n}\n#banner-581890025 .banner-bg img {\n  object-position: 0% 51%;\n}\n<\/style>\n  <\/div>\n\n\n\t\t<\/div>\n\t\t\t\t\t<\/div>\n\n\t\n<\/div>\n<p>Sobib kasutamiseks m\u00f5\u00f5duka vooluhulgaga s\u00fcsteemides, kus pumbatav vedelik sisaldab kuni 40 mm tahkeid osakesi. Pumbal on avatud t\u00f6\u00f6ratas ja vajadusel saab pumba komplekteerida topelt tihendiga.<\/p>\n<h3>Tavakasutus:<\/h3>\n<ul>\n<li>Metalldetailide pesu<\/li>\n<li>Pesu toiduainete- ja kalat\u00f6\u00f6stuses , p\u00f5llumajanduses, tapamajades, tekstiilit\u00f6\u00f6stuses jne.<\/li>\n<li>\u00d5liste esemete pesus\u00fcsteemid<\/li>\n<li>Agressiivse, k\u00fclma ja sooja vedeliku ringlus<\/li>\n<\/ul>\n<p>Laserkeevitatud pumbakamber on valmistatud happekindlast terasest (ASTM 316L) ja t\u00f6\u00f6ratas on valatud (AISI 316, CF8H). Normile EN 733-DIN 24255-UNI 7467 vastav standardpump.<\/p>\n<p>Lisainfo: info@hekes.ee<\/p>\n","protected":false},"excerpt":{"rendered":"<ul>\n<li style=\"font-weight: 400;\" aria-level=\"1\"><span style=\"font-weight: 400;\">\u041f\u043e\u0434\u0430\u0447\u0430: \u0434\u043e 56 <\/span><span style=\"font-weight: 400;\">\u043c\u00b3\/\u0447<\/span><\/li>\n<li style=\"font-weight: 400;\" aria-level=\"1\"><span style=\"font-weight: 400;\">\u041d\u0430\u043f\u043e\u0440: \u0434\u043e 50 \u043c<\/span><\/li>\n<li style=\"font-weight: 400;\" aria-level=\"1\"><span style=\"font-weight: 400;\">\u041e\u0442\u043a\u0440\u044b\u0442\u043e\u0435 \u0440\u0430\u0431\u043e\u0447\u0435\u0435 \u043a\u043e\u043b\u0435\u0441\u043e \u0434\u043b\u044f \u0441\u0432\u043e\u0431\u043e\u0434\u043d\u043e\u0433\u043e \u043f\u0440\u043e\u0445\u043e\u0434\u0430 \u0442\u0432\u0435\u0440\u0434\u044b\u0445 \u0447\u0430\u0441\u0442\u0438\u0446 \u0434\u043e 40 \u043c\u043c<\/span><\/li>\n<\/ul>\n","protected":false},"featured_media":12729,"comment_status":"closed","ping_status":"closed","template":"","meta":[],"product_brand":[],"product_cat":[247,257],"product_tag":[],"class_list":{"0":"post-11092","1":"product","2":"type-product","3":"status-publish","4":"has-post-thumbnail","6":"product_cat-247","7":"product_cat-257","9":"first","10":"instock","11":"taxable","12":"shipping-taxable","13":"product-type-simple"},"_links":{"self":[{"href":"https:\/\/hekes.ee\/ru\/wp-json\/wp\/v2\/product\/11092","targetHints":{"allow":["GET"]}}],"collection":[{"href":"https:\/\/hekes.ee\/ru\/wp-json\/wp\/v2\/product"}],"about":[{"href":"https:\/\/hekes.ee\/ru\/wp-json\/wp\/v2\/types\/product"}],"replies":[{"embeddable":true,"href":"https:\/\/hekes.ee\/ru\/wp-json\/wp\/v2\/comments?post=11092"}],"wp:featuredmedia":[{"embeddable":true,"href":"https:\/\/hekes.ee\/ru\/wp-json\/wp\/v2\/media\/12729"}],"wp:attachment":[{"href":"https:\/\/hekes.ee\/ru\/wp-json\/wp\/v2\/media?parent=11092"}],"wp:term":[{"taxonomy":"product_brand","embeddable":true,"href":"https:\/\/hekes.ee\/ru\/wp-json\/wp\/v2\/product_brand?post=11092"},{"taxonomy":"product_cat","embeddable":true,"href":"https:\/\/hekes.ee\/ru\/wp-json\/wp\/v2\/product_cat?post=11092"},{"taxonomy":"product_tag","embeddable":true,"href":"https:\/\/hekes.ee\/ru\/wp-json\/wp\/v2\/product_tag?post=11092"}],"curies":[{"name":"wp","href":"https:\/\/api.w.org\/{rel}","templated":true}]}}