{"id":11074,"date":"2020-01-15T08:14:34","date_gmt":"2020-01-15T08:14:34","guid":{"rendered":"https:\/\/hekes.ee\/toode\/gxs20-gmd20-booster-sets-for-residential-use\/"},"modified":"2024-06-18T10:45:49","modified_gmt":"2024-06-18T10:45:49","slug":"gxs20-gmd20-booster-sets-for-residential-use","status":"publish","type":"product","link":"https:\/\/hekes.ee\/ru\/toode\/gxs20-gmd20-booster-sets-for-residential-use\/","title":{"rendered":"GXS20, GMD20 elamutele"},"content":{"rendered":"<p id=\"tw-target-text\" class=\"tw-data-text tw-text-large tw-ta\" dir=\"ltr\" data-placeholder=\"T\u00f5lge\" aria-label=\"T\u00f5lgitud tekst\" data-ved=\"2ahUKEwjIy6fcx-CFAxULJRAIHffbDAMQ3ewLegQIDxAU\"><span class=\"Y2IQFc\" lang=\"et\">TOOTE OMADUSED<br \/>\n<\/span><\/p>\n<ul>\n<li id=\"tw-target-text\" class=\"tw-data-text tw-text-large tw-ta\" dir=\"ltr\" data-placeholder=\"T\u00f5lge\" aria-label=\"T\u00f5lgitud tekst\" data-ved=\"2ahUKEwjIy6fcx-CFAxULJRAIHffbDAMQ3ewLegQIDxAU\"><span class=\"Y2IQFc\" lang=\"et\">Konstantse kiirusega kahe pumbaga v\u00f5imendikomplektid<br \/>\n<\/span><\/li>\n<li id=\"tw-target-text\" class=\"tw-data-text tw-text-large tw-ta\" dir=\"ltr\" data-placeholder=\"T\u00f5lge\" aria-label=\"T\u00f5lgitud tekst\" data-ved=\"2ahUKEwjIy6fcx-CFAxULJRAIHffbDAMQ3ewLegQIDxAU\"><span class=\"Y2IQFc\" lang=\"et\">Juhitakse r\u00f5huandurite v\u00f5i r\u00f5hul\u00fclititega<br \/>\n<\/span><\/li>\n<li id=\"tw-target-text\" class=\"tw-data-text tw-text-large tw-ta\" dir=\"ltr\" data-placeholder=\"T\u00f5lge\" aria-label=\"T\u00f5lgitud tekst\" data-ved=\"2ahUKEwjIy6fcx-CFAxULJRAIHffbDAMQ3ewLegQIDxAU\"><span class=\"Y2IQFc\" lang=\"et\">Sertifitseeritud kasutamiseks koos joogiveega<br \/>\n<\/span><\/li>\n<li id=\"tw-target-text\" class=\"tw-data-text tw-text-large tw-ta\" dir=\"ltr\" data-placeholder=\"T\u00f5lge\" aria-label=\"T\u00f5lgitud tekst\" data-ved=\"2ahUKEwjIy6fcx-CFAxULJRAIHffbDAMQ3ewLegQIDxAU\"><span class=\"Y2IQFc\" lang=\"et\">T\u00f5stek\u00f5rgus kuni: 62 m\u00b3\/h<br \/>\n<\/span><\/li>\n<li id=\"tw-target-text\" class=\"tw-data-text tw-text-large tw-ta\" dir=\"ltr\" data-placeholder=\"T\u00f5lge\" aria-label=\"T\u00f5lgitud tekst\" data-ved=\"2ahUKEwjIy6fcx-CFAxULJRAIHffbDAMQ3ewLegQIDxAU\"><span class=\"Y2IQFc\" lang=\"et\">T\u00f5stek\u00f5rgus kuni: 160 m<\/span><\/li>\n<\/ul>\n<p id=\"tw-target-text\" class=\"tw-data-text tw-text-large tw-ta\" dir=\"ltr\" data-placeholder=\"T\u00f5lge\" aria-label=\"T\u00f5lgitud tekst\" data-ved=\"2ahUKEwjIy6fcx-CFAxULJRAIHffbDAMQ3ewLegQIDxAU\"><span class=\"Y2IQFc\" lang=\"et\">Kahepumbaline konstantse kiirusega r\u00f5hut\u00f5stekomplekte, mida juhitakse r\u00f5hul\u00fclitite v\u00f5i r\u00f5huandurite abil. GXS20, GMD20 \u00a0on m\u00f5eldud elamute veevarustuseks, kus vajadus on ajas erinev. Valikusse saab paigaldada BG, CEA, e-HM, VM v\u00f5i e-SV seeria pumpasid. GXS20 ja GMD20 koos e-HM, VM v\u00f5i e-SV seeria pumpadega on sertifitseeritud kasutamiseks koos joogiveega vastavalt WRAS, ACS ja D.M. 174.<\/span><\/p>\n<p dir=\"ltr\" data-placeholder=\"T\u00f5lge\" aria-label=\"T\u00f5lgitud tekst\" data-ved=\"2ahUKEwjIy6fcx-CFAxULJRAIHffbDAMQ3ewLegQIDxAU\">Lisainfo: Info@hekes.ee<\/p>\n","protected":false},"excerpt":{"rendered":"<ul>\n<li id=\"tw-target-text\" class=\"tw-data-text tw-text-large tw-ta\" dir=\"ltr\" data-placeholder=\"T\u00f5lge\" aria-label=\"T\u00f5lgitud tekst\" data-ved=\"2ahUKEwjIy6fcx-CFAxULJRAIHffbDAMQ3ewLegQIDxAU\"><span class=\"Y2IQFc\" lang=\"et\">T\u00f5stek\u00f5rgus kuni: 62 m\u00b3\/h<br \/>\n<\/span><\/li>\n<li id=\"tw-target-text\" class=\"tw-data-text tw-text-large tw-ta\" dir=\"ltr\" data-placeholder=\"T\u00f5lge\" aria-label=\"T\u00f5lgitud tekst\" data-ved=\"2ahUKEwjIy6fcx-CFAxULJRAIHffbDAMQ3ewLegQIDxAU\"><span class=\"Y2IQFc\" lang=\"et\">T\u00f5stek\u00f5rgus kuni: 160 m<\/span><\/li>\n<li dir=\"ltr\" data-placeholder=\"T\u00f5lge\" aria-label=\"T\u00f5lgitud tekst\" data-ved=\"2ahUKEwjIy6fcx-CFAxULJRAIHffbDAMQ3ewLegQIDxAU\">Elamutesse<\/li>\n<\/ul>\n","protected":false},"featured_media":7949,"comment_status":"closed","ping_status":"closed","template":"","meta":[],"product_brand":[],"product_cat":[247,249],"product_tag":[],"class_list":{"0":"post-11074","1":"product","2":"type-product","3":"status-publish","4":"has-post-thumbnail","6":"product_cat-247","7":"product_cat-249","9":"first","10":"instock","11":"taxable","12":"shipping-taxable","13":"product-type-simple"},"_links":{"self":[{"href":"https:\/\/hekes.ee\/ru\/wp-json\/wp\/v2\/product\/11074","targetHints":{"allow":["GET"]}}],"collection":[{"href":"https:\/\/hekes.ee\/ru\/wp-json\/wp\/v2\/product"}],"about":[{"href":"https:\/\/hekes.ee\/ru\/wp-json\/wp\/v2\/types\/product"}],"replies":[{"embeddable":true,"href":"https:\/\/hekes.ee\/ru\/wp-json\/wp\/v2\/comments?post=11074"}],"wp:featuredmedia":[{"embeddable":true,"href":"https:\/\/hekes.ee\/ru\/wp-json\/wp\/v2\/media\/7949"}],"wp:attachment":[{"href":"https:\/\/hekes.ee\/ru\/wp-json\/wp\/v2\/media?parent=11074"}],"wp:term":[{"taxonomy":"product_brand","embeddable":true,"href":"https:\/\/hekes.ee\/ru\/wp-json\/wp\/v2\/product_brand?post=11074"},{"taxonomy":"product_cat","embeddable":true,"href":"https:\/\/hekes.ee\/ru\/wp-json\/wp\/v2\/product_cat?post=11074"},{"taxonomy":"product_tag","embeddable":true,"href":"https:\/\/hekes.ee\/ru\/wp-json\/wp\/v2\/product_tag?post=11074"}],"curies":[{"name":"wp","href":"https:\/\/api.w.org\/{rel}","templated":true}]}}