{"id":11054,"date":"2020-01-15T19:16:50","date_gmt":"2020-01-15T19:16:50","guid":{"rendered":"https:\/\/hekes.ee\/toode\/genyo-electric-pump-control-and-protection-system\/"},"modified":"2024-04-27T12:27:34","modified_gmt":"2024-04-27T12:27:34","slug":"genyo-electric-pump-control-and-protection-system","status":"publish","type":"product","link":"https:\/\/hekes.ee\/ru\/toode\/genyo-electric-pump-control-and-protection-system\/","title":{"rendered":"Genyo Electric Pump Control and Protection System"},"content":{"rendered":"<p id=\"tw-target-text\" class=\"tw-data-text tw-text-large tw-ta\" dir=\"ltr\" data-placeholder=\"T\u00f5lge\" aria-label=\"T\u00f5lgitud tekst\" data-ved=\"2ahUKEwjIy6fcx-CFAxULJRAIHffbDAMQ3ewLegQIDxAU\"><span class=\"Y2IQFc\" lang=\"et\">Genyo, uus kompaktsete elektroonikaseadmete sari, r\u00f5hu\/voolu l\u00fclitid elektripumpade juhtimiseks ja kaitseks. Genyot juhib elektrooniline vooluahel ning see koosneb membraanist ja voolu- ja r\u00f5huanduritega integreeritud vastum\u00f5jutavast vedrus\u00fcsteemist. Genyo v\u00f5imaldab pumba k\u00e4ivitamise ja seiskamise automaatset juhtimist tegeliku veevajaduse alusel, v\u00e4ltides r\u00f5huk\u00f5ikumisi konstantse t\u00f6\u00f6punktiga tarnepunktides. Genyo integreerib mitu s\u00fcsteemi juhtelementi \u00fchte seadmesse. Saadaval kahes versioonis: 8A kolme fikseeritud k\u00e4ivitusr\u00f5huga (GENYO 8A) ja 16A automaatse taask\u00e4ivitusega (GENYO 16A).<\/span><\/p>\n<p id=\"tw-target-text\" class=\"tw-data-text tw-text-large tw-ta\" dir=\"ltr\" data-placeholder=\"T\u00f5lge\" aria-label=\"T\u00f5lgitud tekst\" data-ved=\"2ahUKEwjIy6fcx-CFAxULJRAIHffbDAMQ3ewLegQIDxAU\"><span class=\"Y2IQFc\" lang=\"et\"><strong><span style=\"font-size: 110%;\">Tehnilised andmed<\/span><\/strong><br \/>\n<\/span><\/p>\n<ul>\n<li class=\"tw-data-text tw-text-large tw-ta\" dir=\"ltr\" data-placeholder=\"T\u00f5lge\" aria-label=\"T\u00f5lgitud tekst\" data-ved=\"2ahUKEwjIy6fcx-CFAxULJRAIHffbDAMQ3ewLegQIDxAU\"><span class=\"Y2IQFc\" lang=\"et\">Tarne: kuni 10 m\u00b3\/h<br \/>\n<\/span><\/li>\n<li class=\"tw-data-text tw-text-large tw-ta\" dir=\"ltr\" data-placeholder=\"T\u00f5lge\" aria-label=\"T\u00f5lgitud tekst\" data-ved=\"2ahUKEwjIy6fcx-CFAxULJRAIHffbDAMQ3ewLegQIDxAU\"><span class=\"Y2IQFc\" lang=\"et\">Toide: nii \u00fche- kui ka kolmefaasiline 50 ja 60 Hz<br \/>\n<\/span><\/li>\n<li class=\"tw-data-text tw-text-large tw-ta\" dir=\"ltr\" data-placeholder=\"T\u00f5lge\" aria-label=\"T\u00f5lgitud tekst\" data-ved=\"2ahUKEwjIy6fcx-CFAxULJRAIHffbDAMQ3ewLegQIDxAU\"><span class=\"Y2IQFc\" lang=\"et\">V\u00f5imsus: kuni 2,20 kW<br \/>\n<\/span><\/li>\n<li class=\"tw-data-text tw-text-large tw-ta\" dir=\"ltr\" data-placeholder=\"T\u00f5lge\" aria-label=\"T\u00f5lgitud tekst\" data-ved=\"2ahUKEwjIy6fcx-CFAxULJRAIHffbDAMQ3ewLegQIDxAU\"><span class=\"Y2IQFc\" lang=\"et\">Maksimaalne t\u00f6\u00f6r\u00f5hk: 10 baari<br \/>\n<\/span><\/li>\n<li class=\"tw-data-text tw-text-large tw-ta\" dir=\"ltr\" data-placeholder=\"T\u00f5lge\" aria-label=\"T\u00f5lgitud tekst\" data-ved=\"2ahUKEwjIy6fcx-CFAxULJRAIHffbDAMQ3ewLegQIDxAU\"><span class=\"Y2IQFc\" lang=\"et\"><span class=\"Y2IQFc\" lang=\"et\">Pumbatava vedeliku temperatuur: kuni 60 \u00b0C<\/span><\/span><\/li>\n<\/ul>\n<p>Lisainfo: info@hekes.ee<\/p>\n","protected":false},"excerpt":{"rendered":"<ul>\n<li><span class=\"Y2IQFc\" lang=\"et\">Tarne: kuni 10 m\u00b3\/h<\/span><\/li>\n<li><span class=\"Y2IQFc\" lang=\"et\">V\u00f5imsus: kuni 2,20 kW<\/span><\/li>\n<\/ul>\n","protected":false},"featured_media":8489,"comment_status":"closed","ping_status":"closed","template":"","meta":[],"product_brand":[],"product_cat":[247,253,254],"product_tag":[],"class_list":{"0":"post-11054","1":"product","2":"type-product","3":"status-publish","4":"has-post-thumbnail","6":"product_cat-247","7":"product_cat-253","8":"product_cat-254","10":"first","11":"instock","12":"taxable","13":"shipping-taxable","14":"product-type-simple"},"_links":{"self":[{"href":"https:\/\/hekes.ee\/ru\/wp-json\/wp\/v2\/product\/11054","targetHints":{"allow":["GET"]}}],"collection":[{"href":"https:\/\/hekes.ee\/ru\/wp-json\/wp\/v2\/product"}],"about":[{"href":"https:\/\/hekes.ee\/ru\/wp-json\/wp\/v2\/types\/product"}],"replies":[{"embeddable":true,"href":"https:\/\/hekes.ee\/ru\/wp-json\/wp\/v2\/comments?post=11054"}],"wp:featuredmedia":[{"embeddable":true,"href":"https:\/\/hekes.ee\/ru\/wp-json\/wp\/v2\/media\/8489"}],"wp:attachment":[{"href":"https:\/\/hekes.ee\/ru\/wp-json\/wp\/v2\/media?parent=11054"}],"wp:term":[{"taxonomy":"product_brand","embeddable":true,"href":"https:\/\/hekes.ee\/ru\/wp-json\/wp\/v2\/product_brand?post=11054"},{"taxonomy":"product_cat","embeddable":true,"href":"https:\/\/hekes.ee\/ru\/wp-json\/wp\/v2\/product_cat?post=11054"},{"taxonomy":"product_tag","embeddable":true,"href":"https:\/\/hekes.ee\/ru\/wp-json\/wp\/v2\/product_tag?post=11054"}],"curies":[{"name":"wp","href":"https:\/\/api.w.org\/{rel}","templated":true}]}}