{"id":11052,"date":"2020-01-15T19:22:01","date_gmt":"2020-01-15T19:22:01","guid":{"rendered":"https:\/\/hekes.ee\/toode\/q-smart-uhe-faasiline-juhtimiskilp\/"},"modified":"2024-04-27T12:42:15","modified_gmt":"2024-04-27T12:42:15","slug":"q-smart-uhe-faasiline-juhtimiskilp","status":"publish","type":"product","link":"https:\/\/hekes.ee\/ru\/toode\/q-smart-uhe-faasiline-juhtimiskilp\/","title":{"rendered":"Q-smart 10\/20 \u00fche faasiline juhtimiskilp"},"content":{"rendered":"<div class=\"col-sm-8\">\n<div class=\"tab-content\">\n<div id=\"product-tab-overview\" class=\"tab-pane tab-pane-overview active\" role=\"tabpanel\">\n<div id=\"tw-target-text-container\" class=\"tw-ta-container F0azHf tw-nfl\" tabindex=\"0\">\n<p id=\"tw-target-text\" class=\"tw-data-text tw-text-large tw-ta\" dir=\"ltr\" data-placeholder=\"T\u00f5lge\" aria-label=\"T\u00f5lgitud tekst\" data-ved=\"2ahUKEwjIy6fcx-CFAxULJRAIHffbDAMQ3ewLegQIDxAU\"><span class=\"Y2IQFc\" lang=\"et\">TOOTE OMADUSED<br \/>\n<\/span><\/p>\n<ul>\n<li class=\"tw-data-text tw-text-large tw-ta\" dir=\"ltr\" data-placeholder=\"T\u00f5lge\" aria-label=\"T\u00f5lgitud tekst\" data-ved=\"2ahUKEwjIy6fcx-CFAxULJRAIHffbDAMQ3ewLegQIDxAU\"><span class=\"Y2IQFc\" lang=\"et\">Juhib \u00fchte v\u00f5i kahte pumpa<br \/>\n<\/span><\/li>\n<li class=\"tw-data-text tw-text-large tw-ta\" dir=\"ltr\" data-placeholder=\"T\u00f5lge\" aria-label=\"T\u00f5lgitud tekst\" data-ved=\"2ahUKEwjIy6fcx-CFAxULJRAIHffbDAMQ3ewLegQIDxAU\"><span class=\"Y2IQFc\" lang=\"et\">Eelprogrammeeritud paketid lihtsaks paigaldamiseks<br \/>\n<\/span><\/li>\n<li class=\"tw-data-text tw-text-large tw-ta\" dir=\"ltr\" data-placeholder=\"T\u00f5lge\" aria-label=\"T\u00f5lgitud tekst\" data-ved=\"2ahUKEwjIy6fcx-CFAxULJRAIHffbDAMQ3ewLegQIDxAU\"><span class=\"Y2IQFc\" lang=\"et\">Sisseehitatud \u00fclekoormuskaitsel\u00fcliti(d)<br \/>\n<\/span><\/li>\n<li class=\"tw-data-text tw-text-large tw-ta\" dir=\"ltr\" data-placeholder=\"T\u00f5lge\" aria-label=\"T\u00f5lgitud tekst\" data-ved=\"2ahUKEwjIy6fcx-CFAxULJRAIHffbDAMQ3ewLegQIDxAU\"><span class=\"Y2IQFc\" lang=\"et\">V\u00f5imsus kuni 1,5 kW (pumba v\u00e4ljundv\u00f5imsus kuni 12A)<br \/>\n<\/span><\/li>\n<li dir=\"ltr\" data-placeholder=\"T\u00f5lge\" aria-label=\"T\u00f5lgitud tekst\" data-ved=\"2ahUKEwjIy6fcx-CFAxULJRAIHffbDAMQ3ewLegQIDxAU\"><span class=\"Y2IQFc\" lang=\"et\">5 digitaalset ja 1 analoogsisendit<br \/>\n<\/span><\/li>\n<li class=\"tw-data-text tw-text-large tw-ta\" dir=\"ltr\" data-placeholder=\"T\u00f5lge\" aria-label=\"T\u00f5lgitud tekst\" data-ved=\"2ahUKEwjIy6fcx-CFAxULJRAIHffbDAMQ3ewLegQIDxAU\"><span class=\"Y2IQFc\" lang=\"et\">Automaatne testimisfunktsioon<br \/>\n<\/span><\/li>\n<li class=\"tw-data-text tw-text-large tw-ta\" dir=\"ltr\" data-placeholder=\"T\u00f5lge\" aria-label=\"T\u00f5lgitud tekst\" data-ved=\"2ahUKEwjIy6fcx-CFAxULJRAIHffbDAMQ3ewLegQIDxAU\"><span class=\"Y2IQFc\" lang=\"et\">Pumba p\u00f6\u00f6rlemisv\u00f5imalus<br \/>\n<\/span><\/li>\n<li class=\"tw-data-text tw-text-large tw-ta\" dir=\"ltr\" data-placeholder=\"T\u00f5lge\" aria-label=\"T\u00f5lgitud tekst\" data-ved=\"2ahUKEwjIy6fcx-CFAxULJRAIHffbDAMQ3ewLegQIDxAU\"><span class=\"Y2IQFc\" lang=\"et\">Reaalajas kell tundide loendamisega<\/span><\/li>\n<\/ul>\n<p><span class=\"Y2IQFc\" lang=\"et\">Q-Smart \u00fchefaasiline elektrooniline juhtpaneel 1 v\u00f5i 2 fikseeritud kiirusega pumbale. Selles \u00fches tootes on saadaval \u00fcle 50 erineva kombinatsiooni, mida saab kasutada r\u00f5hu t\u00f5stmise v\u00f5i kanalisatsioonirakenduste juhtimiseks.<br \/>\n<\/span><\/p>\n<ul>\n<li><span class=\"Y2IQFc\" lang=\"et\">Q-Smart 10: \u00fche pumba juhtimine<br \/>\n<\/span><\/li>\n<li><span class=\"Y2IQFc\" lang=\"et\">Q-Smart 20: Kahe pumba juhtimine<\/span><\/li>\n<\/ul>\n<p><span class=\"Y2IQFc\" lang=\"et\"><strong><span style=\"font-size: 110%;\">Tehnilised andmed<\/span><\/strong><br \/>\n<\/span><\/p>\n<ul>\n<li class=\"tw-data-text tw-text-large tw-ta\" dir=\"ltr\" data-placeholder=\"T\u00f5lge\" aria-label=\"T\u00f5lgitud tekst\" data-ved=\"2ahUKEwjIy6fcx-CFAxULJRAIHffbDAMQ3ewLegQIDxAU\"><span class=\"Y2IQFc\" lang=\"et\">Sisseehitatud \u00fclekoormuskaitsel\u00fcliti(d)<br \/>\n<\/span><\/li>\n<li class=\"tw-data-text tw-text-large tw-ta\" dir=\"ltr\" data-placeholder=\"T\u00f5lge\" aria-label=\"T\u00f5lgitud tekst\" data-ved=\"2ahUKEwjIy6fcx-CFAxULJRAIHffbDAMQ3ewLegQIDxAU\"><span class=\"Y2IQFc\" lang=\"et\">V\u00f5imsus kuni 1,5 kW (pumba v\u00e4ljundv\u00f5imsus kuni 12A)<br \/>\n<\/span><\/li>\n<li class=\"tw-data-text tw-text-large tw-ta\" dir=\"ltr\" data-placeholder=\"T\u00f5lge\" aria-label=\"T\u00f5lgitud tekst\" data-ved=\"2ahUKEwjIy6fcx-CFAxULJRAIHffbDAMQ3ewLegQIDxAU\"><span class=\"Y2IQFc\" lang=\"et\">4 Nuppude klahvistik<br \/>\n<\/span><\/li>\n<li class=\"tw-data-text tw-text-large tw-ta\" dir=\"ltr\" data-placeholder=\"T\u00f5lge\" aria-label=\"T\u00f5lgitud tekst\" data-ved=\"2ahUKEwjIy6fcx-CFAxULJRAIHffbDAMQ3ewLegQIDxAU\"><span class=\"Y2IQFc\" lang=\"et\">Automaatne testimisfunktsioon<br \/>\n<\/span><\/li>\n<li class=\"tw-data-text tw-text-large tw-ta\" dir=\"ltr\" data-placeholder=\"T\u00f5lge\" aria-label=\"T\u00f5lgitud tekst\" data-ved=\"2ahUKEwjIy6fcx-CFAxULJRAIHffbDAMQ3ewLegQIDxAU\"><span class=\"Y2IQFc\" lang=\"et\">Pumba p\u00f6\u00f6rlemisv\u00f5imalus<br \/>\n<\/span><\/li>\n<li class=\"tw-data-text tw-text-large tw-ta\" dir=\"ltr\" data-placeholder=\"T\u00f5lge\" aria-label=\"T\u00f5lgitud tekst\" data-ved=\"2ahUKEwjIy6fcx-CFAxULJRAIHffbDAMQ3ewLegQIDxAU\"><span class=\"Y2IQFc\" lang=\"et\">Reaalajas kell tundide loendamisega<\/span><\/li>\n<\/ul>\n<\/div>\n<\/div>\n<\/div>\n<\/div>\n","protected":false},"excerpt":{"rendered":"<ul>\n<li><span class=\"Y2IQFc\" lang=\"et\">V\u00f5imsus kuni 1,5 kW<\/span><\/li>\n<li><span class=\"Y2IQFc\" lang=\"et\">Juhib \u00fchte v\u00f5i kahte pumpa<\/span><\/li>\n<\/ul>\n","protected":false},"featured_media":8495,"comment_status":"closed","ping_status":"closed","template":"","meta":[],"product_brand":[],"product_cat":[247,254,259],"product_tag":[],"class_list":{"0":"post-11052","1":"product","2":"type-product","3":"status-publish","4":"has-post-thumbnail","6":"product_cat-247","7":"product_cat-254","8":"product_cat-259","10":"first","11":"instock","12":"taxable","13":"shipping-taxable","14":"product-type-simple"},"_links":{"self":[{"href":"https:\/\/hekes.ee\/ru\/wp-json\/wp\/v2\/product\/11052","targetHints":{"allow":["GET"]}}],"collection":[{"href":"https:\/\/hekes.ee\/ru\/wp-json\/wp\/v2\/product"}],"about":[{"href":"https:\/\/hekes.ee\/ru\/wp-json\/wp\/v2\/types\/product"}],"replies":[{"embeddable":true,"href":"https:\/\/hekes.ee\/ru\/wp-json\/wp\/v2\/comments?post=11052"}],"wp:featuredmedia":[{"embeddable":true,"href":"https:\/\/hekes.ee\/ru\/wp-json\/wp\/v2\/media\/8495"}],"wp:attachment":[{"href":"https:\/\/hekes.ee\/ru\/wp-json\/wp\/v2\/media?parent=11052"}],"wp:term":[{"taxonomy":"product_brand","embeddable":true,"href":"https:\/\/hekes.ee\/ru\/wp-json\/wp\/v2\/product_brand?post=11052"},{"taxonomy":"product_cat","embeddable":true,"href":"https:\/\/hekes.ee\/ru\/wp-json\/wp\/v2\/product_cat?post=11052"},{"taxonomy":"product_tag","embeddable":true,"href":"https:\/\/hekes.ee\/ru\/wp-json\/wp\/v2\/product_tag?post=11052"}],"curies":[{"name":"wp","href":"https:\/\/api.w.org\/{rel}","templated":true}]}}