{"id":10996,"date":"2020-01-21T13:53:24","date_gmt":"2020-01-21T13:53:24","guid":{"rendered":"https:\/\/hekes.ee\/toode\/flygt-2071\/"},"modified":"2020-01-21T13:53:24","modified_gmt":"2020-01-21T13:53:24","slug":"flygt-2071","status":"publish","type":"product","link":"https:\/\/hekes.ee\/ru\/toode\/flygt-2071\/","title":{"rendered":"Flygt 2071"},"content":{"rendered":"<div class=\"product-features body-copy p-v-20 p-h-20\">\n<h4 id=\"tw-target-text\" class=\"tw-data-text tw-text-large XcVN5d tw-ta\" dir=\"ltr\" data-placeholder=\"T\u00f5lge\"><span lang=\"et\">TOOTE OMADUSED <\/span><\/h4>\n<p class=\"tw-data-text tw-text-large XcVN5d tw-ta\" dir=\"ltr\" data-placeholder=\"T\u00f5lge\"><span lang=\"et\">Poly-Life\u00ae pol\u00fcuretaanist kuluvad osad tagavad t\u00e4iendava kulumiskindluse<br \/>\n<\/span><\/p>\n<ul>\n<li class=\"tw-data-text tw-text-large XcVN5d tw-ta\" dir=\"ltr\" data-placeholder=\"T\u00f5lge\"><span lang=\"et\">Sobib kitsastesse kohtadesse, 185 mm laiune, 8 toru jaoks<br \/>\n<\/span><\/li>\n<li class=\"tw-data-text tw-text-large XcVN5d tw-ta\" dir=\"ltr\" data-placeholder=\"T\u00f5lge\"><span lang=\"et\">Kaheastmeline h\u00fcdrauliline ots k\u00f5rge peaga ja \u00f5hukese disaini jaoks<br \/>\n<\/span><\/li>\n<li class=\"tw-data-text tw-text-large XcVN5d tw-ta\" dir=\"ltr\" data-placeholder=\"T\u00f5lge\"><span lang=\"et\">Sobib aktiivseks t\u00fchjendamiseks.<br \/>\n<\/span><\/li>\n<li class=\"tw-data-text tw-text-large XcVN5d tw-ta\" dir=\"ltr\" data-placeholder=\"T\u00f5lge\"><span lang=\"et\"><span lang=\"et\">Tugev t\u00fcjenduspump<\/span><\/span><\/li>\n<\/ul>\n<p class=\"tw-data-text tw-text-large XcVN5d tw-ta\" dir=\"ltr\" data-placeholder=\"T\u00f5lge\"><span lang=\"et\">Flygt 2071 on m\u00f5eldud rasketes t\u00f6\u00f6tingimustes, kus vesi v\u00f5i vedelik sisaldab kivipuru, puurimis-sodi v\u00f5i j\u00e4\u00e4ke. Pumba lisakindluse tagamiseks on saadaval Poly-Life\u00ae pol\u00fcuretaanist kuluvad osad.<\/span><\/p>\n<p>Poolavatud tiivik on valmistatud k\u00f5rgest kroomist, et see toimiks probleemideta ja ummistuseta. MT-versioonil on kaheastmeline h\u00fcdrauliline ots \u00f5hukese disainiga suure t\u00f5stek\u00f5rguse saavutamiseks.<\/p>\n<p class=\"tw-data-text tw-text-large XcVN5d tw-ta\" dir=\"ltr\" data-placeholder=\"T\u00f5lge\"><span lang=\"et\">Slimline drenaa\u017eipump kitsastes ruumides. Need kerged alumiiniumpumbad sobivad ideaalselt aktiivseteks t\u00fchjendamisprojektideks. Vaid 185 mm l\u00e4bim\u00f5\u00f5duga Flygt 2071 kompaktne disain muudab nende mahtuvuse h\u00f5lpsasti torudesse v\u00f5i muudesse kinnistesse ruumidesse.<\/span><\/p>\n<p>&nbsp;<\/p>\n<\/div>\n<p>&nbsp;<\/p>\n<p>&nbsp;<\/p>\n","protected":false},"excerpt":{"rendered":"<ul>\n<li><span style=\"font-size: 110%;\">\u00a03~ \/ 3.0 kW \/\u00a02800 rpm<\/span><\/li>\n<\/ul>\n","protected":false},"featured_media":9124,"comment_status":"closed","ping_status":"closed","template":"","meta":[],"product_brand":[],"product_cat":[299],"product_tag":[],"class_list":{"0":"post-10996","1":"product","2":"type-product","3":"status-publish","4":"has-post-thumbnail","6":"product_cat-2000-seeria-ru","8":"first","9":"instock","10":"taxable","11":"shipping-taxable","12":"product-type-simple"},"_links":{"self":[{"href":"https:\/\/hekes.ee\/ru\/wp-json\/wp\/v2\/product\/10996","targetHints":{"allow":["GET"]}}],"collection":[{"href":"https:\/\/hekes.ee\/ru\/wp-json\/wp\/v2\/product"}],"about":[{"href":"https:\/\/hekes.ee\/ru\/wp-json\/wp\/v2\/types\/product"}],"replies":[{"embeddable":true,"href":"https:\/\/hekes.ee\/ru\/wp-json\/wp\/v2\/comments?post=10996"}],"wp:featuredmedia":[{"embeddable":true,"href":"https:\/\/hekes.ee\/ru\/wp-json\/wp\/v2\/media\/9124"}],"wp:attachment":[{"href":"https:\/\/hekes.ee\/ru\/wp-json\/wp\/v2\/media?parent=10996"}],"wp:term":[{"taxonomy":"product_brand","embeddable":true,"href":"https:\/\/hekes.ee\/ru\/wp-json\/wp\/v2\/product_brand?post=10996"},{"taxonomy":"product_cat","embeddable":true,"href":"https:\/\/hekes.ee\/ru\/wp-json\/wp\/v2\/product_cat?post=10996"},{"taxonomy":"product_tag","embeddable":true,"href":"https:\/\/hekes.ee\/ru\/wp-json\/wp\/v2\/product_tag?post=10996"}],"curies":[{"name":"wp","href":"https:\/\/api.w.org\/{rel}","templated":true}]}}