{"id":10995,"date":"2020-01-21T14:00:17","date_gmt":"2020-01-21T14:00:17","guid":{"rendered":"https:\/\/hekes.ee\/toode\/flygt-2075\/"},"modified":"2020-01-21T14:00:17","modified_gmt":"2020-01-21T14:00:17","slug":"flygt-2075","status":"publish","type":"product","link":"https:\/\/hekes.ee\/ru\/toode\/flygt-2075\/","title":{"rendered":"Flygt 2075"},"content":{"rendered":"<div class=\"product-features body-copy p-v-20 p-h-20\">\n<p id=\"tw-target-text\" class=\"tw-data-text tw-text-large XcVN5d tw-ta\" dir=\"ltr\" data-placeholder=\"T\u00f5lge\"><span lang=\"et\">TOOTE OMADUSED <\/span><\/p>\n<ul>\n<li><span lang=\"et\">Valdkonnas juhtiv h\u00fcdrauliline disain<br \/>\n<\/span><\/li>\n<li><span lang=\"et\">Malmist korpus<br \/>\n<\/span><\/li>\n<li><span lang=\"et\"><span lang=\"et\">K\u00f5rge kroomiga pooleldi avatud tiivik<\/span><\/span><\/li>\n<\/ul>\n<h4><strong><span lang=\"et\">Traditsiooniline malmist drenaa\u017eipump lisab vastupidavust<\/span><\/strong><\/h4>\n<p><span lang=\"et\"> Flygt 2075 pump kasutab maailmakuulsa BIBO platvormi usaldusv\u00e4\u00e4rset disaini. Flygti BIBO pumbasari on enam kui 70-aastase kogemusega t\u00fchjenduspumpade projekteerimisel, maailma k\u00f5ige n\u00f5udlikumate rakenduste jaoks, et see vastaks ka k\u00f5ige raskematele tingimustele.<br \/>\n<\/span><\/p>\n<p><span lang=\"et\">Flygti BIBO seeria pumbad on oma valdkonnas juhtiva h\u00fcdraulilise konstruktsiooniga on Flygti pumbad v\u00f5rreldes tavap\u00e4raste t\u00fchjendamispumpadega mitu korda kulumiskindlamad. Seet\u00f5ttu on malmist Flygt 2075 usaldusv\u00e4\u00e4rne ja ideaalne kasutamiseks veega, mis sisaldab k\u00f5rget kloriidisisaldust tavaliselt s\u00f6\u00f6vitavas keskkonnas, n\u00e4iteks s\u00f6ekaevandustes.<\/span><\/p>\n<\/div>\n","protected":false},"excerpt":{"rendered":"<ul>\n<li><span style=\"font-size: 110%;\">3~ \/ 3.7 kW \/ 2800 rpm<\/span><\/li>\n<li><span style=\"font-size: 110%;\">3~ \/ 5.5 kW \/\u00a02800 rpm<\/span><\/li>\n<\/ul>\n","protected":false},"featured_media":9130,"comment_status":"closed","ping_status":"closed","template":"","meta":[],"product_brand":[],"product_cat":[299],"product_tag":[],"class_list":{"0":"post-10995","1":"product","2":"type-product","3":"status-publish","4":"has-post-thumbnail","6":"product_cat-2000-seeria-ru","8":"first","9":"instock","10":"taxable","11":"shipping-taxable","12":"product-type-simple"},"_links":{"self":[{"href":"https:\/\/hekes.ee\/ru\/wp-json\/wp\/v2\/product\/10995","targetHints":{"allow":["GET"]}}],"collection":[{"href":"https:\/\/hekes.ee\/ru\/wp-json\/wp\/v2\/product"}],"about":[{"href":"https:\/\/hekes.ee\/ru\/wp-json\/wp\/v2\/types\/product"}],"replies":[{"embeddable":true,"href":"https:\/\/hekes.ee\/ru\/wp-json\/wp\/v2\/comments?post=10995"}],"wp:featuredmedia":[{"embeddable":true,"href":"https:\/\/hekes.ee\/ru\/wp-json\/wp\/v2\/media\/9130"}],"wp:attachment":[{"href":"https:\/\/hekes.ee\/ru\/wp-json\/wp\/v2\/media?parent=10995"}],"wp:term":[{"taxonomy":"product_brand","embeddable":true,"href":"https:\/\/hekes.ee\/ru\/wp-json\/wp\/v2\/product_brand?post=10995"},{"taxonomy":"product_cat","embeddable":true,"href":"https:\/\/hekes.ee\/ru\/wp-json\/wp\/v2\/product_cat?post=10995"},{"taxonomy":"product_tag","embeddable":true,"href":"https:\/\/hekes.ee\/ru\/wp-json\/wp\/v2\/product_tag?post=10995"}],"curies":[{"name":"wp","href":"https:\/\/api.w.org\/{rel}","templated":true}]}}