{"id":10994,"date":"2020-01-21T14:03:36","date_gmt":"2020-01-21T14:03:36","guid":{"rendered":"https:\/\/hekes.ee\/toode\/flygt-2125\/"},"modified":"2020-01-21T14:03:36","modified_gmt":"2020-01-21T14:03:36","slug":"flygt-2125","status":"publish","type":"product","link":"https:\/\/hekes.ee\/ru\/toode\/flygt-2125\/","title":{"rendered":"Flygt 2125"},"content":{"rendered":"<div class=\"product-features body-copy p-v-20 p-h-20\">\n<p id=\"tw-target-text\" class=\"tw-data-text tw-text-large XcVN5d tw-ta\" dir=\"ltr\" data-placeholder=\"T\u00f5lge\"><span lang=\"et\">TOOTE OMADUSED<br \/>\n<\/span><\/p>\n<ul>\n<li class=\"tw-data-text tw-text-large XcVN5d tw-ta\" dir=\"ltr\" data-placeholder=\"T\u00f5lge\"><span lang=\"et\">T\u00f6\u00f6ratas Hard-Iron &#x2122; (60 HRC)<br \/>\n<\/span><\/li>\n<li class=\"tw-data-text tw-text-large XcVN5d tw-ta\" dir=\"ltr\" data-placeholder=\"T\u00f5lge\"><span lang=\"et\">Flygti Spin-Out &#x2122; v\u00e4limine tihendikaitse<br \/>\n<\/span><\/li>\n<li class=\"tw-data-text tw-text-large XcVN5d tw-ta\" dir=\"ltr\" data-placeholder=\"T\u00f5lge\"><span lang=\"et\">Alumiiniumkonstruktsioon<br \/>\n<\/span><\/li>\n<li class=\"tw-data-text tw-text-large XcVN5d tw-ta\" dir=\"ltr\" data-placeholder=\"T\u00f5lge\"><span lang=\"et\">Poly-Life\u00ae pol\u00fcuretaanist kuluvad osad lisavad vastupidavust<br \/>\n<\/span><\/li>\n<li class=\"tw-data-text tw-text-large XcVN5d tw-ta\" dir=\"ltr\" data-placeholder=\"T\u00f5lge\"><span lang=\"et\">Kaheastmeline h\u00fcdrauliline disain k\u00f5rge t\u00f5stek\u00f5rguse jaoks<\/span><\/li>\n<\/ul>\n<\/div>\n<div class=\"product-description body-copy\">\n<h4 id=\"tw-target-text\" class=\"tw-data-text tw-text-large XcVN5d tw-ta\" dir=\"ltr\" data-placeholder=\"T\u00f5lge\"><span lang=\"et\">T\u00f5estatud kaevandus- ja ehitust\u00f6\u00f6stusele <\/span><\/h4>\n<p class=\"tw-data-text tw-text-large XcVN5d tw-ta\" dir=\"ltr\" data-placeholder=\"T\u00f5lge\"><span lang=\"et\">Flygt 2125 pump kasutab maailmakuulsat BIBO pumpa ja on aastak\u00fcmneid teeninud m\u00e4et\u00f6\u00f6stust. See on vastupidav ja usaldusv\u00e4\u00e4rne kaheetapilise h\u00fcdraulikaga pump k\u00f5rgemate t\u00f5stek\u00f5rgustele pumpamiseks. <\/span><\/p>\n<p class=\"tw-data-text tw-text-large XcVN5d tw-ta\" dir=\"ltr\" data-placeholder=\"T\u00f5lge\"><span lang=\"et\">Spetsiaalselt loodud poolavatud Hard-Iron &#x2122; tiivikud (60 HRC) tagavad parima kulumiskindluse ja ummistumiskindluse. Flygti Spin-Out &#x2122; konstruktsiooniga h\u00fcdros\u00fcsteem v\u00e4hendab abrasiivide hulka tihendi\u00f5\u00f5nes, kasutades traditsioonilisi volframkarbiidist topeltmehaanilisi tihendeid. Need funktsioonid annavad teile pumba, mille saate paigutada oma kogumisse ja v\u00e4he muretsemist nende p\u00e4rast.<\/span><\/p>\n<\/div>\n","protected":false},"excerpt":{"rendered":"<ul>\n<li><span style=\"font-size: 110%;\">3~ \/ 8.0 kW \/\u00a02800 rpm<\/span><\/li>\n<\/ul>\n","protected":false},"featured_media":9139,"comment_status":"closed","ping_status":"closed","template":"","meta":[],"product_brand":[],"product_cat":[299],"product_tag":[],"class_list":{"0":"post-10994","1":"product","2":"type-product","3":"status-publish","4":"has-post-thumbnail","6":"product_cat-2000-seeria-ru","8":"first","9":"instock","10":"taxable","11":"shipping-taxable","12":"product-type-simple"},"_links":{"self":[{"href":"https:\/\/hekes.ee\/ru\/wp-json\/wp\/v2\/product\/10994","targetHints":{"allow":["GET"]}}],"collection":[{"href":"https:\/\/hekes.ee\/ru\/wp-json\/wp\/v2\/product"}],"about":[{"href":"https:\/\/hekes.ee\/ru\/wp-json\/wp\/v2\/types\/product"}],"replies":[{"embeddable":true,"href":"https:\/\/hekes.ee\/ru\/wp-json\/wp\/v2\/comments?post=10994"}],"wp:featuredmedia":[{"embeddable":true,"href":"https:\/\/hekes.ee\/ru\/wp-json\/wp\/v2\/media\/9139"}],"wp:attachment":[{"href":"https:\/\/hekes.ee\/ru\/wp-json\/wp\/v2\/media?parent=10994"}],"wp:term":[{"taxonomy":"product_brand","embeddable":true,"href":"https:\/\/hekes.ee\/ru\/wp-json\/wp\/v2\/product_brand?post=10994"},{"taxonomy":"product_cat","embeddable":true,"href":"https:\/\/hekes.ee\/ru\/wp-json\/wp\/v2\/product_cat?post=10994"},{"taxonomy":"product_tag","embeddable":true,"href":"https:\/\/hekes.ee\/ru\/wp-json\/wp\/v2\/product_tag?post=10994"}],"curies":[{"name":"wp","href":"https:\/\/api.w.org\/{rel}","templated":true}]}}