{"id":10993,"date":"2020-01-21T14:07:05","date_gmt":"2020-01-21T14:07:05","guid":{"rendered":"https:\/\/hekes.ee\/toode\/flygt-2125-malmist\/"},"modified":"2020-01-21T14:07:05","modified_gmt":"2020-01-21T14:07:05","slug":"flygt-2125-malmist","status":"publish","type":"product","link":"https:\/\/hekes.ee\/ru\/toode\/flygt-2125-malmist\/","title":{"rendered":"Flygt 2125 Malmist"},"content":{"rendered":"<div class=\"product-features body-copy p-v-20 p-h-20\">\n<p id=\"tw-target-text\" class=\"tw-data-text tw-text-large XcVN5d tw-ta\" dir=\"ltr\" data-placeholder=\"T\u00f5lge\"><span lang=\"et\">TOOTE OMADUSED<br \/>\n<\/span><\/p>\n<ul>\n<li class=\"tw-data-text tw-text-large XcVN5d tw-ta\" dir=\"ltr\" data-placeholder=\"T\u00f5lge\"><span lang=\"et\">Suurep\u00e4rane kulumiskindlus<br \/>\n<\/span><\/li>\n<li class=\"tw-data-text tw-text-large XcVN5d tw-ta\" dir=\"ltr\" data-placeholder=\"T\u00f5lge\"><span lang=\"et\">Malmist versioon kasutamiseks keemiliselt agressiivsetes rakendustes ja merevees (kasutada tuleb tsingianoode)<br \/>\n<\/span><\/li>\n<li class=\"tw-data-text tw-text-large XcVN5d tw-ta\" dir=\"ltr\" data-placeholder=\"T\u00f5lge\"><span lang=\"et\">Saadaval on plahvatuskindlad versioonid<\/span><\/li>\n<\/ul>\n<\/div>\n<div class=\"product-description body-copy\">\n<h4 id=\"tw-target-text\" class=\"tw-data-text tw-text-large XcVN5d tw-ta\" dir=\"ltr\" data-placeholder=\"T\u00f5lge\"><span lang=\"et\">Usaldusv\u00e4\u00e4rne pumpamisv\u00f5imsus aastak\u00fcmneid<br \/>\n<\/span><\/h4>\n<p class=\"tw-data-text tw-text-large XcVN5d tw-ta\" dir=\"ltr\" data-placeholder=\"T\u00f5lge\"><span lang=\"et\">Flygt 2000 pumpade perekond on eksisteerinud aastak\u00fcmneid ning usaldusv\u00e4\u00e4rsuse ja mitmek\u00fclgsuse maine l\u00f5i just sellised pumbad nagu 2125. Kestvaks ehitatud ja optimeeritud geomeetriaga varustatud 2125 on vastupidav disain, mis suudab toime tulla peaaegu k\u00f5igega, mida sinna visatakse.<br \/>\n<\/span><\/p>\n<h4 class=\"tw-data-text tw-text-large XcVN5d tw-ta\" dir=\"ltr\" data-placeholder=\"T\u00f5lge\"><span lang=\"et\">Rakenduste mitmek\u00fclgsus<br \/>\n<\/span><\/h4>\n<p class=\"tw-data-text tw-text-large XcVN5d tw-ta\" dir=\"ltr\" data-placeholder=\"T\u00f5lge\"><span lang=\"et\">\u00c4\u00e4rmuslikes tingimustes on Xylemil lahendus. 2125 on saadaval ka plahvatuskindlas versioonis.<\/span><\/p>\n<\/div>\n","protected":false},"excerpt":{"rendered":"<ul>\n<li><span style=\"font-size: 110%;\">3~ \/ 8.0 kW \/ 2885 rpm<\/span><\/li>\n<li><span style=\"font-size: 110%;\">3~ \/ 9.7 kW \/ 2915 rpm<\/span><\/li>\n<\/ul>\n","protected":false},"featured_media":9148,"comment_status":"closed","ping_status":"closed","template":"","meta":[],"product_brand":[],"product_cat":[299],"product_tag":[],"class_list":{"0":"post-10993","1":"product","2":"type-product","3":"status-publish","4":"has-post-thumbnail","6":"product_cat-2000-seeria-ru","8":"first","9":"instock","10":"taxable","11":"shipping-taxable","12":"product-type-simple"},"_links":{"self":[{"href":"https:\/\/hekes.ee\/ru\/wp-json\/wp\/v2\/product\/10993","targetHints":{"allow":["GET"]}}],"collection":[{"href":"https:\/\/hekes.ee\/ru\/wp-json\/wp\/v2\/product"}],"about":[{"href":"https:\/\/hekes.ee\/ru\/wp-json\/wp\/v2\/types\/product"}],"replies":[{"embeddable":true,"href":"https:\/\/hekes.ee\/ru\/wp-json\/wp\/v2\/comments?post=10993"}],"wp:featuredmedia":[{"embeddable":true,"href":"https:\/\/hekes.ee\/ru\/wp-json\/wp\/v2\/media\/9148"}],"wp:attachment":[{"href":"https:\/\/hekes.ee\/ru\/wp-json\/wp\/v2\/media?parent=10993"}],"wp:term":[{"taxonomy":"product_brand","embeddable":true,"href":"https:\/\/hekes.ee\/ru\/wp-json\/wp\/v2\/product_brand?post=10993"},{"taxonomy":"product_cat","embeddable":true,"href":"https:\/\/hekes.ee\/ru\/wp-json\/wp\/v2\/product_cat?post=10993"},{"taxonomy":"product_tag","embeddable":true,"href":"https:\/\/hekes.ee\/ru\/wp-json\/wp\/v2\/product_tag?post=10993"}],"curies":[{"name":"wp","href":"https:\/\/api.w.org\/{rel}","templated":true}]}}