{"id":10992,"date":"2020-01-21T14:19:04","date_gmt":"2020-01-21T14:19:04","guid":{"rendered":"https:\/\/hekes.ee\/toode\/flygt-2201\/"},"modified":"2024-04-29T15:15:19","modified_gmt":"2024-04-29T15:15:19","slug":"flygt-2201","status":"publish","type":"product","link":"https:\/\/hekes.ee\/ru\/toode\/flygt-2201\/","title":{"rendered":"Flygt 2201"},"content":{"rendered":"<div class=\"product-features body-copy p-v-20 p-h-20\">\n<table width=\"420\">\n<tbody>\n<tr>\n<td width=\"109\">2201.692<\/td>\n<td width=\"103\">2201.321<\/td>\n<td width=\"101\">2201.012<\/td>\n<td width=\"107\">2201.020<\/td>\n<\/tr>\n<tr>\n<td>37 kW<\/td>\n<td>37 kW<\/td>\n<td>37 kW<\/td>\n<td>30 kW<\/td>\n<\/tr>\n<tr>\n<td>2940 rpm<\/td>\n<td>2940 rpm<\/td>\n<td>2945 rpm<\/td>\n<td>1465 rpm<\/td>\n<\/tr>\n<tr>\n<td>4&#8243;\/6&#8243;\/8&#8243;<\/td>\n<td>4&#8243;\/6&#8243;\/8&#8243;<\/td>\n<td>4&#8243;\/6&#8243;\/8&#8243;<\/td>\n<td>8&#8243;<\/td>\n<\/tr>\n<tr>\n<td>pH 6-11<\/td>\n<td>pH 6-11<\/td>\n<td>pH 5-8<\/td>\n<td>pH 5-8<\/td>\n<\/tr>\n<\/tbody>\n<\/table>\n<p id=\"tw-target-text\" class=\"tw-data-text tw-text-large XcVN5d tw-ta\" dir=\"ltr\" data-placeholder=\"T\u00f5lge\"><span lang=\"et\">TOOTE OMADUSED<br \/>\n<\/span><\/p>\n<ul>\n<li class=\"tw-data-text tw-text-large XcVN5d tw-ta\" dir=\"ltr\" data-placeholder=\"T\u00f5lge\"><span lang=\"et\">Materjaliversioonide hulka kuuluvad alumiinium, malm v\u00f5i roostevaba teras<br \/>\n<\/span><\/li>\n<li class=\"tw-data-text tw-text-large XcVN5d tw-ta\" dir=\"ltr\" data-placeholder=\"T\u00f5lge\"><span lang=\"et\">R\u00f5huomadused: LT, MT-V, MT-H, HT, SH<br \/>\n<\/span><\/li>\n<li class=\"tw-data-text tw-text-large XcVN5d tw-ta\" dir=\"ltr\" data-placeholder=\"T\u00f5lge\"><span lang=\"et\">T\u00f6\u00f6ratas &#8212; pooleldi avatud v\u00f5i suletud<br \/>\n<\/span><\/li>\n<li class=\"tw-data-text tw-text-large XcVN5d tw-ta\" dir=\"ltr\" data-placeholder=\"T\u00f5lge\"><span lang=\"et\">Duraspin<br \/>\n<\/span><\/li>\n<li class=\"tw-data-text tw-text-large XcVN5d tw-ta\" dir=\"ltr\" data-placeholder=\"T\u00f5lge\"><span lang=\"et\">Trim screw<\/span><\/li>\n<li class=\"tw-data-text tw-text-large XcVN5d tw-ta\" dir=\"ltr\" data-placeholder=\"T\u00f5lge\"><span lang=\"et\">Spin out<br \/>\n<\/span><\/li>\n<li class=\"tw-data-text tw-text-large XcVN5d tw-ta\" dir=\"ltr\" data-placeholder=\"T\u00f5lge\"><span lang=\"et\">Materjali, nitriili v\u00f5i pol\u00fcuretaani<br \/>\n<\/span><\/li>\n<li class=\"tw-data-text tw-text-large XcVN5d tw-ta\" dir=\"ltr\" data-placeholder=\"T\u00f5lge\"><span lang=\"et\">SH-versioon Dualstage<\/span><\/li>\n<\/ul>\n<\/div>\n<div class=\"product-description body-copy\">\n<h4 id=\"tw-target-text\" class=\"tw-data-text tw-text-large XcVN5d tw-ta\" dir=\"ltr\" data-placeholder=\"T\u00f5lge\"><span lang=\"et\">T\u00f5estatud drenaa\u017eipump kaevandust\u00f6\u00f6stusele<br \/>\n<\/span><\/h4>\n<p class=\"tw-data-text tw-text-large XcVN5d tw-ta\" dir=\"ltr\" data-placeholder=\"T\u00f5lge\"><span lang=\"et\">Flygt 2201 pump kasutab maailmakuulsat BIBO pumba disaini ja on aastak\u00fcmneid teeninud m\u00e4et\u00f6\u00f6stust. See on vastupidav ja usaldusv\u00e4\u00e4rne pump.<br \/>\n<\/span><\/p>\n<h4 class=\"tw-data-text tw-text-large XcVN5d tw-ta\" dir=\"ltr\" data-placeholder=\"T\u00f5lge\"><span lang=\"et\">Kulumiskindlus<br \/>\n<\/span><\/h4>\n<p class=\"tw-data-text tw-text-large XcVN5d tw-ta\" dir=\"ltr\" data-placeholder=\"T\u00f5lge\"><span lang=\"et\">Spetsiaalselt loodud poolavatud Hard-Iron \u2122 tiivikud v\u00f5i Dura Spin tiivikutega suletud tiivikud (60 HRC) pakuvad parimat ummistumise ja kulumiskindluse kombinatsiooni. Flygti Spin-Out \u2122 konstruktsiooniga h\u00fcdros\u00fcsteem v\u00e4hendab abrasiivide hulka tihendi\u00f5\u00f5nes, kasutades traditsioonilisi volframkarbiidist topeltmehaanilisi tihendeid.<br \/>\n<\/span><\/p>\n<h4 class=\"tw-data-text tw-text-large XcVN5d tw-ta\" dir=\"ltr\" data-placeholder=\"T\u00f5lge\"><span lang=\"et\">Parem teenus<br \/>\n<\/span><\/h4>\n<p class=\"tw-data-text tw-text-large XcVN5d tw-ta\" dir=\"ltr\" data-placeholder=\"T\u00f5lge\"><span lang=\"et\">Kooniline v\u00f5lli sisekruvi koos Dura Spin tiivikute ja t\u00e4iustatud kaabli sissep\u00e4\u00e4suga lihtsutab hooldust ja pikendab pumba eluiga.<br \/>\n<\/span><\/p>\n<h4 class=\"tw-data-text tw-text-large XcVN5d tw-ta\" dir=\"ltr\" data-placeholder=\"T\u00f5lge\"><span lang=\"et\">Alumiinium<br \/>\n<\/span><\/h4>\n<p class=\"tw-data-text tw-text-large XcVN5d tw-ta\" dir=\"ltr\" data-placeholder=\"T\u00f5lge\"><span lang=\"et\">Ikka \u00e4\u00e4rmiselt vastupidavad ja t\u00f6\u00f6kindlad alumiiniumist kerged pumbad valmistati h\u00f5lpsaks k\u00e4sitsemiseks ja liikuvuseks. Piisavalt tugev abrasiivsete vedelikega n\u00f5udlike kaevandamisrakenduste k\u00e4sitsemiseks.<br \/>\n<\/span><\/p>\n<h4 class=\"tw-data-text tw-text-large XcVN5d tw-ta\" dir=\"ltr\" data-placeholder=\"T\u00f5lge\"><span lang=\"et\">Malm<br \/>\n<\/span><\/h4>\n<p class=\"tw-data-text tw-text-large XcVN5d tw-ta\" dir=\"ltr\" data-placeholder=\"T\u00f5lge\"><span lang=\"et\">Malmist valmistatud eriti tugevad ja t\u00f6\u00f6kindlad pumbad; piisavalt sitke nii abrasiividega t\u00e4idetud vedelike kui ka kloriide sisaldava vee k\u00e4sitsemiseks.<br \/>\n<\/span><\/p>\n<h4 class=\"tw-data-text tw-text-large XcVN5d tw-ta\" dir=\"ltr\" data-placeholder=\"T\u00f5lge\"><span lang=\"et\">Heakskiidud<br \/>\n<\/span><\/h4>\n<p class=\"tw-data-text tw-text-large XcVN5d tw-ta\" dir=\"ltr\" data-placeholder=\"T\u00f5lge\"><span lang=\"et\">Malmist seeria pumbad on saadaval vastavalt ATEX ja MSHA eeskirjadele plahvatuskindlates versioonides<\/span><\/p>\n<\/div>\n","protected":false},"excerpt":{"rendered":"<ul>\n<li id=\"tw-target-text\" class=\"tw-data-text tw-text-large XcVN5d tw-ta\" dir=\"ltr\" data-placeholder=\"T\u00f5lge\"><span lang=\"et\">Drenaa\u017eipump kaevandust\u00f6\u00f6stusele<\/span><\/li>\n<li>1465 &#8212; 2945 rpm<\/li>\n<li>30 &#8212; 37 kW<\/li>\n<li>pH 5 &#8212; 11<\/li>\n<\/ul>\n","protected":false},"featured_media":9174,"comment_status":"closed","ping_status":"closed","template":"","meta":[],"product_brand":[],"product_cat":[299],"product_tag":[],"class_list":{"0":"post-10992","1":"product","2":"type-product","3":"status-publish","4":"has-post-thumbnail","6":"product_cat-2000-seeria-ru","8":"first","9":"instock","10":"taxable","11":"shipping-taxable","12":"product-type-simple"},"_links":{"self":[{"href":"https:\/\/hekes.ee\/ru\/wp-json\/wp\/v2\/product\/10992","targetHints":{"allow":["GET"]}}],"collection":[{"href":"https:\/\/hekes.ee\/ru\/wp-json\/wp\/v2\/product"}],"about":[{"href":"https:\/\/hekes.ee\/ru\/wp-json\/wp\/v2\/types\/product"}],"replies":[{"embeddable":true,"href":"https:\/\/hekes.ee\/ru\/wp-json\/wp\/v2\/comments?post=10992"}],"wp:featuredmedia":[{"embeddable":true,"href":"https:\/\/hekes.ee\/ru\/wp-json\/wp\/v2\/media\/9174"}],"wp:attachment":[{"href":"https:\/\/hekes.ee\/ru\/wp-json\/wp\/v2\/media?parent=10992"}],"wp:term":[{"taxonomy":"product_brand","embeddable":true,"href":"https:\/\/hekes.ee\/ru\/wp-json\/wp\/v2\/product_brand?post=10992"},{"taxonomy":"product_cat","embeddable":true,"href":"https:\/\/hekes.ee\/ru\/wp-json\/wp\/v2\/product_cat?post=10992"},{"taxonomy":"product_tag","embeddable":true,"href":"https:\/\/hekes.ee\/ru\/wp-json\/wp\/v2\/product_tag?post=10992"}],"curies":[{"name":"wp","href":"https:\/\/api.w.org\/{rel}","templated":true}]}}