{"id":10991,"date":"2020-01-21T14:22:20","date_gmt":"2020-01-21T14:22:20","guid":{"rendered":"https:\/\/hekes.ee\/toode\/flygt-2250\/"},"modified":"2020-01-21T14:22:20","modified_gmt":"2020-01-21T14:22:20","slug":"flygt-2250","status":"publish","type":"product","link":"https:\/\/hekes.ee\/ru\/toode\/flygt-2250\/","title":{"rendered":"flygt 2250"},"content":{"rendered":"<div class=\"product-features body-copy p-v-20 p-h-20\">\n<p id=\"tw-target-text\" class=\"tw-data-text tw-text-large XcVN5d tw-ta\" dir=\"ltr\" data-placeholder=\"T\u00f5lge\"><span lang=\"et\">TOOTE OMADUSED<br \/>\n<\/span><\/p>\n<ul>\n<li class=\"tw-data-text tw-text-large XcVN5d tw-ta\" dir=\"ltr\" data-placeholder=\"T\u00f5lge\"><span lang=\"et\">T\u00f6\u00f6ratas Hard-Iron &#x2122; (60 HRC)<br \/>\n<\/span><\/li>\n<li class=\"tw-data-text tw-text-large XcVN5d tw-ta\" dir=\"ltr\" data-placeholder=\"T\u00f5lge\"><span lang=\"et\">Flygti Spin-Out &#x2122; v\u00e4limine tihendikaitse<br \/>\n<\/span><\/li>\n<li class=\"tw-data-text tw-text-large XcVN5d tw-ta\" dir=\"ltr\" data-placeholder=\"T\u00f5lge\"><span lang=\"et\">Alumiiniumkonstruktsioon<br \/>\n<\/span><\/li>\n<li class=\"tw-data-text tw-text-large XcVN5d tw-ta\" dir=\"ltr\" data-placeholder=\"T\u00f5lge\"><span lang=\"et\">Suur maht<\/span><\/li>\n<\/ul>\n<\/div>\n<div class=\"product-description body-copy\">\n<h4 id=\"tw-target-text\" class=\"tw-data-text tw-text-large XcVN5d tw-ta\" dir=\"ltr\" data-placeholder=\"T\u00f5lge\"><span lang=\"et\">T\u00f5estatud drenaa\u017eipump kaevandust\u00f6\u00f6stusele<br \/>\n<\/span><\/h4>\n<p class=\"tw-data-text tw-text-large XcVN5d tw-ta\" dir=\"ltr\" data-placeholder=\"T\u00f5lge\"><span lang=\"et\">Drenaa\u017eipump Flygt 2250 p\u00f5hineb maailmakuulsal BIBO pumbal, mis on kaevandust\u00f6\u00f6stust teeninud aastak\u00fcmneid. See on vastupidav ja usaldusv\u00e4\u00e4rne pump, mis on loodud kaevandus- ja ehitust\u00f6\u00f6stuses leiduvate raskete keskkondade k\u00e4sitlemiseks. Suure l\u00e4bilaskev\u00f5imega on see suurep\u00e4rane avatud kaevanduste t\u00fchjendamiseks.<\/span><\/p>\n<p>Spetsiaalselt loodud poolavatud Hard-Iron &#x2122; tiivikud (60 HRC) tagavad parima kulumiskindluse ja ummistumiskindluse kombinatsiooni. Flygti Spin-Out &#x2122; konstruktsiooniga h\u00fcdros\u00fcsteem v\u00e4hendab abrasiivide hulka tihendi\u00f5\u00f5nes, kasutades traditsioonilisi volframkarbiidist topeltmehaanilisi tihendeid.<\/p>\n<p>&nbsp;<\/p>\n<\/div>\n","protected":false},"excerpt":{"rendered":"<table width=\"109\">\n<tbody>\n<tr>\n<td width=\"109\">2250.011<\/td>\n<\/tr>\n<tr>\n<td>54 kW<\/td>\n<\/tr>\n<tr>\n<td>6&#8243;\/10&#8243;<\/td>\n<\/tr>\n<tr>\n<td>pH 5-8<\/td>\n<\/tr>\n<\/tbody>\n<\/table>\n","protected":false},"featured_media":9204,"comment_status":"closed","ping_status":"closed","template":"","meta":[],"product_brand":[],"product_cat":[299],"product_tag":[],"class_list":{"0":"post-10991","1":"product","2":"type-product","3":"status-publish","4":"has-post-thumbnail","6":"product_cat-2000-seeria-ru","8":"first","9":"instock","10":"taxable","11":"shipping-taxable","12":"product-type-simple"},"_links":{"self":[{"href":"https:\/\/hekes.ee\/ru\/wp-json\/wp\/v2\/product\/10991","targetHints":{"allow":["GET"]}}],"collection":[{"href":"https:\/\/hekes.ee\/ru\/wp-json\/wp\/v2\/product"}],"about":[{"href":"https:\/\/hekes.ee\/ru\/wp-json\/wp\/v2\/types\/product"}],"replies":[{"embeddable":true,"href":"https:\/\/hekes.ee\/ru\/wp-json\/wp\/v2\/comments?post=10991"}],"wp:featuredmedia":[{"embeddable":true,"href":"https:\/\/hekes.ee\/ru\/wp-json\/wp\/v2\/media\/9204"}],"wp:attachment":[{"href":"https:\/\/hekes.ee\/ru\/wp-json\/wp\/v2\/media?parent=10991"}],"wp:term":[{"taxonomy":"product_brand","embeddable":true,"href":"https:\/\/hekes.ee\/ru\/wp-json\/wp\/v2\/product_brand?post=10991"},{"taxonomy":"product_cat","embeddable":true,"href":"https:\/\/hekes.ee\/ru\/wp-json\/wp\/v2\/product_cat?post=10991"},{"taxonomy":"product_tag","embeddable":true,"href":"https:\/\/hekes.ee\/ru\/wp-json\/wp\/v2\/product_tag?post=10991"}],"curies":[{"name":"wp","href":"https:\/\/api.w.org\/{rel}","templated":true}]}}