{"id":10990,"date":"2020-01-21T14:26:49","date_gmt":"2020-01-21T14:26:49","guid":{"rendered":"https:\/\/hekes.ee\/toode\/flygt-2400\/"},"modified":"2020-01-21T14:26:49","modified_gmt":"2020-01-21T14:26:49","slug":"flygt-2400","status":"publish","type":"product","link":"https:\/\/hekes.ee\/ru\/toode\/flygt-2400\/","title":{"rendered":"Flygt 2400"},"content":{"rendered":"<div class=\"product-features body-copy p-v-20 p-h-20\">\n<p id=\"tw-target-text\" class=\"tw-data-text tw-text-large XcVN5d tw-ta\" dir=\"ltr\" data-placeholder=\"T\u00f5lge\"><span lang=\"et\">TOOTE OMADUSED<br \/>\n<\/span><\/p>\n<ul>\n<li class=\"tw-data-text tw-text-large XcVN5d tw-ta\" dir=\"ltr\" data-placeholder=\"T\u00f5lge\"><span lang=\"et\">Saadaval on plahvatuskindlad versioonid<br \/>\n<\/span><\/li>\n<li class=\"tw-data-text tw-text-large XcVN5d tw-ta\" dir=\"ltr\" data-placeholder=\"T\u00f5lge\"><span lang=\"et\">2-astmeline, k\u00f5rge peaga variant<br \/>\n<\/span><\/li>\n<li class=\"tw-data-text tw-text-large XcVN5d tw-ta\" dir=\"ltr\" data-placeholder=\"T\u00f5lge\"><span lang=\"et\">Sukelduge kuni 50m (150 jalga)<br \/>\n<\/span><\/li>\n<li class=\"tw-data-text tw-text-large XcVN5d tw-ta\" dir=\"ltr\" data-placeholder=\"T\u00f5lge\"><span lang=\"et\">Malm<\/span><\/li>\n<\/ul>\n<\/div>\n<div class=\"product-description body-copy\">\n<p id=\"tw-target-text\" class=\"tw-data-text tw-text-large XcVN5d tw-ta\" dir=\"ltr\" data-placeholder=\"T\u00f5lge\"><strong><span lang=\"et\">Aastak\u00fcmneid t\u00f5estatud t\u00f6\u00f6kindlus<\/span><\/strong><\/p>\n<p class=\"tw-data-text tw-text-large XcVN5d tw-ta\" dir=\"ltr\" data-placeholder=\"T\u00f5lge\"><span lang=\"et\"><br \/>\nFlygt 2400 pump on olnud kasutusel aastak\u00fcmneid ning see j\u00e4tkab 2201 pumpade traditsiooni usaldusv\u00e4\u00e4rsuse ja mitmek\u00fclgsuse tagamiseks. Optimeeritud geomeetria ja suurep\u00e4rase kulumiskindluse tagamiseks valmistatud materjal on vastupidav ja vastupidav k\u00f5igele, mida meie k\u00f5ige n\u00f5udlikumad kasutajad sellele viskavad.<\/span><\/p>\n<p><strong>Rakenduste mitmek\u00fclgsus<\/strong><\/p>\n<p>Kaheastmeline 2400 HT j\u00f5uab k\u00f5rgemate k\u00f5rgusteni kui \u00fckski teine \u200b\u200b2000. aasta seeria pump, kuid v\u00f5imaldab siiski muljetavaldavat tahkete ainete k\u00e4sitsemist. See teeb sellest paljude kaevanduste kuivendamise rakenduste jaoks valitud pumba, kuid keskmise peaga 2400 MT pump on ka t\u00f5eliselt mitmek\u00fclgne t\u00fchjendamis probleemide lahendaja.<\/p>\n<p>&nbsp;<\/p>\n<\/div>\n","protected":false},"excerpt":{"rendered":"<p>3faasi \/ 90kW \/ 2955 rpm<\/p>\n","protected":false},"featured_media":9210,"comment_status":"closed","ping_status":"closed","template":"","meta":[],"product_brand":[],"product_cat":[299],"product_tag":[],"class_list":{"0":"post-10990","1":"product","2":"type-product","3":"status-publish","4":"has-post-thumbnail","6":"product_cat-2000-seeria-ru","8":"first","9":"instock","10":"taxable","11":"shipping-taxable","12":"product-type-simple"},"_links":{"self":[{"href":"https:\/\/hekes.ee\/ru\/wp-json\/wp\/v2\/product\/10990","targetHints":{"allow":["GET"]}}],"collection":[{"href":"https:\/\/hekes.ee\/ru\/wp-json\/wp\/v2\/product"}],"about":[{"href":"https:\/\/hekes.ee\/ru\/wp-json\/wp\/v2\/types\/product"}],"replies":[{"embeddable":true,"href":"https:\/\/hekes.ee\/ru\/wp-json\/wp\/v2\/comments?post=10990"}],"wp:featuredmedia":[{"embeddable":true,"href":"https:\/\/hekes.ee\/ru\/wp-json\/wp\/v2\/media\/9210"}],"wp:attachment":[{"href":"https:\/\/hekes.ee\/ru\/wp-json\/wp\/v2\/media?parent=10990"}],"wp:term":[{"taxonomy":"product_brand","embeddable":true,"href":"https:\/\/hekes.ee\/ru\/wp-json\/wp\/v2\/product_brand?post=10990"},{"taxonomy":"product_cat","embeddable":true,"href":"https:\/\/hekes.ee\/ru\/wp-json\/wp\/v2\/product_cat?post=10990"},{"taxonomy":"product_tag","embeddable":true,"href":"https:\/\/hekes.ee\/ru\/wp-json\/wp\/v2\/product_tag?post=10990"}],"curies":[{"name":"wp","href":"https:\/\/api.w.org\/{rel}","templated":true}]}}