{"id":10987,"date":"2020-01-21T14:39:04","date_gmt":"2020-01-21T14:39:04","guid":{"rendered":"https:\/\/hekes.ee\/toode\/flygt-2630\/"},"modified":"2024-07-08T07:15:35","modified_gmt":"2024-07-08T07:15:35","slug":"flygt-2630","status":"publish","type":"product","link":"https:\/\/hekes.ee\/ru\/toode\/flygt-2630\/","title":{"rendered":"\u0428\u043b\u0430\u043c\u043e\u0432\u044b\u0439 \u043d\u0430\u0441\u043e\u0441 Flygt \u0441\u0435\u0440\u0438\u0438 2630"},"content":{"rendered":"<div class=\"product-features body-copy p-v-20 p-h-20\">\n<p id=\"tw-target-text\" class=\"tw-data-text tw-text-large XcVN5d tw-ta\" dir=\"ltr\" data-placeholder=\"T\u00f5lge\"><span lang=\"et\">TOOTE OMADUSED<br \/>\n<\/span><\/p>\n<ul>\n<li class=\"tw-data-text tw-text-large XcVN5d tw-ta\" dir=\"ltr\" data-placeholder=\"T\u00f5lge\"><span lang=\"et\">Suurep\u00e4rane kulumiskindel h\u00fcdraulika Dura-Spin &#x2122; s\u00fcsteemiga<br \/>\n<\/span><\/li>\n<li class=\"tw-data-text tw-text-large XcVN5d tw-ta\" dir=\"ltr\" data-placeholder=\"T\u00f5lge\"><span lang=\"et\">Pistik\u00fchendus, mida on lihtne paigaldada ja hooldada<br \/>\n<\/span><\/li>\n<li class=\"tw-data-text tw-text-large XcVN5d tw-ta\" dir=\"ltr\" data-placeholder=\"T\u00f5lge\"><span lang=\"et\">Veekindel klemmiplaat, et v\u00e4hendada tagaj\u00e4rgede tekkimise riski<br \/>\n<\/span><\/li>\n<li class=\"tw-data-text tw-text-large XcVN5d tw-ta\" dir=\"ltr\" data-placeholder=\"T\u00f5lge\"><span lang=\"et\">Tiivik koos Smart Systemiga tiiviku kiireks reguleerimiseks<\/span><\/li>\n<\/ul>\n<\/div>\n<div class=\"product-description body-copy\">\n<p><strong>V\u00e4hendage seisakuid \u00fclima kulumiskindlusega<\/strong><\/p>\n<p>Flygt 2630 pump on loodud t\u00f6\u00f6kindluse tagamiseks koos uuendustega, mis v\u00e4hendavad tiiviku ja tihendi kulumist. Flygti abil saate pumba, mis pumpab ka k\u00f5ige karmimates tingimustes.<br \/>\nFlygt 2600 seeria pumpade h\u00fcdrauliline disain muudab need mitu korda kulumiskindlamaks kui traditsioonilised t\u00fchjenduspumbad. Meie t\u00f5estatud asjatundlikkus h\u00fcdraulikas on andnud tulemuseks selle, mida me nimetame Dura-Spin &#x2122; s\u00fcsteemiks. Ainulaadne suletud tiivik ja Dura-Spin &#x2122; soontega katud tiivukud, p\u00fchivad abrasiivsed osakesed tiiviku kaelast eemale. See eksklusiivne disain on vaid \u00fcks p\u00f5hjus, miks Flygt 2600 seeria toimivad h\u00e4sti.<\/p>\n<p>Oma eksklusiivse Spin-Out System &#x2122; -iga on Flygt 2600 seeria turul ainulaadne. T\u00f6\u00f6kindlus pole sukelpumba juures kunagi olnud suurem, kuna tihendiss\u00fcsteem v\u00e4hendab abrasiivide hulka tihendi\u00f5\u00f5nes.<\/p>\n<p><strong><br \/>\nV\u00e4hendage teeninduskulusid<\/strong><\/p>\n<p>Pumpade hooldamiseks peab kuluma v\u00f5imalikult v\u00e4he aega. Kuid kui hooldust on vaja, oleme protsessi lihtsustanud. Flygt 2630 pump sisaldab mitmeid nutikaid funktsioone, mis muudavad hoolduse lihtsaks. N\u00e4iteks on tiiviku h\u00fclss m\u00f5eldud aja kokkuhoiuks, kui peate tiivikut reguleerima \/ k\u00e4rpima. Flygt 2630 pumba standardvarustuses on ka pistikupesa. Flygt 2600 seeria pumbad olid loodud lihtsuse ja vastupidavuse tagamiseks.<\/p>\n<p>Kui olete \u00f5ppinud sarja \u00fchte pumpa hooldama, teate neid k\u00f5iki.<\/p>\n<p>.<\/p>\n<\/div>\n","protected":false},"excerpt":{"rendered":"<ul>\n<li>\u041c\u043e\u0449\u043d\u043e\u0441\u0442\u044c: 3.7 \u043a\u0412\u0442<\/li>\n<li>\u041d\u0430\u0441\u043e\u0441\u044b \u0434\u043b\u044f \u0436\u0438\u0434\u043a\u043e\u0441\u0442\u0435\u0439 \u0434\u043e 70\u00b0C<\/li>\n<\/ul>\n","protected":false},"featured_media":9001,"comment_status":"closed","ping_status":"closed","template":"","meta":[],"product_brand":[],"product_cat":[300],"product_tag":[],"class_list":{"0":"post-10987","1":"product","2":"type-product","3":"status-publish","4":"has-post-thumbnail","6":"product_cat-2600-seeria-ru","8":"first","9":"instock","10":"taxable","11":"shipping-taxable","12":"product-type-simple"},"_links":{"self":[{"href":"https:\/\/hekes.ee\/ru\/wp-json\/wp\/v2\/product\/10987","targetHints":{"allow":["GET"]}}],"collection":[{"href":"https:\/\/hekes.ee\/ru\/wp-json\/wp\/v2\/product"}],"about":[{"href":"https:\/\/hekes.ee\/ru\/wp-json\/wp\/v2\/types\/product"}],"replies":[{"embeddable":true,"href":"https:\/\/hekes.ee\/ru\/wp-json\/wp\/v2\/comments?post=10987"}],"wp:featuredmedia":[{"embeddable":true,"href":"https:\/\/hekes.ee\/ru\/wp-json\/wp\/v2\/media\/9001"}],"wp:attachment":[{"href":"https:\/\/hekes.ee\/ru\/wp-json\/wp\/v2\/media?parent=10987"}],"wp:term":[{"taxonomy":"product_brand","embeddable":true,"href":"https:\/\/hekes.ee\/ru\/wp-json\/wp\/v2\/product_brand?post=10987"},{"taxonomy":"product_cat","embeddable":true,"href":"https:\/\/hekes.ee\/ru\/wp-json\/wp\/v2\/product_cat?post=10987"},{"taxonomy":"product_tag","embeddable":true,"href":"https:\/\/hekes.ee\/ru\/wp-json\/wp\/v2\/product_tag?post=10987"}],"curies":[{"name":"wp","href":"https:\/\/api.w.org\/{rel}","templated":true}]}}