{"id":10980,"date":"2020-01-21T14:56:55","date_gmt":"2020-01-21T14:56:55","guid":{"rendered":"https:\/\/hekes.ee\/toode\/flygt-sludge-2640\/"},"modified":"2024-07-08T07:33:06","modified_gmt":"2024-07-08T07:33:06","slug":"flygt-sludge-2640","status":"publish","type":"product","link":"https:\/\/hekes.ee\/ru\/toode\/flygt-sludge-2640\/","title":{"rendered":"Flygt Sludge 2640"},"content":{"rendered":"<p>2600-muda pumbad on m\u00f5eldud muda ja\u00a0pulbi pumpamiseks keerulistes tingimustes.\u00a0T\u00e4iesti uut t\u00fc\u00fcpi pumba eeliseks on kasutajas\u00f5bralik h\u00fcdrauliline osa, vastupidavad materjalid ja praktiline ergonoomiline disain.\u00a0Tulemuseks on suurep\u00e4rane kulumiskindlus, usaldusv\u00e4\u00e4rne t\u00f6\u00f6 ja lihtne hooldus.\u00a0T\u00e4nu Vortex t\u00f6\u00f6rattale on pumbal suur l\u00e4bilaskev\u00f5ime, mis v\u00f5imaldab erinevate pudedate ainete pumpamist.<\/p>\n<p><b>Tavakasutus:<\/b><\/p>\n<ul>\n<li>Veealandus ehituses ja kaevanduses<\/li>\n<li>Tehnilised t\u00fchjendused, muda ja pulbi pumpamine<\/li>\n<li>Olme- ja t\u00f6\u00f6stusreovee pumpamine<\/li>\n<\/ul>\n<p>2600-sarja seadme korpus on valmistatud alumiiniumist, t\u00f6\u00f6ratas karastatud kroom-nikkel sulamist, pumbakorpus on vooderdatud pol\u00fcuretaaniga.<\/p>\n","protected":false},"excerpt":{"rendered":"<ul>\n<li>\u041c\u043e\u0449\u043d\u043e\u0441\u0442\u044c: 5.5 \u043a\u0412\u0442<\/li>\n<\/ul>\n","protected":false},"featured_media":9055,"comment_status":"closed","ping_status":"closed","template":"","meta":[],"product_brand":[],"product_cat":[300],"product_tag":[],"class_list":{"0":"post-10980","1":"product","2":"type-product","3":"status-publish","4":"has-post-thumbnail","6":"product_cat-2600-seeria-ru","8":"first","9":"instock","10":"taxable","11":"shipping-taxable","12":"product-type-simple"},"_links":{"self":[{"href":"https:\/\/hekes.ee\/ru\/wp-json\/wp\/v2\/product\/10980","targetHints":{"allow":["GET"]}}],"collection":[{"href":"https:\/\/hekes.ee\/ru\/wp-json\/wp\/v2\/product"}],"about":[{"href":"https:\/\/hekes.ee\/ru\/wp-json\/wp\/v2\/types\/product"}],"replies":[{"embeddable":true,"href":"https:\/\/hekes.ee\/ru\/wp-json\/wp\/v2\/comments?post=10980"}],"wp:featuredmedia":[{"embeddable":true,"href":"https:\/\/hekes.ee\/ru\/wp-json\/wp\/v2\/media\/9055"}],"wp:attachment":[{"href":"https:\/\/hekes.ee\/ru\/wp-json\/wp\/v2\/media?parent=10980"}],"wp:term":[{"taxonomy":"product_brand","embeddable":true,"href":"https:\/\/hekes.ee\/ru\/wp-json\/wp\/v2\/product_brand?post=10980"},{"taxonomy":"product_cat","embeddable":true,"href":"https:\/\/hekes.ee\/ru\/wp-json\/wp\/v2\/product_cat?post=10980"},{"taxonomy":"product_tag","embeddable":true,"href":"https:\/\/hekes.ee\/ru\/wp-json\/wp\/v2\/product_tag?post=10980"}],"curies":[{"name":"wp","href":"https:\/\/api.w.org\/{rel}","templated":true}]}}