{"id":10971,"date":"2020-01-21T15:36:02","date_gmt":"2020-01-21T15:36:02","guid":{"rendered":"https:\/\/hekes.ee\/toode\/flygt-bibo-2860\/"},"modified":"2020-01-21T15:36:02","modified_gmt":"2020-01-21T15:36:02","slug":"flygt-bibo-2860","status":"publish","type":"product","link":"https:\/\/hekes.ee\/ru\/toode\/flygt-bibo-2860\/","title":{"rendered":"Flygt BIBO 2860"},"content":{"rendered":"<div class=\"product-features body-copy p-v-20 p-h-20\">\n<p id=\"tw-target-text\" class=\"tw-data-text tw-text-large XcVN5d tw-ta\" dir=\"ltr\" data-placeholder=\"T\u00f5lge\"><span lang=\"et\">TOOTE OMADUSED<br \/>\n<\/span><\/p>\n<ul>\n<li class=\"tw-data-text tw-text-large XcVN5d tw-ta\" dir=\"ltr\" data-placeholder=\"T\u00f5lge\"><span lang=\"et\">Klassikaline BIBO disain j\u00f5udluse parandamiseks<br \/>\n<\/span><\/li>\n<li class=\"tw-data-text tw-text-large XcVN5d tw-ta\" dir=\"ltr\" data-placeholder=\"T\u00f5lge\"><span lang=\"et\">Suurep\u00e4rane kulumiskindel h\u00fcdraulika Dura-Spin &#x2122; s\u00fcsteemiga<br \/>\n<\/span><\/li>\n<li class=\"tw-data-text tw-text-large XcVN5d tw-ta\" dir=\"ltr\" data-placeholder=\"T\u00f5lge\"><span lang=\"et\">Pistik\u00fchendus, mida on lihtne paigaldada ja hooldada<br \/>\n<\/span><\/li>\n<li class=\"tw-data-text tw-text-large XcVN5d tw-ta\" dir=\"ltr\" data-placeholder=\"T\u00f5lge\"><span lang=\"et\">Veekindel klemmiplaat, et v\u00e4hendada tagaj\u00e4rgede tekkimise ohtu<br \/>\n<\/span><\/li>\n<li class=\"tw-data-text tw-text-large XcVN5d tw-ta\" dir=\"ltr\" data-placeholder=\"T\u00f5lge\"><span lang=\"et\">Tiiviku varrukas koos Smart Systemiga tiiviku kiireks reguleerimiseks<\/span><\/li>\n<\/ul>\n<\/div>\n<div class=\"product-description body-copy\">\n<h4 id=\"tw-target-text\" class=\"tw-data-text tw-text-large XcVN5d tw-ta\" dir=\"ltr\" data-placeholder=\"T\u00f5lge\"><span lang=\"et\"><br \/>\nKlassikaline BIBO disain minimeerib seisakuid suurep\u00e4rase kulumiskindlusega<br \/>\n<\/span><\/h4>\n<p class=\"tw-data-text tw-text-large XcVN5d tw-ta\" dir=\"ltr\" data-placeholder=\"T\u00f5lge\"><span lang=\"et\">Flygti BIBO 2800 seeria on enam kui 60-aastase kogemusega t\u00fchjenduspumpade projekteerimises maailma k\u00f5ige n\u00f5udlikumate kohtade jaoks, et taluda ka k\u00f5ige raskemaid tingimusi.<\/span><\/p>\n<p>Pumba h\u00fcdrauliline konstruktsioon muudab selle mitu korda kulumiskindlamaks kui traditsioonilised t\u00fchjenduspumbad. Meie t\u00f5estatud asjatundlikkus h\u00fcdraulikas on andnud tulemuseks selle, mida me nimetame Dura-Spin &#x2122; s\u00fcsteemiks. Ainulaadne suletud tiivik ja Dura-Spin &#x2122; soontega t\u00f6\u00f6ratta kate koos p\u00fchivad abrasiivsed osakesed tiiviku kaelast eemale. See eksklusiivne disain on vaid \u00fcks p\u00f5hjus, miks Flygt BIBO 2800 seeria pumbad t\u00f6\u00f6tavad &#8230; p\u00e4evast p\u00e4eva.<\/p>\n<p>Kui r\u00e4\u00e4gime klassikalisest BIBO disainist, r\u00e4\u00e4gime funktsioonidest, mis annavad pumpadele usaldusv\u00e4\u00e4rse j\u00f5udluse. Lai alus ja t\u00fchjendus jahutuss\u00e4rgi k\u00fcljel muudavad pumba stabiilseks. \u00dclaosa v\u00f5imaldab h\u00f5lpsat juurdep\u00e4\u00e4su klemmiplaadile ja k\u00e4epidemele, mis pumba riputamisel fikseerib.<\/p>\n<h4 class=\"tw-data-text tw-text-large XcVN5d tw-ta\" dir=\"ltr\" data-placeholder=\"T\u00f5lge\"><span lang=\"et\">V\u00e4hendage teeninduskulusid<\/span><span lang=\"et\">.<\/span><\/h4>\n<p class=\"tw-data-text tw-text-large XcVN5d tw-ta\" dir=\"ltr\" data-placeholder=\"T\u00f5lge\"><span lang=\"et\">Teenindusele peab kuluma v\u00f5imalikult v\u00e4he aega. Kui aga hooldust on vaja, oleme protsessi lihtsustanud, et pump saaks v\u00f5rku kiirelt tagasi. Flygt BIBO 2860 pump sisaldab mitmeid nutikaid funktsioone, mis muudavad hoolduse lihtsaks, n\u00e4iteks tavaline pistik\u00fchendus.<br \/>\nBIBO 2800 settepumbad on ehitatud samale 2800. seeria drenaa\u017eipumba platvormile, nii et neil on palju komponente, mis t\u00e4hendab v\u00e4hem osi teie inventaris. Kui olete \u00f5ppinud sarja \u00fchte pumpa hooldama, teate neid k\u00f5iki.<\/span><\/p>\n<\/div>\n","protected":false},"excerpt":{"rendered":"<ul>\n<li><span style=\"font-size: 110%;\">10 kW \/ 3-phase \/ 2,880 rpm<\/span><\/li>\n<\/ul>\n","protected":false},"featured_media":9107,"comment_status":"closed","ping_status":"closed","template":"","meta":[],"product_brand":[],"product_cat":[302],"product_tag":[],"class_list":{"0":"post-10971","1":"product","2":"type-product","3":"status-publish","4":"has-post-thumbnail","6":"product_cat-bibo-2800-seeria-ru","8":"first","9":"instock","10":"taxable","11":"shipping-taxable","12":"product-type-simple"},"_links":{"self":[{"href":"https:\/\/hekes.ee\/ru\/wp-json\/wp\/v2\/product\/10971","targetHints":{"allow":["GET"]}}],"collection":[{"href":"https:\/\/hekes.ee\/ru\/wp-json\/wp\/v2\/product"}],"about":[{"href":"https:\/\/hekes.ee\/ru\/wp-json\/wp\/v2\/types\/product"}],"replies":[{"embeddable":true,"href":"https:\/\/hekes.ee\/ru\/wp-json\/wp\/v2\/comments?post=10971"}],"wp:featuredmedia":[{"embeddable":true,"href":"https:\/\/hekes.ee\/ru\/wp-json\/wp\/v2\/media\/9107"}],"wp:attachment":[{"href":"https:\/\/hekes.ee\/ru\/wp-json\/wp\/v2\/media?parent=10971"}],"wp:term":[{"taxonomy":"product_brand","embeddable":true,"href":"https:\/\/hekes.ee\/ru\/wp-json\/wp\/v2\/product_brand?post=10971"},{"taxonomy":"product_cat","embeddable":true,"href":"https:\/\/hekes.ee\/ru\/wp-json\/wp\/v2\/product_cat?post=10971"},{"taxonomy":"product_tag","embeddable":true,"href":"https:\/\/hekes.ee\/ru\/wp-json\/wp\/v2\/product_tag?post=10971"}],"curies":[{"name":"wp","href":"https:\/\/api.w.org\/{rel}","templated":true}]}}