{"id":10957,"date":"2020-01-22T09:32:22","date_gmt":"2020-01-22T09:32:22","guid":{"rendered":"https:\/\/hekes.ee\/toode\/fgc-400\/"},"modified":"2024-05-15T14:31:33","modified_gmt":"2024-05-15T14:31:33","slug":"fgc-400","status":"publish","type":"product","link":"https:\/\/hekes.ee\/ru\/toode\/fgc-400\/","title":{"rendered":"FGC 400"},"content":{"rendered":"<div class=\"product-features body-copy p-v-20 p-h-20\">\n<p id=\"tw-target-text\" class=\"tw-data-text tw-text-large XcVN5d tw-ta\" dir=\"ltr\" data-placeholder=\"T\u00f5lge\"><span class=\"Y2IQFc\" lang=\"et\">TOOTE OMADUSED<br \/>\n<\/span><\/p>\n<ul>\n<li class=\"tw-data-text tw-text-large XcVN5d tw-ta\" dir=\"ltr\" data-placeholder=\"T\u00f5lge\"><span class=\"Y2IQFc\" lang=\"et\">V\u00f5imas eelprogrammeeritud funktsionaalsus<br \/>\n<\/span><\/li>\n<li class=\"tw-data-text tw-text-large XcVN5d tw-ta\" dir=\"ltr\" data-placeholder=\"T\u00f5lge\"><span class=\"Y2IQFc\" lang=\"et\">Kompaktne formaat v\u00e4ikeste juhtimiskappide jaoks<br \/>\n<\/span><\/li>\n<li class=\"tw-data-text tw-text-large XcVN5d tw-ta\" dir=\"ltr\" data-placeholder=\"T\u00f5lge\"><span class=\"Y2IQFc\" lang=\"et\">Kasutajas\u00f5bralik HMI koos intuitiivse kasutajaliidesega<br \/>\n<\/span><\/li>\n<li class=\"tw-data-text tw-text-large XcVN5d tw-ta\" dir=\"ltr\" data-placeholder=\"T\u00f5lge\"><span class=\"Y2IQFc\" lang=\"et\">Sisseehitatud energia m\u00f5\u00f5tmine ja arvutamine<br \/>\n<\/span><\/li>\n<li class=\"tw-data-text tw-text-large XcVN5d tw-ta\" dir=\"ltr\" data-placeholder=\"T\u00f5lge\"><span class=\"Y2IQFc\" lang=\"et\">Kerge seadistamine<br \/>\n<\/span><\/li>\n<li class=\"tw-data-text tw-text-large XcVN5d tw-ta\" dir=\"ltr\" data-placeholder=\"T\u00f5lge\"><span class=\"Y2IQFc\" lang=\"et\">Punktprofiilide m\u00e4\u00e4ramine<\/span><\/li>\n<\/ul>\n<\/div>\n<div class=\"product-description body-copy\">\n<h3 id=\"tw-target-text\" class=\"tw-data-text tw-text-large XcVN5d tw-ta\" dir=\"ltr\" data-placeholder=\"T\u00f5lge\"><span class=\"Y2IQFc\" lang=\"et\">V\u00d5IMAS PLUG-AND-PLAY KONTROLLER reovee pumpamiseks<\/span><\/h3>\n<p>\u200b<span class=\"Y2IQFc\" lang=\"et\">FGC400 sisaldab k\u00f5iki \u00fche v\u00f5i kahe pumba jaoks vajalikke v\u00f5imalusi, v\u00e4listades samas vajaduse keerukate elektrikilpide j\u00e4rele. Eelprogrammeeritud t\u00e4iustatud funktsioonidega, mida Flygtilt ootate, saab selle m\u00f5ne minuti jooksul installida ja konfigureerida ning varustada teie t\u00e4psete n\u00f5uetega.<\/span><\/p>\n<h3 id=\"tw-target-text\" class=\"tw-data-text tw-text-large XcVN5d tw-ta\" dir=\"ltr\" data-placeholder=\"T\u00f5lge\"><span class=\"Y2IQFc\" lang=\"et\">Kompaktne ja eelprogrammeeritud<\/span><\/h3>\n<p id=\"tw-target-text\" class=\"tw-data-text tw-text-large XcVN5d tw-ta\" dir=\"ltr\" data-placeholder=\"T\u00f5lge\"><span class=\"Y2IQFc\" lang=\"et\">T\u00e4nu funktsioonidele, mis h\u00f5lmavad pumba vaheldumist, pumba profiile, juhuslikku k\u00e4ivitamist ja hooldust, on kontrolleril muljetavaldav hulk v\u00f5imalusi v\u00e4ikses kapis. Energia m\u00f5\u00f5tmine ja arvutused on sisseehitatud koos andmelogijate, h\u00e4irete k\u00e4sitlemise, mootorikaitse ja taseme j\u00e4lgimisega. Seda k\u00f5ike iseseisvas seadmes, mis on v\u00f5imeline juhtima mis tahes kuni 5,5 kW pumpasid v\u00f5i suuremaid pumpasid v\u00e4liste kontaktorite abil. Sisseehitatud seadistus \u00f5petus juhendab teid k\u00f5igi vajalike s\u00e4tete ja eelistuste kaudu, v\u00f5imaldades teil kiiresti ja lihtsalt alustada.<\/span><\/p>\n<\/div>\n","protected":false},"excerpt":{"rendered":"<ul>\n<li>Kuni kahele pumbale<\/li>\n<\/ul>\n","protected":false},"featured_media":9453,"comment_status":"closed","ping_status":"closed","template":"","meta":[],"product_brand":[],"product_cat":[293],"product_tag":[],"class_list":{"0":"post-10957","1":"product","2":"type-product","3":"status-publish","4":"has-post-thumbnail","6":"product_cat-293","8":"first","9":"instock","10":"taxable","11":"shipping-taxable","12":"product-type-simple"},"_links":{"self":[{"href":"https:\/\/hekes.ee\/ru\/wp-json\/wp\/v2\/product\/10957","targetHints":{"allow":["GET"]}}],"collection":[{"href":"https:\/\/hekes.ee\/ru\/wp-json\/wp\/v2\/product"}],"about":[{"href":"https:\/\/hekes.ee\/ru\/wp-json\/wp\/v2\/types\/product"}],"replies":[{"embeddable":true,"href":"https:\/\/hekes.ee\/ru\/wp-json\/wp\/v2\/comments?post=10957"}],"wp:featuredmedia":[{"embeddable":true,"href":"https:\/\/hekes.ee\/ru\/wp-json\/wp\/v2\/media\/9453"}],"wp:attachment":[{"href":"https:\/\/hekes.ee\/ru\/wp-json\/wp\/v2\/media?parent=10957"}],"wp:term":[{"taxonomy":"product_brand","embeddable":true,"href":"https:\/\/hekes.ee\/ru\/wp-json\/wp\/v2\/product_brand?post=10957"},{"taxonomy":"product_cat","embeddable":true,"href":"https:\/\/hekes.ee\/ru\/wp-json\/wp\/v2\/product_cat?post=10957"},{"taxonomy":"product_tag","embeddable":true,"href":"https:\/\/hekes.ee\/ru\/wp-json\/wp\/v2\/product_tag?post=10957"}],"curies":[{"name":"wp","href":"https:\/\/api.w.org\/{rel}","templated":true}]}}