{"id":10955,"date":"2020-01-22T09:37:47","date_gmt":"2020-01-22T09:37:47","guid":{"rendered":"https:\/\/hekes.ee\/toode\/multi-smartpump-system-management-system\/"},"modified":"2020-01-22T09:37:47","modified_gmt":"2020-01-22T09:37:47","slug":"multi-smartpump-system-management-system","status":"publish","type":"product","link":"https:\/\/hekes.ee\/ru\/toode\/multi-smartpump-system-management-system\/","title":{"rendered":"Multi smartpump system management system"},"content":{"rendered":"<div class=\"product-features body-copy p-v-20 p-h-20\">\n<p id=\"tw-target-text\" class=\"tw-data-text tw-text-large XcVN5d tw-ta\" dir=\"ltr\" data-placeholder=\"T\u00f5lge\"><span class=\"Y2IQFc\" lang=\"et\">TOOTE OMADUSED<br \/>\n<\/span><\/p>\n<ul>\n<li class=\"tw-data-text tw-text-large XcVN5d tw-ta\" dir=\"ltr\" data-placeholder=\"T\u00f5lge\"><span class=\"Y2IQFc\" lang=\"et\">Lihtsustatud j\u00e4\u00e4tmete ja kanalisatsiooni juhtimine<br \/>\n<\/span><\/li>\n<li class=\"tw-data-text tw-text-large XcVN5d tw-ta\" dir=\"ltr\" data-placeholder=\"T\u00f5lge\"><span class=\"Y2IQFc\" lang=\"et\">Lihtne paigaldus, kasutuselev\u00f5tt ja integreerimine<br \/>\n<\/span><\/li>\n<li class=\"tw-data-text tw-text-large XcVN5d tw-ta\" dir=\"ltr\" data-placeholder=\"T\u00f5lge\"><span class=\"Y2IQFc\" lang=\"et\">Patenteeritud seadev\u00e4\u00e4rtuste profiilid teie pumbajaama optimeerimiseks<br \/>\n<\/span><\/li>\n<li class=\"tw-data-text tw-text-large XcVN5d tw-ta\" dir=\"ltr\" data-placeholder=\"T\u00f5lge\"><span class=\"Y2IQFc\" lang=\"et\">Ennustav hooldus-v\u00e4hem v\u00e4ljakutseid ja saidik\u00fclastusi<\/span><\/li>\n<\/ul>\n<\/div>\n<div class=\"product-description body-copy\">\n<h3>Lihtne paigaldada, lihtne kasutada<\/h3>\n<p id=\"tw-target-text\" class=\"tw-data-text tw-text-large XcVN5d tw-ta\" dir=\"ltr\" data-placeholder=\"T\u00f5lge\"><span class=\"Y2IQFc\" lang=\"et\">Uue jaama kasutuselev\u00f5tmine v\u00f5i olemasoleva jaama muutmine selle t\u00f5hususe v\u00f5i kulut\u00f5hususe maksimeerimiseks on intuitiivse kasutajaliidese abil lihtne. MultiSmarti abil saab iga parameetrit h\u00f5lpsasti muuta, et teie jaam t\u00f6\u00f6taks just nii, nagu vaja. Alates lihtsast seadistuspunktide muutmisest kuni suurte pumbajaamade keerukate vaheldumisskeemideni annab MultiSmart teie t\u00f6\u00f6tajatele t\u00e4ieliku kontrolli.<\/span><\/p>\n<p>Kas poleks tore, kui teie pumbajaam t\u00f6\u00f6taks fikseeritud muudatuste tegemise asemel k\u00f5ige t\u00f5husama pumbaga? Mis siis, kui see saaks kaevu puhastada, eemaldades regulaarselt ujukid? V\u00f5i anda teile ennetava hoolduse tegemiseks vajalikku teavet? MultiSmart teeb seda k\u00f5ike ja palju muud.<br \/>\nMitmed seadev\u00e4\u00e4rtuse profiilid v\u00f5imaldavad kaugjuhtimist v\u00f5i kindlat kuup\u00e4eva\/kellaaega erinevatele toimingutele, n\u00e4iteks lekkejuhtimisele.<\/p>\n<h3><\/h3>\n<p id=\"tw-target-text\" class=\"tw-data-text tw-text-large XcVN5d tw-ta\" dir=\"ltr\" data-placeholder=\"T\u00f5lge\"><span class=\"Y2IQFc\" lang=\"et\">H\u00e4irivad v\u00e4ljakutsed on oluliselt v\u00e4henenud t\u00e4nu sisseehitatud funktsioonidele, nagu pumba tagasip\u00f6\u00f6ramine, mis hoiab \u00e4ra ummistumise, ja h\u00e4ired, mis n\u00f5uavad ennetavat hooldust. Pumba energiat\u00f5husust optimeeritakse, j\u00e4lgides pumba pinget ja voolutugevust, et arvutada tegelik energiatarve. Teades iga pumba energiat, v\u00e4hendab see pumbajaama elektritarbimist, kasutades k\u00f5ige t\u00f5husama pumba kasutamist.<\/span><\/p>\n<p>Flygt MultiSmarti sisseehitatud funktsioonid, nagu 3-faasiline voolu j\u00e4lgimine, aitavad v\u00e4hendada juhtpaneeli kulusid. Kaugjuhtimispult v\u00e4hendab hooldust ja saidik\u00fclastuste sagedust, samas kui sisseehitatud kohalik SCADA eemaldab HMI riist- ja tarkvara lisakulud.<\/p>\n<\/div>\n","protected":false},"excerpt":{"rendered":"<p>TOOTE OMADUSED Lihtsustatud j\u00e4\u00e4tmete ja kanalisatsiooni juhtimine Lihtne paigaldus, kasutuselev\u00f5tt ja integreerimine Patenteeritud seadev\u00e4\u00e4rtuste profiilid teie pumbajaama optimeerimiseks Ennustav hooldus-v\u00e4hem v\u00e4ljakutseid ja saidik\u00fclastusi Lihtne paigaldada, lihtne kasutada Uue jaama kasutuselev\u00f5tmine v\u00f5i olemasoleva jaama muutmine selle t\u00f5hususe v\u00f5i kulut\u00f5hususe maksimeerimiseks on intuitiivse kasutajaliidese abil lihtne. MultiSmarti abil saab iga parameetrit h\u00f5lpsasti muuta, et teie jaam t\u00f6\u00f6taks [&#8230;]\n","protected":false},"featured_media":9463,"comment_status":"closed","ping_status":"closed","template":"","meta":[],"product_brand":[],"product_cat":[293],"product_tag":[],"class_list":{"0":"post-10955","1":"product","2":"type-product","3":"status-publish","4":"has-post-thumbnail","6":"product_cat-293","8":"first","9":"instock","10":"taxable","11":"shipping-taxable","12":"product-type-simple"},"_links":{"self":[{"href":"https:\/\/hekes.ee\/ru\/wp-json\/wp\/v2\/product\/10955","targetHints":{"allow":["GET"]}}],"collection":[{"href":"https:\/\/hekes.ee\/ru\/wp-json\/wp\/v2\/product"}],"about":[{"href":"https:\/\/hekes.ee\/ru\/wp-json\/wp\/v2\/types\/product"}],"replies":[{"embeddable":true,"href":"https:\/\/hekes.ee\/ru\/wp-json\/wp\/v2\/comments?post=10955"}],"wp:featuredmedia":[{"embeddable":true,"href":"https:\/\/hekes.ee\/ru\/wp-json\/wp\/v2\/media\/9463"}],"wp:attachment":[{"href":"https:\/\/hekes.ee\/ru\/wp-json\/wp\/v2\/media?parent=10955"}],"wp:term":[{"taxonomy":"product_brand","embeddable":true,"href":"https:\/\/hekes.ee\/ru\/wp-json\/wp\/v2\/product_brand?post=10955"},{"taxonomy":"product_cat","embeddable":true,"href":"https:\/\/hekes.ee\/ru\/wp-json\/wp\/v2\/product_cat?post=10955"},{"taxonomy":"product_tag","embeddable":true,"href":"https:\/\/hekes.ee\/ru\/wp-json\/wp\/v2\/product_tag?post=10955"}],"curies":[{"name":"wp","href":"https:\/\/api.w.org\/{rel}","templated":true}]}}