{"id":10954,"date":"2020-01-22T09:42:16","date_gmt":"2020-01-22T09:42:16","guid":{"rendered":"https:\/\/hekes.ee\/toode\/smartrun-pump-station-controller\/"},"modified":"2020-01-22T09:42:16","modified_gmt":"2020-01-22T09:42:16","slug":"smartrun-pump-station-controller","status":"publish","type":"product","link":"https:\/\/hekes.ee\/ru\/toode\/smartrun-pump-station-controller\/","title":{"rendered":"SmartRun\u00ae Pump Station Controller"},"content":{"rendered":"<div class=\"product-features body-copy p-v-20 p-h-20\">\n<p><span class=\"Y2IQFc\" lang=\"et\">TOOTE OMADUSED<br \/>\n<\/span><\/p>\n<ul>\n<li><span class=\"Y2IQFc\" lang=\"et\">Suurenenud pumpamise t\u00f6\u00f6kindlus<br \/>\n<\/span><\/li>\n<li><span class=\"Y2IQFc\" lang=\"et\">Patenteeritud energia minimeerija s\u00e4\u00e4stab kuni 30%<br \/>\n<\/span><\/li>\n<li><span class=\"Y2IQFc\" lang=\"et\">Lihtne k\u00e4ivitada<br \/>\n<\/span><\/li>\n<li><span class=\"Y2IQFc\" lang=\"et\">Eelprogrammeeritud ja optimeeritud Flygt N-pumpade jaoks<br \/>\n<\/span><\/li>\n<li><span class=\"Y2IQFc\" lang=\"et\">Pumba, karteri ja torude puhastamine<br \/>\n<\/span><\/li>\n<li><span class=\"Y2IQFc\" lang=\"et\">Kohaldatav dupleks- ja triplekspumbajaamade jaoks<\/span><\/li>\n<\/ul>\n<\/div>\n<div class=\"product-description body-copy\">\n<h3>Pumba kiiruse kontroll pole kunagi olnud nii lihtne<\/h3>\n<p id=\"tw-target-text\" class=\"tw-data-text tw-text-large XcVN5d tw-ta\" dir=\"ltr\" data-placeholder=\"T\u00f5lge\"><span class=\"Y2IQFc\" lang=\"et\">Soovime tutvustada SmartRun &#x2122;-pumbajaama kontrollerit kuni kolme vahelduva pumbaga pumbajaamadele. See Experior &#x2122; tootevaliku lahutamatu osa, see pumba juhtseade v\u00f5imaldab teie pumbal enda eest hoolitseda, vabastades vajadusel prahti ja ummistusi, seadistades energiat\u00f5hususe ja kulude kokkuhoiu jaoks optimaalse kiiruse ning suheldes v\u00e4liste j\u00e4lgimisseadmetega meelerahu tagamiseks.<\/span><\/p>\n<h3>SmartRun&#x2122;<\/h3>\n<p id=\"tw-target-text\" class=\"tw-data-text tw-text-large XcVN5d tw-ta\" dir=\"ltr\" data-placeholder=\"T\u00f5lge\"><span class=\"Y2IQFc\" lang=\"et\">SmartRun&#x2122; \u200b intelligentne juhtimine \u00fchendab VFD\/draivi t\u00e4iustatud funktsioonid lihtsa ja intuitiivse kontrolleriga. Mitmed reovee pumpamise p\u00f5hifunktsioonid on eelprogrammeeritud ja parameetrid eelseadistatud. Tegelikult on m\u00f5ned funktsioonid, nagu energia minimeerija ja puhastusfunktsioonid, adaptiivsed, mis tagab pumbajaama optimeerimise ka tulevikus toimuvate muudatuste korral.<\/p>\n<p>SmartRun hoolitseb pumba puhastamise, torude puhastamise, vanni puhastamise ja veehaamri v\u00e4hendamise eest intelligentsete pehmete k\u00e4ivitamiste ja seiskamiste abil, viies teid t\u00f6\u00f6kindluse ja t\u00f5hususe uuele tasemele. Integreeritud luure ja muutuva kiiruse juhtimine t\u00e4hendab, et see sobib ideaalselt Flygti N-pumpadega-kombinatsiooniga, mis v\u00f5imaldab potentsiaalselt saavutada 50% energias\u00e4\u00e4stu.<\/p>\n<p>See teeb seda, mida teised \u00fcritavad. SmartRun&#x2122; &#8212; N-pumba optimeerija!<\/span><\/p>\n<\/div>\n","protected":false},"excerpt":{"rendered":"<p>TOOTE OMADUSED Suurenenud pumpamise t\u00f6\u00f6kindlus Patenteeritud energia minimeerija s\u00e4\u00e4stab kuni 30% Lihtne k\u00e4ivitada Eelprogrammeeritud ja optimeeritud Flygt N-pumpade jaoks Pumba, karteri ja torude puhastamine Kohaldatav dupleks- ja triplekspumbajaamade jaoks Pumba kiiruse kontroll pole kunagi olnud nii lihtne Soovime tutvustada SmartRun &#x2122;-pumbajaama kontrollerit kuni kolme vahelduva pumbaga pumbajaamadele. See Experior &#x2122; tootevaliku lahutamatu osa, see pumba [&#8230;]\n","protected":false},"featured_media":9467,"comment_status":"closed","ping_status":"closed","template":"","meta":[],"product_brand":[],"product_cat":[293],"product_tag":[],"class_list":{"0":"post-10954","1":"product","2":"type-product","3":"status-publish","4":"has-post-thumbnail","6":"product_cat-293","8":"first","9":"instock","10":"taxable","11":"shipping-taxable","12":"product-type-simple"},"_links":{"self":[{"href":"https:\/\/hekes.ee\/ru\/wp-json\/wp\/v2\/product\/10954","targetHints":{"allow":["GET"]}}],"collection":[{"href":"https:\/\/hekes.ee\/ru\/wp-json\/wp\/v2\/product"}],"about":[{"href":"https:\/\/hekes.ee\/ru\/wp-json\/wp\/v2\/types\/product"}],"replies":[{"embeddable":true,"href":"https:\/\/hekes.ee\/ru\/wp-json\/wp\/v2\/comments?post=10954"}],"wp:featuredmedia":[{"embeddable":true,"href":"https:\/\/hekes.ee\/ru\/wp-json\/wp\/v2\/media\/9467"}],"wp:attachment":[{"href":"https:\/\/hekes.ee\/ru\/wp-json\/wp\/v2\/media?parent=10954"}],"wp:term":[{"taxonomy":"product_brand","embeddable":true,"href":"https:\/\/hekes.ee\/ru\/wp-json\/wp\/v2\/product_brand?post=10954"},{"taxonomy":"product_cat","embeddable":true,"href":"https:\/\/hekes.ee\/ru\/wp-json\/wp\/v2\/product_cat?post=10954"},{"taxonomy":"product_tag","embeddable":true,"href":"https:\/\/hekes.ee\/ru\/wp-json\/wp\/v2\/product_tag?post=10954"}],"curies":[{"name":"wp","href":"https:\/\/api.w.org\/{rel}","templated":true}]}}