{"id":10952,"date":"2020-01-22T09:50:48","date_gmt":"2020-01-22T09:50:48","guid":{"rendered":"https:\/\/hekes.ee\/toode\/pumpsmart\/"},"modified":"2020-01-22T09:50:48","modified_gmt":"2020-01-22T09:50:48","slug":"pumpsmart","status":"publish","type":"product","link":"https:\/\/hekes.ee\/ru\/toode\/pumpsmart\/","title":{"rendered":"PumpSmart"},"content":{"rendered":"<div class=\"product-features body-copy p-v-20 p-h-20\">\n<p id=\"tw-target-text\" class=\"tw-data-text tw-text-large XcVN5d tw-ta\" dir=\"ltr\" data-placeholder=\"T\u00f5lge\"><span class=\"Y2IQFc\" lang=\"et\">TOOTE OMADUSED<br \/>\n<\/span><\/p>\n<ul>\n<li class=\"tw-data-text tw-text-large XcVN5d tw-ta\" dir=\"ltr\" data-placeholder=\"T\u00f5lge\"><span class=\"Y2IQFc\" lang=\"et\">Suurenenud pumba efektiivsus<br \/>\n<\/span><\/li>\n<li class=\"tw-data-text tw-text-large XcVN5d tw-ta\" dir=\"ltr\" data-placeholder=\"T\u00f5lge\"><span class=\"Y2IQFc\" lang=\"et\">Energias\u00e4\u00e4st \u2013 kohandab pumba kiirust vastavalt s\u00fcsteemi n\u00f5udlusele<br \/>\n<\/span><\/li>\n<li class=\"tw-data-text tw-text-large XcVN5d tw-ta\" dir=\"ltr\" data-placeholder=\"T\u00f5lge\"><span class=\"Y2IQFc\" lang=\"et\">Parem s\u00fcsteemi t\u00f6\u00f6kindlus &#8212; v\u00e4hendab pingeid elektri- ja h\u00fcdros\u00fcsteemidele<br \/>\n<\/span><\/li>\n<li class=\"tw-data-text tw-text-large XcVN5d tw-ta\" dir=\"ltr\" data-placeholder=\"T\u00f5lge\"><span class=\"Y2IQFc\" lang=\"et\">T\u00e4iustatud protsessi juhtimine \u2013 \u00fchtib voolu ja suuna s\u00fcsteemin\u00f5uetega<br \/>\n<\/span><\/li>\n<li class=\"tw-data-text tw-text-large XcVN5d tw-ta\" dir=\"ltr\" data-placeholder=\"T\u00f5lge\"><span class=\"Y2IQFc\" lang=\"et\">Suurem paindlikkus \u2013 optimeerib m\u00f5\u00f5tmete m\u00e4\u00e4ramist uutes ja \u00fcmberehitatud paigaldustes<\/span><\/li>\n<\/ul>\n<\/div>\n<div class=\"product-description body-copy\">\n<p id=\"tw-target-text\" class=\"tw-data-text tw-text-large XcVN5d tw-ta\" dir=\"ltr\" data-placeholder=\"T\u00f5lge\"><span class=\"Y2IQFc\" lang=\"et\">Tavalist muutuva sagedusega reguleeriat saab kasutada k\u00fcmnetes erinevates rakendustes, kuid pumba kiiruse reguleerimine pole lihtne. Probleemide v\u00e4ltimiseks peate p\u00f6\u00f6rama erilist t\u00e4helepanu voolule ja t\u00f5stek\u00f5rgusele. Seet\u00f5ttu t\u00f6\u00f6tati v\u00e4lja PumpSmarti kontseptsioon. Oma ainulaadse tarkvaraga on PumpSmart kontseptsioon, mis on kohandatud reoveepumpade k\u00e4itamiseks. Tavalise muutuva sagedusega ajami kasutamine t\u00e4hendab tavaliselt pumpade v\u00e4hendamist. Kuid PumpSmart v\u00f5imaldab teil oodata k\u00f5iki kiiruse reguleerimise eeliseid ja pumpamise t\u00f5husust.<\/span><\/p>\n<p id=\"tw-target-text\" class=\"tw-data-text tw-text-large XcVN5d tw-ta\" dir=\"ltr\" data-placeholder=\"T\u00f5lge\"><span class=\"Y2IQFc\" lang=\"et\">PumpSmart pakub t\u00e4iustatud pumba juhtimis-, kaitse- ja optimeerimisloogikat, mille eesm\u00e4rk on v\u00e4ltida rikkeid, parandada pumba t\u00f6\u00f6kindlust ja maksimeerida teie pumbas\u00fcsteemide vooluhulka.<\/p>\n<p>See on h\u00e4sti konfigureeritav pumba juhtseade, mis on loodud vastama k\u00f5ikidele pumbarakenduse n\u00f5uetele, pakkudes t\u00e4iustatud juhtimisalgoritme, mis maksimeerivad energias\u00e4\u00e4stu ja t\u00f6\u00f6kindlust. T\u00e4iustatud r\u00f5hureguleerimine, s\u00fcnkroonne mitmepumba juhtimine, kavitatsiooni juhtimine ja vooluhulga arvutamine on m\u00f5ned funktsioonid, mis on saadaval pumpamisrakenduste k\u00f5ikide v\u00e4ljakutsete jaoks.<\/span><\/p>\n<\/div>\n","protected":false},"excerpt":{"rendered":"<p>TOOTE OMADUSED Suurenenud pumba efektiivsus Energias\u00e4\u00e4st \u2013 kohandab pumba kiirust vastavalt s\u00fcsteemi n\u00f5udlusele Parem s\u00fcsteemi t\u00f6\u00f6kindlus &#8212; v\u00e4hendab pingeid elektri- ja h\u00fcdros\u00fcsteemidele T\u00e4iustatud protsessi juhtimine \u2013 \u00fchtib voolu ja suuna s\u00fcsteemin\u00f5uetega Suurem paindlikkus \u2013 optimeerib m\u00f5\u00f5tmete m\u00e4\u00e4ramist uutes ja \u00fcmberehitatud paigaldustes Tavalist muutuva sagedusega reguleeriat saab kasutada k\u00fcmnetes erinevates rakendustes, kuid pumba kiiruse reguleerimine pole [&#8230;]\n","protected":false},"featured_media":9477,"comment_status":"closed","ping_status":"closed","template":"","meta":[],"product_brand":[],"product_cat":[293],"product_tag":[],"class_list":{"0":"post-10952","1":"product","2":"type-product","3":"status-publish","4":"has-post-thumbnail","6":"product_cat-293","8":"first","9":"instock","10":"taxable","11":"shipping-taxable","12":"product-type-simple"},"_links":{"self":[{"href":"https:\/\/hekes.ee\/ru\/wp-json\/wp\/v2\/product\/10952","targetHints":{"allow":["GET"]}}],"collection":[{"href":"https:\/\/hekes.ee\/ru\/wp-json\/wp\/v2\/product"}],"about":[{"href":"https:\/\/hekes.ee\/ru\/wp-json\/wp\/v2\/types\/product"}],"replies":[{"embeddable":true,"href":"https:\/\/hekes.ee\/ru\/wp-json\/wp\/v2\/comments?post=10952"}],"wp:featuredmedia":[{"embeddable":true,"href":"https:\/\/hekes.ee\/ru\/wp-json\/wp\/v2\/media\/9477"}],"wp:attachment":[{"href":"https:\/\/hekes.ee\/ru\/wp-json\/wp\/v2\/media?parent=10952"}],"wp:term":[{"taxonomy":"product_brand","embeddable":true,"href":"https:\/\/hekes.ee\/ru\/wp-json\/wp\/v2\/product_brand?post=10952"},{"taxonomy":"product_cat","embeddable":true,"href":"https:\/\/hekes.ee\/ru\/wp-json\/wp\/v2\/product_cat?post=10952"},{"taxonomy":"product_tag","embeddable":true,"href":"https:\/\/hekes.ee\/ru\/wp-json\/wp\/v2\/product_tag?post=10952"}],"curies":[{"name":"wp","href":"https:\/\/api.w.org\/{rel}","templated":true}]}}