{"id":10915,"date":"2021-02-02T12:20:25","date_gmt":"2021-02-02T12:20:25","guid":{"rendered":"https:\/\/hekes.ee\/toode\/nanofiltratsioonisusteem-dulcosmose-nf\/"},"modified":"2024-06-19T11:51:58","modified_gmt":"2024-06-19T11:51:58","slug":"nanofiltratsioonisusteem-dulcosmose-nf","status":"publish","type":"product","link":"https:\/\/hekes.ee\/ru\/toode\/nanofiltratsioonisusteem-dulcosmose-nf\/","title":{"rendered":"Nanofiltreerimis-s\u00fcsteem Dulcosmose\u00ae NF"},"content":{"rendered":"<p>Permeaadi v\u00e4ljundid vahemikus 1 kuni 50 m3 \/ h, suuremad v\u00e4ljundid on v\u00f5imalikud n\u00f5udmisel.<br \/>\nNanofiltratsioonis\u00fcsteemina v\u00f5ib Dulcosmose\u00ae NF &#8212; kompaktne ja hinna ja kvaliteedi suhe &#8212; \u00fcksus \u00fcle v\u00f5tta osalise magestamise t\u00f6\u00f6stuslikes rakendustes. Maksimaalne permeaadi v\u00e4ljund madala t\u00f6\u00f6r\u00f5hu korral tagab madalaimad investeerimis- ja tegevuskulud t\u00e4nu uusimale &#171;\u00fclimadalale r\u00f5hule&#187;.<\/p>\n<div>Osaline soolatustamine t\u00f6\u00f6stuslikuks kasutamiseks &#8212; kompaktne ja kulut\u00f5hus. Uusima p\u00f5lvkonna \u00fclimadalr\u00f5huliste membraanidega varustatud s\u00fcsteem saavutab madala t\u00f6\u00f6r\u00f5hu ja suure v\u00e4ljundv\u00f5imsusega maksimaalse permeaadi j\u00f5udluse, v\u00e4hendades seel\u00e4bi investeerimis- ja tegevuskulusid. Kuna s\u00fcsteem t\u00f6\u00f6tab madala t\u00f6\u00f6r\u00f5huga, saab kogu s\u00fcsteemi paigaldada odavad PVC torustikud. See s\u00fcsteem on saadaval ka integreeritud, poolautomaatse puhastuss\u00fcsteemiga ning permeaadi ja \/ v\u00f5i toorvee loputusv\u00f5imalusega. S\u00fcsteemi saab h\u00f5lpsasti kohandada vastavalt konkreetsetele klientide n\u00f5udmistele. Torustikumaterjal, muud t\u00fc\u00fcpi membraanid soola paremaks s\u00e4ilitamiseks v\u00f5i v\u00e4rvimuutuseks, m\u00f5\u00f5te- ja kontrollitehnoloogia (nt juhtivus, redokspotentsiaal v\u00f5i pH m\u00f5\u00f5tmine) ja m\u00f5\u00f5tetehnoloogia (eel- ja j\u00e4relt\u00f6\u00f6tluses) integreerimine kogu protsessi visualiseerimiseks koos perifeersed komponendid PLC-l.<\/div>\n<div><\/div>\n<div><strong>Rakendusvaldkond:<\/strong><\/div>\n<ul>\n<li>Odav alternatiiv p\u00f6\u00f6rdosmoosis\u00fcsteemidele spetsiaalsete magestamise \u00fclesannete jaoks, n\u00e4iteks mitme laetud iooni v\u00f5i v\u00e4rvainete eemaldamine<\/li>\n<li>Osaline vee pehmendamine v\u00f5i vee pehmendamine avalikus joogivees<\/li>\n<li>Osaline soolatustamine keemia- ja farmaatsiat\u00f6\u00f6stuses, toidu- ja joogit\u00f6\u00f6stuses, metallit\u00f6\u00f6tlemist\u00f6\u00f6stuses ja galvaniseerimises<\/li>\n<\/ul>\n","protected":false},"excerpt":{"rendered":"<ul>\n<li>Permeaadi v\u00e4ljundid vahemikus 1 kuni 50 m3 \/ h<\/li>\n<\/ul>\n","protected":false},"featured_media":7122,"comment_status":"closed","ping_status":"closed","template":"","meta":[],"product_brand":[],"product_cat":[281],"product_tag":[],"class_list":{"0":"post-10915","1":"product","2":"type-product","3":"status-publish","4":"has-post-thumbnail","6":"product_cat-281","8":"first","9":"instock","10":"taxable","11":"shipping-taxable","12":"product-type-simple"},"_links":{"self":[{"href":"https:\/\/hekes.ee\/ru\/wp-json\/wp\/v2\/product\/10915","targetHints":{"allow":["GET"]}}],"collection":[{"href":"https:\/\/hekes.ee\/ru\/wp-json\/wp\/v2\/product"}],"about":[{"href":"https:\/\/hekes.ee\/ru\/wp-json\/wp\/v2\/types\/product"}],"replies":[{"embeddable":true,"href":"https:\/\/hekes.ee\/ru\/wp-json\/wp\/v2\/comments?post=10915"}],"wp:featuredmedia":[{"embeddable":true,"href":"https:\/\/hekes.ee\/ru\/wp-json\/wp\/v2\/media\/7122"}],"wp:attachment":[{"href":"https:\/\/hekes.ee\/ru\/wp-json\/wp\/v2\/media?parent=10915"}],"wp:term":[{"taxonomy":"product_brand","embeddable":true,"href":"https:\/\/hekes.ee\/ru\/wp-json\/wp\/v2\/product_brand?post=10915"},{"taxonomy":"product_cat","embeddable":true,"href":"https:\/\/hekes.ee\/ru\/wp-json\/wp\/v2\/product_cat?post=10915"},{"taxonomy":"product_tag","embeddable":true,"href":"https:\/\/hekes.ee\/ru\/wp-json\/wp\/v2\/product_tag?post=10915"}],"curies":[{"name":"wp","href":"https:\/\/api.w.org\/{rel}","templated":true}]}}