{"id":10913,"date":"2021-02-02T12:52:46","date_gmt":"2021-02-02T12:52:46","guid":{"rendered":"https:\/\/hekes.ee\/toode\/verderflex-dura\/"},"modified":"2021-02-02T12:52:46","modified_gmt":"2021-02-02T12:52:46","slug":"verderflex-dura","status":"publish","type":"product","link":"https:\/\/hekes.ee\/ru\/toode\/verderflex-dura\/","title":{"rendered":"Verderflex\u00ae Dura"},"content":{"rendered":"<div>Verderflex Dura on t\u00f5eline 2. p\u00f5lvkonna pump: esimene t\u00f5eline edasiminek voolikupumba tehnoloogias p\u00e4rast k\u00f5rgsurvevoolikut. See \u00fchendab tiheda sidestusega pumba kompaktsuse traditsioonilise pika pumba eeliste ja kasudega, mis tulenevad algse kontseptsiooni kohandamise asemel t\u00e4ielikust \u00fcmberkujundamisest.<\/div>\n<ul>\n<li>Max vooluhulk 15300 l \/ h<\/li>\n<li>Maksimaalne r\u00f5hk 16 baari<\/li>\n<\/ul>\n<h2 class=\"h3\">Verderflex Dura<\/h2>\n<div class=\"tx-pumpdist\">\n<table class=\"spec-table\">\n<thead class=\"thead-dark\">\n<tr>\n<th scope=\"col\">Type<\/th>\n<th scope=\"col\">Max. flow<\/th>\n<th scope=\"col\">Max. discharge pressure<\/th>\n<th scope=\"col\">Max. temperature<\/th>\n<th scope=\"col\">Max. particle size<\/th>\n<th scope=\"col\">Certificates<\/th>\n<th>Technosheet<\/th>\n<\/tr>\n<\/thead>\n<tbody>\n<tr>\n<td>\n<h2 class=\"h3\"><a href=\"https:\/\/www.verderliquids.com\/int\/en\/purchasing-peristaltic-pumps-verderflex\/verderflex-dura\/dura-5\/\" target=\"_blank\" rel=\"noopener\">Dura 5<\/a><\/h2>\n<\/td>\n<td>23\u00a0l\/h<\/td>\n<td>8\u00a0bar<\/td>\n<td>50\u00a0\u00b0C<\/td>\n<td>1,25\u00a0mm<\/td>\n<td>Atex<\/td>\n<td class=\"technosheet\"><a class=\"btn btn-primary\" title=\"Verderflex Dura 5\" href=\"https:\/\/www.verderliquids.com\/fileadmin\/user_upload\/Test\/Verderflex_Datasheet\/Verderflex_Dura_D5%20mkIV_INT_English_Datasheet.pdf\" target=\"_blank\" rel=\"noopener\">Dura 5 Technosheet<\/a><\/td>\n<\/tr>\n<tr>\n<td>\n<h2 class=\"h3\"><a href=\"https:\/\/www.verderliquids.com\/int\/en\/purchasing-peristaltic-pumps-verderflex\/verderflex-dura\/dura-7\/\" target=\"_blank\" rel=\"noopener\">Dura 7<\/a><\/h2>\n<\/td>\n<td>39\u00a0l\/h<\/td>\n<td>8\u00a0bar<\/td>\n<td>50\u00a0\u00b0C<\/td>\n<td>1,75\u00a0mm<\/td>\n<td>Atex<\/td>\n<td class=\"technosheet\"><a class=\"btn btn-primary\" title=\"Technosheet Dura 7\" href=\"https:\/\/www.verderliquids.com\/fileadmin\/user_upload\/Test\/Verderflex_Datasheet\/Verderflex_Dura_D7mkIV_INT_English_Datasheet.pdf\" target=\"_blank\" rel=\"noopener\">Dura 7 Technosheet<\/a><\/td>\n<\/tr>\n<tr>\n<td>\n<h2 class=\"h3\"><a href=\"https:\/\/www.verderliquids.com\/int\/en\/purchasing-peristaltic-pumps-verderflex\/verderflex-dura\/dura-10\/\" target=\"_blank\" rel=\"noopener\">Dura 10<\/a><\/h2>\n<\/td>\n<td>222\u00a0l\/h<\/td>\n<td>12\u00a0bar<\/td>\n<td>65\u00a0\u00b0C<\/td>\n<td>2,5\u00a0mm<\/td>\n<td>Atex, FDA, EC\/1935<\/td>\n<td class=\"technosheet\"><a class=\"btn btn-primary\" title=\"Verderflex Dura 10 technosheet\" href=\"https:\/\/www.verderliquids.com\/fileadmin\/user_upload\/Test\/Verderflex_Datasheet\/Verderflex_Dura_D10_INT_English_Datasheet.pdf\" target=\"_blank\" rel=\"noopener\">Dura 10 Technosheet<\/a><\/td>\n<\/tr>\n<tr>\n<td>\n<h2 class=\"h3\"><a href=\"https:\/\/www.verderliquids.com\/int\/en\/purchasing-peristaltic-pumps-verderflex\/verderflex-dura\/dura-15\/\" target=\"_blank\" rel=\"noopener\">Dura 15<\/a><\/h2>\n<\/td>\n<td>593\u00a0l\/h<\/td>\n<td>12\u00a0bar<\/td>\n<td>65\u00a0\u00b0C<\/td>\n<td>3,75\u00a0mm<\/td>\n<td>Atex, FDA, EC\/1935<\/td>\n<td class=\"technosheet\"><a class=\"btn btn-primary\" title=\"Verderflex Dura 15 Technosheet\" href=\"https:\/\/www.verderliquids.com\/fileadmin\/user_upload\/Test\/Verderflex_Datasheet\/Verderflex_Dura_D15_INT_English_Datasheet.pdf\" target=\"_blank\" rel=\"noopener\">Dura 15 Technosheet<\/a><\/td>\n<\/tr>\n<tr>\n<td>\n<h2 class=\"h3\"><a href=\"https:\/\/www.verderliquids.com\/int\/en\/purchasing-peristaltic-pumps-verderflex\/verderflex-dura\/dura-25\/\" target=\"_blank\" rel=\"noopener\">Dura 25<\/a><\/h2>\n<\/td>\n<td>2387\u00a0l\/h<\/td>\n<td>12\u00a0bar<\/td>\n<td>65\u00a0\u00b0C<\/td>\n<td>6,25\u00a0mm<\/td>\n<td>Atex, FDA, EC\/1935<\/td>\n<td class=\"technosheet\"><a class=\"btn btn-primary\" title=\"Verderflex Dura 25 Technosheet\" href=\"https:\/\/www.verderliquids.com\/fileadmin\/user_upload\/Test\/Verderflex_Datasheet\/Verderflex_Dura_D25_INT_English_Datasheet.pdf\" target=\"_blank\" rel=\"noopener\">Dura 25 Technosheet<\/a><\/td>\n<\/tr>\n<tr>\n<td>\n<h2 class=\"h3\"><a href=\"https:\/\/www.verderliquids.com\/int\/en\/purchasing-peristaltic-pumps-verderflex\/verderflex-dura\/dura-35\/\" target=\"_blank\" rel=\"noopener\">Dura 35<\/a><\/h2>\n<\/td>\n<td>5292\u00a0l\/h<\/td>\n<td>16\u00a0bar<\/td>\n<td>65\u00a0\u00b0C<\/td>\n<td>8,75\u00a0mm<\/td>\n<td>Atex, FDA, EC\/1935<\/td>\n<td class=\"technosheet\"><a class=\"btn btn-primary\" title=\"Verderflex Dura 35 Technosheet\" href=\"https:\/\/www.verderliquids.com\/fileadmin\/user_upload\/Test\/Verderflex_Datasheet\/Verderflex_Dura_D35_INT_English_Datasheet.pdf\" target=\"_blank\" rel=\"noopener\">Dura 35 Technosheet<\/a><\/td>\n<\/tr>\n<tr>\n<td>\n<h2 class=\"h3\"><a href=\"https:\/\/www.verderliquids.com\/int\/en\/purchasing-peristaltic-pumps-verderflex\/verderflex-dura\/dura-45\/\" target=\"_blank\" rel=\"noopener\">Dura 45<\/a><\/h2>\n<\/td>\n<td>12240\u00a0l\/h<\/td>\n<td>16\u00a0bar<\/td>\n<td>90\u00a0\u00b0C<\/td>\n<td>11,25\u00a0mm<\/td>\n<td>Atex, FDA, EC\/1935<\/td>\n<td class=\"technosheet\"><a class=\"btn btn-primary\" title=\"Verderflex Dura 45 Technosheet\" href=\"https:\/\/www.verderliquids.com\/fileadmin\/user_upload\/Test\/Verderflex_Datasheet\/Verderflex_Dura_D45_INT_English_Datasheet.pdf\" target=\"_blank\" rel=\"noopener\">Dura 45 Technosheet<\/a><\/td>\n<\/tr>\n<tr>\n<td>\n<h2 class=\"h3\"><a href=\"https:\/\/www.verderliquids.com\/int\/en\/purchasing-peristaltic-pumps-verderflex\/verderflex-dura\/dura-55\/\" target=\"_blank\" rel=\"noopener\">Dura 55<\/a><\/h2>\n<\/td>\n<td>15300\u00a0l\/h<\/td>\n<td>16\u00a0bar<\/td>\n<td>90\u00a0\u00b0C<\/td>\n<td>13,75\u00a0mm<\/td>\n<td>Atex, FDA, EC\/1935<\/td>\n<td class=\"technosheet\"><a class=\"btn btn-primary\" title=\"Verderflex Dura 55 Technosheet\" href=\"https:\/\/www.verderliquids.com\/fileadmin\/user_upload\/Test\/Verderflex_Datasheet\/Verderflex_Dura_D55_INT_English_Datasheet.pdf\" target=\"_blank\" rel=\"noopener\">Dura 55 Technosheet<\/a><\/td>\n<\/tr>\n<\/tbody>\n<\/table>\n<\/div>\n","protected":false},"excerpt":{"rendered":"<p>Verderflex Dura on t\u00f5eline 2. p\u00f5lvkonna pump: esimene t\u00f5eline edasiminek voolikupumba tehnoloogias p\u00e4rast k\u00f5rgsurvevoolikut. See \u00fchendab tiheda sidestusega pumba kompaktsuse traditsioonilise pika pumba eeliste ja kasudega, mis tulenevad algse kontseptsiooni kohandamise asemel t\u00e4ielikust \u00fcmberkujundamisest. Max vooluhulk 15300 l \/ h Maksimaalne r\u00f5hk 16 baari Verderflex Dura Type Max. flow Max. discharge pressure Max. temperature Max. [&#8230;]\n","protected":false},"featured_media":7131,"comment_status":"closed","ping_status":"closed","template":"","meta":[],"product_brand":[],"product_cat":[286,289],"product_tag":[],"class_list":{"0":"post-10913","1":"product","2":"type-product","3":"status-publish","4":"has-post-thumbnail","6":"product_cat-verdeflex-ru","7":"product_cat-289","9":"first","10":"instock","11":"taxable","12":"shipping-taxable","13":"product-type-simple"},"_links":{"self":[{"href":"https:\/\/hekes.ee\/ru\/wp-json\/wp\/v2\/product\/10913","targetHints":{"allow":["GET"]}}],"collection":[{"href":"https:\/\/hekes.ee\/ru\/wp-json\/wp\/v2\/product"}],"about":[{"href":"https:\/\/hekes.ee\/ru\/wp-json\/wp\/v2\/types\/product"}],"replies":[{"embeddable":true,"href":"https:\/\/hekes.ee\/ru\/wp-json\/wp\/v2\/comments?post=10913"}],"wp:featuredmedia":[{"embeddable":true,"href":"https:\/\/hekes.ee\/ru\/wp-json\/wp\/v2\/media\/7131"}],"wp:attachment":[{"href":"https:\/\/hekes.ee\/ru\/wp-json\/wp\/v2\/media?parent=10913"}],"wp:term":[{"taxonomy":"product_brand","embeddable":true,"href":"https:\/\/hekes.ee\/ru\/wp-json\/wp\/v2\/product_brand?post=10913"},{"taxonomy":"product_cat","embeddable":true,"href":"https:\/\/hekes.ee\/ru\/wp-json\/wp\/v2\/product_cat?post=10913"},{"taxonomy":"product_tag","embeddable":true,"href":"https:\/\/hekes.ee\/ru\/wp-json\/wp\/v2\/product_tag?post=10913"}],"curies":[{"name":"wp","href":"https:\/\/api.w.org\/{rel}","templated":true}]}}