{"id":10912,"date":"2021-02-02T13:15:31","date_gmt":"2021-02-02T13:15:31","guid":{"rendered":"https:\/\/hekes.ee\/toode\/verderflex-rollit\/"},"modified":"2021-02-02T13:15:31","modified_gmt":"2021-02-02T13:15:31","slug":"verderflex-rollit","status":"publish","type":"product","link":"https:\/\/hekes.ee\/ru\/toode\/verderflex-rollit\/","title":{"rendered":"Verderflex\u00ae Rollit"},"content":{"rendered":"<div>M\u00e4\u00e4rdeta peristaltilised voolikupumbad. Verderflex Rollit on libestusvabade, h\u00f5lpsasti hooldatavate madala ja keskmise r\u00f5huga voolikupumpade perekond. Rollitsid on saadaval \u00fche- v\u00f5i kahe peaga stiilidega 2-baariliste, 4-baariliste v\u00f5i 2-baariliste h\u00fcgieeniliste versioonidena.<\/div>\n<ul>\n<li>Max vooluhulk 24500 l \/ h<\/li>\n<li>Maksimaalne r\u00f5hk 4 baari<\/li>\n<\/ul>\n<h2 class=\"h3\">Verderflex Rollit<\/h2>\n<div class=\"tx-pumpdist\">\n<table class=\"spec-table\" style=\"height: 1248px;\" width=\"925\">\n<thead class=\"thead-dark\">\n<tr>\n<th scope=\"col\">Type<\/th>\n<th scope=\"col\">Max. flow<\/th>\n<th scope=\"col\">Max. discharge pressure<\/th>\n<th scope=\"col\">Max. temperature<\/th>\n<th scope=\"col\">Max. particle size<\/th>\n<th scope=\"col\">Certificates<\/th>\n<th>Technosheet<\/th>\n<\/tr>\n<\/thead>\n<tbody>\n<tr>\n<td>\n<h2 class=\"h3\"><a href=\"https:\/\/www.verderliquids.com\/int\/en\/purchasing-peristaltic-pumps-verderflex\/verderflex-rollit\/rollit-10\/\" target=\"_blank\" rel=\"noopener\">Rollit 10<\/a><\/h2>\n<\/td>\n<td>140\u00a0l\/h<\/td>\n<td>2\u00a0bar<\/td>\n<td>80\u00a0\u00b0C<\/td>\n<td>7\u00a0mm<\/td>\n<td>FDA, ATEX<\/td>\n<td class=\"technosheet\"><a class=\"btn btn-primary\" title=\"Technosheet Rollit 10\" href=\"https:\/\/www.verderliquids.com\/fileadmin\/user_upload\/Website_documents_2016\/Verderflex\/Documents\/Documents_EN\/Rollit\/Rollit_10_Techno_Metric.pdf\" target=\"_blank\" rel=\"noopener\">Rollit 10 Technosheet<\/a><\/td>\n<\/tr>\n<tr>\n<td>\n<h2 class=\"h3\"><a href=\"https:\/\/www.verderliquids.com\/int\/en\/purchasing-peristaltic-pumps-verderflex\/verderflex-rollit\/rollit-15\/\" target=\"_blank\" rel=\"noopener\">Rollit 15<\/a><\/h2>\n<\/td>\n<td>500\u00a0l\/h<\/td>\n<td>2\u00a0bar<\/td>\n<td>80\u00a0\u00b0C<\/td>\n<td>12\u00a0mm<\/td>\n<td>FDA, ATEX<\/td>\n<td class=\"technosheet\"><a class=\"btn btn-primary\" title=\"Technosheet Rollit 15\" href=\"https:\/\/www.verderliquids.com\/fileadmin\/user_upload\/Website_documents_2016\/Verderflex\/Documents\/Documents_EN\/Rollit\/Rollit_15_Techno_Metric.pdf\" target=\"_blank\" rel=\"noopener\">Rollit 15 Technosheet<\/a><\/td>\n<\/tr>\n<tr>\n<td>\n<h2 class=\"h3\"><a href=\"https:\/\/www.verderliquids.com\/int\/en\/purchasing-peristaltic-pumps-verderflex\/verderflex-rollit\/rollit-25\/\" target=\"_blank\" rel=\"noopener\">Rollit 25<\/a><\/h2>\n<\/td>\n<td>2200\u00a0l\/h<\/td>\n<td>2\u00a0bar<\/td>\n<td>80\u00a0\u00b0C<\/td>\n<td>22\u00a0mm<\/td>\n<td>FDA, ATEX<\/td>\n<td class=\"technosheet\"><a class=\"btn btn-primary\" title=\"Technosheet Rollit 25\" href=\"https:\/\/www.verderliquids.com\/fileadmin\/user_upload\/Website_documents_2016\/Verderflex\/Documents\/Documents_EN\/Rollit\/Rollit_25_Techno_Metric.pdf\" target=\"_blank\" rel=\"noopener\">Rollit 25 Technosheet<\/a><\/td>\n<\/tr>\n<tr>\n<td>\n<h2 class=\"h3\"><a href=\"https:\/\/www.verderliquids.com\/int\/en\/purchasing-peristaltic-pumps-verderflex\/verderflex-rollit\/rollit-35\/\" target=\"_blank\" rel=\"noopener\">Rollit 35<\/a><\/h2>\n<\/td>\n<td>6000\u00a0l\/h<\/td>\n<td>2\u00a0bar<\/td>\n<td>80\u00a0\u00b0C<\/td>\n<td>30\u00a0mm<\/td>\n<td>FDA, ATEX<\/td>\n<td class=\"technosheet\"><a class=\"btn btn-primary\" title=\"Technosheet Rollit 35\" href=\"https:\/\/www.verderliquids.com\/fileadmin\/user_upload\/Website_documents_2016\/Verderflex\/Documents\/Documents_EN\/Rollit\/Rollit_35_Techno_Metric.pdf\" target=\"_blank\" rel=\"noopener\">Rollit 35 Technosheet<\/a><\/td>\n<\/tr>\n<tr>\n<td>\n<h2 class=\"h3\"><a href=\"https:\/\/www.verderliquids.com\/int\/en\/purchasing-peristaltic-pumps-verderflex\/verderflex-rollit\/rollit-50\/\" target=\"_blank\" rel=\"noopener\">Rollit 50<\/a><\/h2>\n<\/td>\n<td>12500\u00a0l\/h<\/td>\n<td>2\u00a0bar<\/td>\n<td>80\u00a0\u00b0C<\/td>\n<td>42\u00a0mm<\/td>\n<td>FDA, ATEX<\/td>\n<td class=\"technosheet\"><a class=\"btn btn-primary\" title=\"Technosheet Rollit 50\" href=\"https:\/\/www.verderliquids.com\/fileadmin\/user_upload\/Website_documents_2016\/Verderflex\/Documents\/Documents_EN\/Rollit\/Rollit_50_Techno_Metric.pdf\" target=\"_blank\" rel=\"noopener\">Rollit 50 Technosheet<\/a><\/td>\n<\/tr>\n<tr>\n<td>\n<h2 class=\"h3\"><a href=\"https:\/\/www.verderliquids.com\/int\/en\/purchasing-peristaltic-pumps-verderflex\/verderflex-rollit\/rollit-15-p\/\" target=\"_blank\" rel=\"noopener\">Rollit 15 P<\/a><\/h2>\n<\/td>\n<td>500\u00a0l\/h<\/td>\n<td>4\u00a0bar<\/td>\n<td>80\u00a0\u00b0C<\/td>\n<td>12\u00a0mm<\/td>\n<td>ATEX<\/td>\n<td class=\"technosheet\"><a class=\"btn btn-primary\" title=\"Technosheet Rollit 15 P\" href=\"https:\/\/www.verderliquids.com\/fileadmin\/user_upload\/Website_documents_2016\/Verderflex\/Documents\/Documents_EN\/Rollit\/Rollit_15_P_Techno_Metric.pdf\" target=\"_blank\" rel=\"noopener\">Rollit 15 P Technosheet<\/a><\/td>\n<\/tr>\n<tr>\n<td>\n<h2 class=\"h3\"><a href=\"https:\/\/www.verderliquids.com\/int\/en\/purchasing-peristaltic-pumps-verderflex\/verderflex-rollit\/rollit-25-p\/\" target=\"_blank\" rel=\"noopener\">Rollit 25 P<\/a><\/h2>\n<\/td>\n<td>2500\u00a0l\/h<\/td>\n<td>4\u00a0bar<\/td>\n<td>80\u00a0\u00b0C<\/td>\n<td>22\u00a0mm<\/td>\n<td>ATEX<\/td>\n<td class=\"technosheet\"><a class=\"btn btn-primary\" title=\"Technosheet Rollit 25 P\" href=\"https:\/\/www.verderliquids.com\/fileadmin\/user_upload\/Website_documents_2016\/Verderflex\/Documents\/Documents_EN\/Rollit\/Rollit_25_P_Techno_Metric.pdf\" target=\"_blank\" rel=\"noopener\">Rollit 25 P Technosheet<\/a><\/td>\n<\/tr>\n<tr>\n<td>\n<h2 class=\"h3\"><a href=\"https:\/\/www.verderliquids.com\/int\/en\/purchasing-peristaltic-pumps-verderflex\/verderflex-rollit\/rollit-35-p\/\" target=\"_blank\" rel=\"noopener\">Rollit 35 P<\/a><\/h2>\n<\/td>\n<td>5500\u00a0l\/h<\/td>\n<td>4\u00a0bar<\/td>\n<td>80\u00a0\u00b0C<\/td>\n<td>30\u00a0mm<\/td>\n<td>ATEX<\/td>\n<td class=\"technosheet\"><a class=\"btn btn-primary\" title=\"Technosheet Rollit 35 P\" href=\"https:\/\/www.verderliquids.com\/fileadmin\/user_upload\/Website_documents_2016\/Verderflex\/Documents\/Documents_EN\/Rollit\/Rollit_35_P_Techno_Metric.pdf\" target=\"_blank\" rel=\"noopener\">Rollit 35 P Technosheet<\/a><\/td>\n<\/tr>\n<tr>\n<td>\n<h2 class=\"h3\"><a href=\"https:\/\/www.verderliquids.com\/int\/en\/purchasing-peristaltic-pumps-verderflex\/verderflex-rollit\/rollit-10-t\/\" target=\"_blank\" rel=\"noopener\">Rollit 10 T<\/a><\/h2>\n<\/td>\n<td>250\u00a0l\/h<\/td>\n<td>2\u00a0bar<\/td>\n<td>80\u00a0\u00b0C<\/td>\n<td>7\u00a0mm<\/td>\n<td>FDA, ATEX<\/td>\n<td class=\"technosheet\"><a class=\"btn btn-primary\" title=\"Technosheet Rollit 10T\" href=\"https:\/\/www.verderliquids.com\/fileadmin\/user_upload\/CMD\/Technosheet\/Verderflex\/Rollit_Technosheets\/097-VA-15_Technosheet_Rollit_10T_EU_LR.pdf\" target=\"_blank\" rel=\"noopener\">Rollit 10 T Technosheet<\/a><\/td>\n<\/tr>\n<tr>\n<td>\n<h2 class=\"h3\"><a href=\"https:\/\/www.verderliquids.com\/int\/en\/purchasing-peristaltic-pumps-verderflex\/verderflex-rollit\/rollit-15-t\/\" target=\"_blank\" rel=\"noopener\">Rollit 15 T<\/a><\/h2>\n<\/td>\n<td>950\u00a0l\/h<\/td>\n<td>2\u00a0bar<\/td>\n<td>80\u00a0\u00b0C<\/td>\n<td>12\u00a0mm<\/td>\n<td>FDA, ATEX<\/td>\n<td class=\"technosheet\"><a class=\"btn btn-primary\" title=\"Technosheet Rollit 15 T\" href=\"https:\/\/www.verderliquids.com\/fileadmin\/user_upload\/CMD\/Technosheet\/Verderflex\/Rollit_Technosheets\/097-VA-15_Technosheet_Rollit_15T_EU_LR.pdf\" target=\"_blank\" rel=\"noopener\">Rollit 15 T Technosheet<\/a><\/td>\n<\/tr>\n<tr>\n<td>\n<h2 class=\"h3\"><a href=\"https:\/\/www.verderliquids.com\/int\/en\/purchasing-peristaltic-pumps-verderflex\/verderflex-rollit\/rollit-25-t\/\" target=\"_blank\" rel=\"noopener\">Rollit 25 T<\/a><\/h2>\n<\/td>\n<td>4400\u00a0l\/h<\/td>\n<td>2\u00a0bar<\/td>\n<td>80\u00a0\u00b0C<\/td>\n<td>22\u00a0mm<\/td>\n<td>FDA, ATEX<\/td>\n<td class=\"technosheet\"><a class=\"btn btn-primary\" title=\"Technosheet Rollit 25T\" href=\"https:\/\/www.verderliquids.com\/fileadmin\/user_upload\/CMD\/Technosheet\/Verderflex\/Rollit_Technosheets\/097-VA-15_Technosheet_Rollit_25T_EU_LR.pdf\" target=\"_blank\" rel=\"noopener\">Rollit 25 T Technosheet<\/a><\/td>\n<\/tr>\n<tr>\n<td>\n<h2 class=\"h3\"><a href=\"https:\/\/www.verderliquids.com\/int\/en\/purchasing-peristaltic-pumps-verderflex\/verderflex-rollit\/rollit-35-t\/\" target=\"_blank\" rel=\"noopener\">Rolit 35 T<\/a><\/h2>\n<\/td>\n<td>11500\u00a0l\/h<\/td>\n<td>2\u00a0bar<\/td>\n<td>80\u00a0\u00b0C<\/td>\n<td>30\u00a0mm<\/td>\n<td>FDA, ATEX<\/td>\n<td class=\"technosheet\"><a class=\"btn btn-primary\" title=\"Technosheet Rollit 35T\" href=\"https:\/\/www.verderliquids.com\/fileadmin\/user_upload\/CMD\/Technosheet\/Verderflex\/Rollit_Technosheets\/097-VA-15_Technosheet_Rollit_35T_EU_LR.pdf\" target=\"_blank\" rel=\"noopener\">Rolit 35 T Technosheet<\/a><\/td>\n<\/tr>\n<tr>\n<td>\n<h2 class=\"h3\"><a href=\"https:\/\/www.verderliquids.com\/int\/en\/purchasing-peristaltic-pumps-verderflex\/verderflex-rollit\/rollit-50-t\/\" target=\"_blank\" rel=\"noopener\">Rollit 50 T<\/a><\/h2>\n<\/td>\n<td>24500\u00a0l\/h<\/td>\n<td>2\u00a0bar<\/td>\n<td>80\u00a0\u00b0C<\/td>\n<td>42\u00a0mm<\/td>\n<td>FDA, ATEX<\/td>\n<td class=\"technosheet\"><a class=\"btn btn-primary\" title=\"Technosheet Rollit 50T\" href=\"https:\/\/www.verderliquids.com\/fileadmin\/user_upload\/CMD\/Technosheet\/Verderflex\/Rollit_Technosheets\/097-VA-15_Technosheet_Rollit_50T_EU_LR.pdf\" target=\"_blank\" rel=\"noopener\">Rollit 50 T Technosheet<\/a><\/td>\n<\/tr>\n<tr>\n<td>\n<h2 class=\"h3\"><a href=\"https:\/\/www.verderliquids.com\/int\/en\/purchasing-peristaltic-pumps-verderflex\/verderflex-rollit\/rollit-15-tp\/\" target=\"_blank\" rel=\"noopener\">Rollit 15 TP<\/a><\/h2>\n<\/td>\n<td>950\u00a0l\/h<\/td>\n<td>4\u00a0bar<\/td>\n<td>80\u00a0\u00b0C<\/td>\n<td>12\u00a0mm<\/td>\n<td>ATEX<\/td>\n<td class=\"technosheet\"><a class=\"btn btn-primary\" title=\"Technosheet Rollit 15TP\" href=\"https:\/\/www.verderliquids.com\/fileadmin\/user_upload\/CMD\/Technosheet\/Verderflex\/Rollit_Technosheets\/097-VA-15_Technosheet_Rollit_15TP_EU_LR.pdf\" target=\"_blank\" rel=\"noopener\">Rollit 15 TP Technosheet<\/a><\/td>\n<\/tr>\n<tr>\n<td>\n<h2 class=\"h3\"><a href=\"https:\/\/www.verderliquids.com\/int\/en\/purchasing-peristaltic-pumps-verderflex\/verderflex-rollit\/rollit-25-tp\/\" target=\"_blank\" rel=\"noopener\">Rollit 25 TP<\/a><\/h2>\n<\/td>\n<td>5000\u00a0l\/h<\/td>\n<td>4\u00a0bar<\/td>\n<td>80\u00a0\u00b0C<\/td>\n<td>22\u00a0mm<\/td>\n<td>ATEX<\/td>\n<td class=\"technosheet\"><a class=\"btn btn-primary\" title=\"Technosheet Rollit 25 TP \" href=\"https:\/\/www.verderliquids.com\/fileadmin\/user_upload\/CMD\/Technosheet\/Verderflex\/Rollit_Technosheets\/097-VA-15_Technosheet_Rollit_25TP_EU_LR.pdf\" target=\"_blank\" rel=\"noopener\">Rollit 25 TP Technosheet<\/a><\/td>\n<\/tr>\n<tr>\n<td>\n<h2 class=\"h3\"><a href=\"https:\/\/www.verderliquids.com\/int\/en\/purchasing-peristaltic-pumps-verderflex\/verderflex-rollit\/rollit-35-tp\/\" target=\"_blank\" rel=\"noopener\">Rollit 35 TP<\/a><\/h2>\n<\/td>\n<td>10000\u00a0l\/h<\/td>\n<td>4\u00a0bar<\/td>\n<td>80\u00a0\u00b0C<\/td>\n<td>30\u00a0mm<\/td>\n<td>ATEX<\/td>\n<td class=\"technosheet\"><a class=\"btn btn-primary\" title=\"Technosheet Rollit 35 TP \" href=\"https:\/\/www.verderliquids.com\/fileadmin\/user_upload\/CMD\/Technosheet\/Verderflex\/Rollit_Technosheets\/097-VA-15_Technosheet_Rollit_35TP_EU_LR.pdf\" target=\"_blank\" rel=\"noopener\">Rollit 35 TP Technosheet<\/a><\/td>\n<\/tr>\n<\/tbody>\n<\/table>\n<\/div>\n","protected":false},"excerpt":{"rendered":"<p>M\u00e4\u00e4rdeta peristaltilised voolikupumbad. Verderflex Rollit on libestusvabade, h\u00f5lpsasti hooldatavate madala ja keskmise r\u00f5huga voolikupumpade perekond. Rollitsid on saadaval \u00fche- v\u00f5i kahe peaga stiilidega 2-baariliste, 4-baariliste v\u00f5i 2-baariliste h\u00fcgieeniliste versioonidena. Max vooluhulk 24500 l \/ h Maksimaalne r\u00f5hk 4 baari Verderflex Rollit Type Max. flow Max. discharge pressure Max. temperature Max. particle size Certificates Technosheet Rollit [&#8230;]\n","protected":false},"featured_media":7135,"comment_status":"closed","ping_status":"closed","template":"","meta":[],"product_brand":[],"product_cat":[289],"product_tag":[],"class_list":{"0":"post-10912","1":"product","2":"type-product","3":"status-publish","4":"has-post-thumbnail","6":"product_cat-289","8":"first","9":"instock","10":"taxable","11":"shipping-taxable","12":"product-type-simple"},"_links":{"self":[{"href":"https:\/\/hekes.ee\/ru\/wp-json\/wp\/v2\/product\/10912","targetHints":{"allow":["GET"]}}],"collection":[{"href":"https:\/\/hekes.ee\/ru\/wp-json\/wp\/v2\/product"}],"about":[{"href":"https:\/\/hekes.ee\/ru\/wp-json\/wp\/v2\/types\/product"}],"replies":[{"embeddable":true,"href":"https:\/\/hekes.ee\/ru\/wp-json\/wp\/v2\/comments?post=10912"}],"wp:featuredmedia":[{"embeddable":true,"href":"https:\/\/hekes.ee\/ru\/wp-json\/wp\/v2\/media\/7135"}],"wp:attachment":[{"href":"https:\/\/hekes.ee\/ru\/wp-json\/wp\/v2\/media?parent=10912"}],"wp:term":[{"taxonomy":"product_brand","embeddable":true,"href":"https:\/\/hekes.ee\/ru\/wp-json\/wp\/v2\/product_brand?post=10912"},{"taxonomy":"product_cat","embeddable":true,"href":"https:\/\/hekes.ee\/ru\/wp-json\/wp\/v2\/product_cat?post=10912"},{"taxonomy":"product_tag","embeddable":true,"href":"https:\/\/hekes.ee\/ru\/wp-json\/wp\/v2\/product_tag?post=10912"}],"curies":[{"name":"wp","href":"https:\/\/api.w.org\/{rel}","templated":true}]}}