{"id":10911,"date":"2021-02-02T13:28:56","date_gmt":"2021-02-02T13:28:56","guid":{"rendered":"https:\/\/hekes.ee\/toode\/verderflex-rapide\/"},"modified":"2021-02-02T13:28:56","modified_gmt":"2021-02-02T13:28:56","slug":"verderflex-rapide","status":"publish","type":"product","link":"https:\/\/hekes.ee\/ru\/toode\/verderflex-rapide\/","title":{"rendered":"Verderflex\u00ae Rapide"},"content":{"rendered":"<div>T\u00f6\u00f6stuslike torupumpade Verderflex Rapide sortiment on kompaktne, neid on lihtne kasutada madalr\u00f5huliste peristaltiliste pumpadega. Mudelid on disainilt lihtsad, mahutavad mitu pumpamispead ja neil on kiire t\u00f6\u00f6riistadeta torude vahetamine<\/div>\n<ul>\n<li>Max vooluhulk: 1020 l \/ h<\/li>\n<li>Maksimaalne r\u00f5hk: 2 baari<\/li>\n<\/ul>\n<h2 class=\"h3\">Verderflex Rapide<\/h2>\n<div class=\"tx-pumpdist\">\n<table class=\"spec-table\">\n<thead class=\"thead-dark\">\n<tr>\n<th scope=\"col\">Type<\/th>\n<th scope=\"col\">Max. flow<\/th>\n<th scope=\"col\">Max. discharge pressure<\/th>\n<th scope=\"col\">Max. temperature<\/th>\n<th scope=\"col\">Max. tube<\/th>\n<th scope=\"col\">Tube Wall Thickness<\/th>\n<th>Technosheet<\/th>\n<\/tr>\n<\/thead>\n<tbody>\n<tr>\n<td>\n<h2 class=\"h3\"><a href=\"https:\/\/www.verderliquids.com\/int\/en\/purchasing-peristaltic-pumps-verderflex\/verderflex-rapide\/r2s\/\" target=\"_blank\" rel=\"noopener\">R2S<\/a><\/h2>\n<\/td>\n<td>93.6\u00a0l\/h<\/td>\n<td>2\u00a0bar<\/td>\n<td>85\u00a0\u00b0C<\/td>\n<td>8\u00a0mm<\/td>\n<td>2.4\u00a0mm<\/td>\n<td class=\"technosheet\"><a class=\"btn btn-primary\" title=\"Technosheet Rapide R2S\" href=\"https:\/\/www.verderliquids.com\/fileadmin\/user_upload\/Website_documents_2016\/Verderflex\/Documents\/Documents_EN\/VF_Rapide\/Verderflex_Rapide_R2S_Technosheet.pdf\" target=\"_blank\" rel=\"noopener\">R2S Technosheet<\/a><\/td>\n<\/tr>\n<tr>\n<td>\n<h2 class=\"h3\"><a href=\"https:\/\/www.verderliquids.com\/int\/en\/purchasing-peristaltic-pumps-verderflex\/verderflex-rapide\/r3\/\" target=\"_blank\" rel=\"noopener\">R3<\/a><\/h2>\n<\/td>\n<td>230\u00a0l\/h<\/td>\n<td>2\u00a0bar<\/td>\n<td>85\u00a0\u00b0C<\/td>\n<td>9.6\u00a0mm<\/td>\n<td>3.2\u00a0mm<\/td>\n<td class=\"technosheet\"><a class=\"btn btn-primary\" title=\"Technosheet Rapide R3\" href=\"https:\/\/www.verderliquids.com\/fileadmin\/user_upload\/Website_documents_2016\/Verderflex\/Documents\/Documents_EN\/VF_Rapide\/Verderflex_Rapide-R3_technosheet.pdf\" target=\"_blank\" rel=\"noopener\">R3 Technosheet<\/a><\/td>\n<\/tr>\n<tr>\n<td>\n<h2 class=\"h3\"><a href=\"https:\/\/www.verderliquids.com\/int\/en\/purchasing-peristaltic-pumps-verderflex\/verderflex-rapide\/r3dc\/\" target=\"_blank\" rel=\"noopener\">R3DC<\/a><\/h2>\n<\/td>\n<td>3.4\u00a0l\/min<\/td>\n<td>2\u00a0bar<\/td>\n<td>85\u00a0\u00b0C<\/td>\n<td>9.6\u00a0mm<\/td>\n<td>3.2\u00a0mm<\/td>\n<td class=\"technosheet\"><a class=\"btn btn-primary\" title=\"Technosheet Verderflex R3DC\" href=\"https:\/\/www.verderliquids.com\/fileadmin\/user_upload\/Test\/Verderflex_Datasheet\/Verderflex_Rapide_R3DC_INT_English_Datasheet.pdf\" target=\"_blank\" rel=\"noopener\">R3DC Technosheet<\/a><\/td>\n<\/tr>\n<tr>\n<td>\n<h2 class=\"h3\"><a href=\"https:\/\/www.verderliquids.com\/int\/en\/purchasing-peristaltic-pumps-verderflex\/verderflex-rapide\/r3s\/\" target=\"_blank\" rel=\"noopener\">R3S<\/a><\/h2>\n<\/td>\n<td>189\u00a0l\/h<\/td>\n<td>2\u00a0bar<\/td>\n<td>85\u00a0\u00b0C<\/td>\n<td>9.6\u00a0mm<\/td>\n<td>2.4\u00a0mm<\/td>\n<td class=\"technosheet\"><a class=\"btn btn-primary\" title=\"Technosheet Rapide R3S\" href=\"https:\/\/www.verderliquids.com\/fileadmin\/user_upload\/Website_documents_2016\/Verderflex\/Documents\/Documents_EN\/VF_Rapide\/Verderflex_Rapide-R3S_Techosheet.pdf\" target=\"_blank\" rel=\"noopener\">R3S Technosheet<\/a><\/td>\n<\/tr>\n<tr>\n<td>\n<h2 class=\"h3\"><a href=\"https:\/\/www.verderliquids.com\/int\/en\/purchasing-peristaltic-pumps-verderflex\/verderflex-rapide\/r5000\/\" target=\"_blank\" rel=\"noopener\">R5000<\/a><\/h2>\n<\/td>\n<td>365\u00a0l\/h<\/td>\n<td>2\u00a0bar<\/td>\n<td>85\u00a0\u00b0C<\/td>\n<td>9.6\u00a0mm<\/td>\n<td>2.4\u00a0mm<\/td>\n<td class=\"technosheet\"><a class=\"btn btn-primary\" href=\"https:\/\/www.verderliquids.com\/fileadmin\/user_upload\/Test\/Verderflex_brochure\/Verderflex__INT_English_Brochure.pdf\" target=\"_blank\" rel=\"noopener\">R5000 Technosheet<\/a><\/td>\n<\/tr>\n<tr>\n<td>\n<h2 class=\"h3\"><a href=\"https:\/\/www.verderliquids.com\/int\/en\/purchasing-peristaltic-pumps-verderflex\/verderflex-rapide\/r6\/\" target=\"_blank\" rel=\"noopener\">R6<\/a><\/h2>\n<\/td>\n<td>380\u00a0l\/h<\/td>\n<td>2\u00a0bar<\/td>\n<td>85\u00a0\u00b0C<\/td>\n<td>12.7\u00a0mm<\/td>\n<td>3.2\u00a0mm<\/td>\n<td class=\"technosheet\"><a class=\"btn btn-primary\" title=\"Technosheet Rapide R6\" href=\"https:\/\/www.verderliquids.com\/fileadmin\/user_upload\/Website_documents_2016\/Verderflex\/Documents\/Documents_EN\/VF_Rapide\/Verderflex_Rapide-R6_Technosheet.pdf\" target=\"_blank\" rel=\"noopener\">R6 Technosheet<\/a><\/td>\n<\/tr>\n<tr>\n<td>\n<h2 class=\"h3\"><a href=\"https:\/\/www.verderliquids.com\/int\/en\/purchasing-peristaltic-pumps-verderflex\/verderflex-rapide\/r7s\/\" target=\"_blank\" rel=\"noopener\">R7S<\/a><\/h2>\n<\/td>\n<td>375\u00a0l\/h<\/td>\n<td>2\u00a0bar<\/td>\n<td>85\u00a0\u00b0C<\/td>\n<td>15.9\u00a0mm<\/td>\n<td>3.2\u00a0mm<\/td>\n<td class=\"technosheet\"><a class=\"btn btn-primary\" title=\"Technosheet R7S\" href=\"https:\/\/www.verderliquids.com\/fileadmin\/user_upload\/Website_documents_2016\/Verderflex\/Documents\/Documents_EN\/VF_Rapide\/Verderflex_Rapide-R7S__technosheet.pdf\" target=\"_blank\" rel=\"noopener\">R7S Technosheet<\/a><\/td>\n<\/tr>\n<tr>\n<td>\n<h2 class=\"h3\"><a href=\"https:\/\/www.verderliquids.com\/int\/en\/purchasing-peristaltic-pumps-verderflex\/verderflex-rapide\/r8\/\" target=\"_blank\" rel=\"noopener\">R8<\/a><\/h2>\n<\/td>\n<td>470\u00a0l\/h<\/td>\n<td>2\u00a0bar<\/td>\n<td>85\u00a0\u00b0C<\/td>\n<td>12.7\u00a0mm<\/td>\n<td>3.2\u00a0mm<\/td>\n<td class=\"technosheet\"><a class=\"btn btn-primary\" title=\"Technosheet R8\" href=\"https:\/\/www.verderliquids.com\/fileadmin\/user_upload\/Website_documents_2016\/Verderflex\/Documents\/Documents_EN\/VF_Rapide\/Verderflex_Rapide-R8_Technosheet.pdf\" target=\"_blank\" rel=\"noopener\">R8 Technosheet<\/a><\/td>\n<\/tr>\n<tr>\n<td>\n<h2 class=\"h3\"><a href=\"https:\/\/www.verderliquids.com\/int\/en\/purchasing-peristaltic-pumps-verderflex\/verderflex-rapide\/r12\/\" target=\"_blank\" rel=\"noopener\">R12<\/a><\/h2>\n<\/td>\n<td>840\u00a0l\/h<\/td>\n<td>2\u00a0bar<\/td>\n<td>85\u00a0\u00b0C<\/td>\n<td>15.9\u00a0mm<\/td>\n<td>4.8\u00a0mm<\/td>\n<td class=\"technosheet\"><a class=\"btn btn-primary\" title=\"Technosheet Rapide R12\" href=\"https:\/\/www.verderliquids.com\/fileadmin\/user_upload\/Website_documents_2016\/Verderflex\/Documents\/Documents_EN\/VF_Rapide\/Verderflex_Rapide-R12_Technosheet.pdf\" target=\"_blank\" rel=\"noopener\">R12 Technosheet<\/a><\/td>\n<\/tr>\n<tr>\n<td>\n<h2 class=\"h3\"><a href=\"https:\/\/www.verderliquids.com\/int\/en\/purchasing-peristaltic-pumps-verderflex\/verderflex-rapide\/r17s\/\" target=\"_blank\" rel=\"noopener\">R17S<\/a><\/h2>\n<\/td>\n<td>1020\u00a0l\/h<\/td>\n<td>2\u00a0bar<\/td>\n<td>85\u00a0\u00b0C<\/td>\n<td>25.4\u00a0mm<\/td>\n<td>4.8\u00a0mm<\/td>\n<td class=\"technosheet\"><a class=\"btn btn-primary\" title=\"Technosheet Rapide 17S\" href=\"https:\/\/www.verderliquids.com\/fileadmin\/user_upload\/Website_documents_2016\/Verderflex\/Documents\/Documents_EN\/VF_Rapide\/Verderflex_Rapide-R17S_Technosheet.pdf\" target=\"_blank\" rel=\"noopener\">R17S Technosheet<\/a><\/td>\n<\/tr>\n<\/tbody>\n<\/table>\n<\/div>\n","protected":false},"excerpt":{"rendered":"<p>T\u00f6\u00f6stuslike torupumpade Verderflex Rapide sortiment on kompaktne, neid on lihtne kasutada madalr\u00f5huliste peristaltiliste pumpadega. Mudelid on disainilt lihtsad, mahutavad mitu pumpamispead ja neil on kiire t\u00f6\u00f6riistadeta torude vahetamine Max vooluhulk: 1020 l \/ h Maksimaalne r\u00f5hk: 2 baari Verderflex Rapide Type Max. flow Max. discharge pressure Max. temperature Max. tube Tube Wall Thickness Technosheet R2S [&#8230;]\n","protected":false},"featured_media":12630,"comment_status":"closed","ping_status":"closed","template":"","meta":[],"product_brand":[],"product_cat":[286,289],"product_tag":[],"class_list":{"0":"post-10911","1":"product","2":"type-product","3":"status-publish","4":"has-post-thumbnail","6":"product_cat-verdeflex-ru","7":"product_cat-289","9":"first","10":"instock","11":"taxable","12":"shipping-taxable","13":"product-type-simple"},"_links":{"self":[{"href":"https:\/\/hekes.ee\/ru\/wp-json\/wp\/v2\/product\/10911","targetHints":{"allow":["GET"]}}],"collection":[{"href":"https:\/\/hekes.ee\/ru\/wp-json\/wp\/v2\/product"}],"about":[{"href":"https:\/\/hekes.ee\/ru\/wp-json\/wp\/v2\/types\/product"}],"replies":[{"embeddable":true,"href":"https:\/\/hekes.ee\/ru\/wp-json\/wp\/v2\/comments?post=10911"}],"wp:featuredmedia":[{"embeddable":true,"href":"https:\/\/hekes.ee\/ru\/wp-json\/wp\/v2\/media\/12630"}],"wp:attachment":[{"href":"https:\/\/hekes.ee\/ru\/wp-json\/wp\/v2\/media?parent=10911"}],"wp:term":[{"taxonomy":"product_brand","embeddable":true,"href":"https:\/\/hekes.ee\/ru\/wp-json\/wp\/v2\/product_brand?post=10911"},{"taxonomy":"product_cat","embeddable":true,"href":"https:\/\/hekes.ee\/ru\/wp-json\/wp\/v2\/product_cat?post=10911"},{"taxonomy":"product_tag","embeddable":true,"href":"https:\/\/hekes.ee\/ru\/wp-json\/wp\/v2\/product_tag?post=10911"}],"curies":[{"name":"wp","href":"https:\/\/api.w.org\/{rel}","templated":true}]}}