{"id":10910,"date":"2021-02-02T13:36:44","date_gmt":"2021-02-02T13:36:44","guid":{"rendered":"https:\/\/hekes.ee\/toode\/verderflex-vf\/"},"modified":"2021-02-02T13:36:44","modified_gmt":"2021-02-02T13:36:44","slug":"verderflex-vf","status":"publish","type":"product","link":"https:\/\/hekes.ee\/ru\/toode\/verderflex-vf\/","title":{"rendered":"Verderflex\u00ae VF"},"content":{"rendered":"<div>Algne Verderflex peristaltilise voolikupumbaga seeria on n\u00fc\u00fcd keskendunud ainult suure vooluhulgaga rakendustele ja sisaldab laialdaselt kasutatavat VF125, maailma suurimat k\u00f5rgsurvevoolikupumpa.<\/div>\n<div><\/div>\n<div>Max vooluhulk: 90 m3 \/ h<\/div>\n<div>Maksimaalne r\u00f5hk: 16 baari<\/div>\n<div><\/div>\n<div>\n<h2 class=\"h3\">Verderflex VF<\/h2>\n<div class=\"tx-pumpdist\">\n<table class=\"spec-table\">\n<thead class=\"thead-dark\">\n<tr>\n<th scope=\"col\">Type<\/th>\n<th scope=\"col\">Max. flow<\/th>\n<th scope=\"col\">Max. discharge pressure<\/th>\n<th scope=\"col\">Max. temperature<\/th>\n<th scope=\"col\">Max. particle size<\/th>\n<th scope=\"col\">Max suction lift<\/th>\n<th>Technosheet<\/th>\n<\/tr>\n<\/thead>\n<tbody>\n<tr>\n<td>\n<h2 class=\"h3\"><a href=\"https:\/\/www.verderliquids.com\/int\/en\/purchasing-peristaltic-pumps-verderflex\/verderflex-vf\/vf-65\/\" target=\"_blank\" rel=\"noopener\">VF 65<\/a><\/h2>\n<\/td>\n<td>25.5\u00a0m3\/h<\/td>\n<td>16\u00a0bar<\/td>\n<td>80\u00a0\u00b0C<\/td>\n<td>16,25\u00a0mm<\/td>\n<td>9,5\u00a0m wc<\/td>\n<td class=\"technosheet\"><a class=\"btn btn-primary\" title=\"Technosheet VF 65\" href=\"https:\/\/www.verderliquids.com\/fileadmin\/user_upload\/Test\/Verderflex_Datasheet\/Verderflex_VF_VF65_INT_English_Datasheet.pdf\" target=\"_blank\" rel=\"noopener\">VF 65 Technosheet<\/a><\/td>\n<\/tr>\n<tr>\n<td>\n<h2 class=\"h3\"><a href=\"https:\/\/www.verderliquids.com\/int\/en\/purchasing-peristaltic-pumps-verderflex\/verderflex-vf\/vf-80\/\" target=\"_blank\" rel=\"noopener\">VF 80<\/a><\/h2>\n<\/td>\n<td>40\u00a0m3\/h<\/td>\n<td>16\u00a0bar<\/td>\n<td>80\u00a0\u00b0C<\/td>\n<td>20\u00a0mm<\/td>\n<td>9,5\u00a0m wc<\/td>\n<td class=\"technosheet\"><a class=\"btn btn-primary\" href=\"https:\/\/www.verderliquids.com\/fileadmin\/user_upload\/Test\/Verderflex_Datasheet\/Verderflex_VF_VF80_INT_English_Datasheet.pdf\" target=\"_blank\" rel=\"noopener\">VF 80 Technosheet<\/a><\/td>\n<\/tr>\n<tr>\n<td>\n<h2 class=\"h3\"><a href=\"https:\/\/www.verderliquids.com\/int\/en\/purchasing-peristaltic-pumps-verderflex\/verderflex-vf\/vf-100\/\" target=\"_blank\" rel=\"noopener\">VF 100<\/a><\/h2>\n<\/td>\n<td>55\u00a0m3\/h<\/td>\n<td>16\u00a0bar<\/td>\n<td>80\u00a0\u00b0C<\/td>\n<td>25\u00a0mm<\/td>\n<td>9,5\u00a0m wc<\/td>\n<td class=\"technosheet\"><a class=\"btn btn-primary\" href=\"https:\/\/www.verderliquids.com\/fileadmin\/user_upload\/Test\/Verderflex_Datasheet\/Verderflex_VF_VF100_INT_English_Datasheet.pdf\" target=\"_blank\" rel=\"noopener\">VF 100 Technosheet<\/a><\/td>\n<\/tr>\n<tr>\n<td>\n<h2 class=\"h3\"><a href=\"https:\/\/www.verderliquids.com\/int\/en\/purchasing-peristaltic-pumps-verderflex\/verderflex-vf\/vf-125\/\" target=\"_blank\" rel=\"noopener\">VF 125<\/a><\/h2>\n<\/td>\n<td>90\u00a0m3\/h<\/td>\n<td>16\u00a0bar<\/td>\n<td>80\u00a0\u00b0C<\/td>\n<td>31,25\u00a0mm<\/td>\n<td>9,5\u00a0m wc<\/td>\n<td class=\"technosheet\"><a class=\"btn btn-primary\" title=\"Technosheet VF 125\" href=\"https:\/\/www.verderliquids.com\/fileadmin\/user_upload\/Test\/Verderflex_Datasheet\/Verderflex_VF_VF125_INT_English_Datasheet.pdf\" target=\"_blank\" rel=\"noopener\">VF 125 Technosheet<\/a><\/td>\n<\/tr>\n<\/tbody>\n<\/table>\n<\/div>\n<\/div>\n<div><\/div>\n","protected":false},"excerpt":{"rendered":"<p>Algne Verderflex peristaltilise voolikupumbaga seeria on n\u00fc\u00fcd keskendunud ainult suure vooluhulgaga rakendustele ja sisaldab laialdaselt kasutatavat VF125, maailma suurimat k\u00f5rgsurvevoolikupumpa. Max vooluhulk: 90 m3 \/ h Maksimaalne r\u00f5hk: 16 baari Verderflex VF Type Max. flow Max. discharge pressure Max. temperature Max. particle size Max suction lift Technosheet VF 65 25.5\u00a0m3\/h 16\u00a0bar 80\u00a0\u00b0C 16,25\u00a0mm 9,5\u00a0m wc [&#8230;]\n","protected":false},"featured_media":7157,"comment_status":"closed","ping_status":"closed","template":"","meta":[],"product_brand":[],"product_cat":[286,289],"product_tag":[],"class_list":{"0":"post-10910","1":"product","2":"type-product","3":"status-publish","4":"has-post-thumbnail","6":"product_cat-verdeflex-ru","7":"product_cat-289","9":"first","10":"instock","11":"taxable","12":"shipping-taxable","13":"product-type-simple"},"_links":{"self":[{"href":"https:\/\/hekes.ee\/ru\/wp-json\/wp\/v2\/product\/10910","targetHints":{"allow":["GET"]}}],"collection":[{"href":"https:\/\/hekes.ee\/ru\/wp-json\/wp\/v2\/product"}],"about":[{"href":"https:\/\/hekes.ee\/ru\/wp-json\/wp\/v2\/types\/product"}],"replies":[{"embeddable":true,"href":"https:\/\/hekes.ee\/ru\/wp-json\/wp\/v2\/comments?post=10910"}],"wp:featuredmedia":[{"embeddable":true,"href":"https:\/\/hekes.ee\/ru\/wp-json\/wp\/v2\/media\/7157"}],"wp:attachment":[{"href":"https:\/\/hekes.ee\/ru\/wp-json\/wp\/v2\/media?parent=10910"}],"wp:term":[{"taxonomy":"product_brand","embeddable":true,"href":"https:\/\/hekes.ee\/ru\/wp-json\/wp\/v2\/product_brand?post=10910"},{"taxonomy":"product_cat","embeddable":true,"href":"https:\/\/hekes.ee\/ru\/wp-json\/wp\/v2\/product_cat?post=10910"},{"taxonomy":"product_tag","embeddable":true,"href":"https:\/\/hekes.ee\/ru\/wp-json\/wp\/v2\/product_tag?post=10910"}],"curies":[{"name":"wp","href":"https:\/\/api.w.org\/{rel}","templated":true}]}}