{"id":10909,"date":"2021-02-02T13:49:40","date_gmt":"2021-02-02T13:49:40","guid":{"rendered":"https:\/\/hekes.ee\/toode\/verderflex-rollit-hygienic\/"},"modified":"2021-02-02T13:49:40","modified_gmt":"2021-02-02T13:49:40","slug":"verderflex-rollit-hygienic","status":"publish","type":"product","link":"https:\/\/hekes.ee\/ru\/toode\/verderflex-rollit-hygienic\/","title":{"rendered":"Verderflex\u00ae Rollit Hygienic"},"content":{"rendered":"<div>Verderflex Rollit Hygienic seeria on \u00fche- v\u00f5i kahepeaga, m\u00e4\u00e4rdeainevaba, 2-baarine, liikuv v\u00f5i fikseeritud sanitaarvoolikupump. Pumpadel on t\u00f6\u00f6stusharu standardiga keermestatud pistikuv\u00f5imalused ja nad kasutavad madala spallitusega FDA CFR 21 ja EC \/ 1935 Verderprene voolikuid. Nende \u00f5rna pumpamise n\u00e4ol on neid kasutatud biotehnoloogias, jookide tootmisel, kosmeetikat\u00f6\u00f6stuses, toiduainete t\u00f6\u00f6tlemisel ja farmaatsiat\u00f6\u00f6stuses.<\/div>\n<div><\/div>\n<div>Max vooluhulk: 6954 l \/ h<\/div>\n<div>Maksimaalne r\u00f5hk: 2 baari<\/div>\n<div><\/div>\n<div>\n<h2 class=\"h3\">Verderflex Rollit Hygienic<\/h2>\n<div class=\"tx-pumpdist\">\n<table class=\"spec-table\">\n<thead class=\"thead-dark\">\n<tr>\n<th scope=\"col\">Type<\/th>\n<th scope=\"col\">Max. flow<\/th>\n<th scope=\"col\">Max. discharge pressure<\/th>\n<th scope=\"col\">Max. temperature<\/th>\n<th scope=\"col\">Max. particle size<\/th>\n<th scope=\"col\">Certificates<\/th>\n<th>Technosheet<\/th>\n<\/tr>\n<\/thead>\n<tbody>\n<tr>\n<td>\n<h2 class=\"h3\"><a href=\"https:\/\/www.verderliquids.com\/int\/en\/purchasing-peristaltic-pumps-verderflex\/verderflex-rollit-hygienic\/rollit-19sh\/\" target=\"_blank\" rel=\"noopener\">Rollit 19SH<\/a><\/h2>\n<\/td>\n<td>500\u00a0l\/h<\/td>\n<td>2\u00a0bar<\/td>\n<td>80\u00a0\u00b0C<\/td>\n<td>14\u00a0mm<\/td>\n<td>FDA, EN 1935, ATEX<\/td>\n<td class=\"technosheet\"><a class=\"btn btn-primary\" title=\"Technosheet Verderflex Rollit 19SH\" href=\"https:\/\/www.verderliquids.com\/fileadmin\/user_upload\/Website_documents_2016\/Verderflex\/Documents\/Documents_EN\/Rollit_H\/Verderflex_Rollit19_Hygienic_Technosheet.pdf\" target=\"_blank\" rel=\"noopener\">Rollit 19SH Technosheet<\/a><\/td>\n<\/tr>\n<tr>\n<td>\n<h2 class=\"h3\"><a href=\"https:\/\/www.verderliquids.com\/int\/en\/purchasing-peristaltic-pumps-verderflex\/verderflex-rollit-hygienic\/rollit-19th\/\" target=\"_blank\" rel=\"noopener\">Rollit 19TH<\/a><\/h2>\n<\/td>\n<td>851\u00a0l\/h<\/td>\n<td>2\u00a0bar<\/td>\n<td>80\u00a0\u00b0C<\/td>\n<td>14\u00a0mm<\/td>\n<td>FDA, EN 1935, ATEX<\/td>\n<td class=\"technosheet\"><a class=\"btn btn-primary\" title=\"Technosheet Verderflex Rollit 19TH\" href=\"https:\/\/www.verderliquids.com\/fileadmin\/user_upload\/Website_documents_2016\/Verderflex\/Documents\/Documents_EN\/Rollit_H\/Verderflex_Rollit19_Hygienic_T_Technosheet.pdf\" target=\"_blank\" rel=\"noopener\">Rollit 19TH Technosheet<\/a><\/td>\n<\/tr>\n<tr>\n<td>\n<h2 class=\"h3\"><a href=\"https:\/\/www.verderliquids.com\/int\/en\/purchasing-peristaltic-pumps-verderflex\/verderflex-rollit-hygienic\/rollit-30sh\/\" target=\"_blank\" rel=\"noopener\">Rollit 30SH<\/a><\/h2>\n<\/td>\n<td>2683\u00a0l\/h<\/td>\n<td>2\u00a0bar<\/td>\n<td>80\u00a0\u00b0C<\/td>\n<td>22\u00a0mm<\/td>\n<td>FDA, EN 1935, ATEX<\/td>\n<td class=\"technosheet\"><a class=\"btn btn-primary\" title=\"Technosheet Verderflex Rollit 19SH\" href=\"https:\/\/www.verderliquids.com\/fileadmin\/user_upload\/Website_documents_2016\/Verderflex\/Documents\/Documents_EN\/Rollit_H\/Verderflex_Rollit30_Hygienic_Technosheet.pdf\" target=\"_blank\" rel=\"noopener\">Rollit 30SH Technosheet<\/a><\/td>\n<\/tr>\n<tr>\n<td>\n<h2 class=\"h3\"><a href=\"https:\/\/www.verderliquids.com\/int\/en\/purchasing-peristaltic-pumps-verderflex\/verderflex-rollit-hygienic\/rollit-30th\/\" target=\"_blank\" rel=\"noopener\">Rollit 30TH<\/a><\/h2>\n<\/td>\n<td>4534\u00a0l\/h<\/td>\n<td>2\u00a0bar<\/td>\n<td>80\u00a0\u00b0C<\/td>\n<td>22\u00a0mm<\/td>\n<td>FDA, EN 1935, ATEX<\/td>\n<td class=\"technosheet\"><a class=\"btn btn-primary\" title=\"Technosheet Verderflex Rollit 30TH\" href=\"https:\/\/www.verderliquids.com\/fileadmin\/user_upload\/Website_documents_2016\/Verderflex\/Documents\/Documents_EN\/Rollit_H\/Verderflex_Rollit30_Hygienic_T_Technosheet.pdf\" target=\"_blank\" rel=\"noopener\">Rollit 30TH Technosheet<\/a><\/td>\n<\/tr>\n<tr>\n<td>\n<h2 class=\"h3\"><a href=\"https:\/\/www.verderliquids.com\/int\/en\/purchasing-peristaltic-pumps-verderflex\/verderflex-rollit-hygienic\/rollit-35sh\/\" target=\"_blank\" rel=\"noopener\">Rollit 35SH<\/a><\/h2>\n<\/td>\n<td>3816\u00a0l\/h<\/td>\n<td>2\u00a0bar<\/td>\n<td>80\u00a0\u00b0C<\/td>\n<td>22\u00a0mm<\/td>\n<td>FDA, EN 1935, ATEX<\/td>\n<td class=\"technosheet\"><a class=\"btn btn-primary\" title=\"Technosheet Verderflex Rollit 35SH\" href=\"https:\/\/www.verderliquids.com\/fileadmin\/user_upload\/Website_documents_2016\/Verderflex\/Documents\/Documents_EN\/Rollit_H\/Verderflex_Rollit35_Hygienic_technosheet.pdf\" target=\"_blank\" rel=\"noopener\">Rollit 35SH Technosheet<\/a><\/td>\n<\/tr>\n<tr>\n<td>\n<h2 class=\"h3\"><a href=\"https:\/\/www.verderliquids.com\/int\/en\/purchasing-peristaltic-pumps-verderflex\/verderflex-rollit-hygienic\/rollit-35th\/\" target=\"_blank\" rel=\"noopener\">Rollit 35TH<\/a><\/h2>\n<\/td>\n<td>6954\u00a0l\/h<\/td>\n<td>2\u00a0bar<\/td>\n<td>80\u00a0\u00b0C<\/td>\n<td>22\u00a0mm<\/td>\n<td>FDA, EN 1935, ATEX<\/td>\n<td class=\"technosheet\"><a class=\"btn btn-primary\" title=\"Technosheet Verderflex Rollit 35TH\" href=\"https:\/\/www.verderliquids.com\/fileadmin\/user_upload\/Website_documents_2016\/Verderflex\/Documents\/Documents_EN\/Rollit_H\/Verderflex_Rollit35_Hygienic_T_Technosheet.pdf\" target=\"_blank\" rel=\"noopener\">Rollit 35TH Technosheet<\/a><\/td>\n<\/tr>\n<\/tbody>\n<\/table>\n<\/div>\n<\/div>\n","protected":false},"excerpt":{"rendered":"<p>Verderflex Rollit Hygienic seeria on \u00fche- v\u00f5i kahepeaga, m\u00e4\u00e4rdeainevaba, 2-baarine, liikuv v\u00f5i fikseeritud sanitaarvoolikupump. Pumpadel on t\u00f6\u00f6stusharu standardiga keermestatud pistikuv\u00f5imalused ja nad kasutavad madala spallitusega FDA CFR 21 ja EC \/ 1935 Verderprene voolikuid. Nende \u00f5rna pumpamise n\u00e4ol on neid kasutatud biotehnoloogias, jookide tootmisel, kosmeetikat\u00f6\u00f6stuses, toiduainete t\u00f6\u00f6tlemisel ja farmaatsiat\u00f6\u00f6stuses. Max vooluhulk: 6954 l \/ h [&#8230;]\n","protected":false},"featured_media":7161,"comment_status":"closed","ping_status":"closed","template":"","meta":[],"product_brand":[],"product_cat":[286,289],"product_tag":[],"class_list":{"0":"post-10909","1":"product","2":"type-product","3":"status-publish","4":"has-post-thumbnail","6":"product_cat-verdeflex-ru","7":"product_cat-289","9":"first","10":"instock","11":"taxable","12":"shipping-taxable","13":"product-type-simple"},"_links":{"self":[{"href":"https:\/\/hekes.ee\/ru\/wp-json\/wp\/v2\/product\/10909","targetHints":{"allow":["GET"]}}],"collection":[{"href":"https:\/\/hekes.ee\/ru\/wp-json\/wp\/v2\/product"}],"about":[{"href":"https:\/\/hekes.ee\/ru\/wp-json\/wp\/v2\/types\/product"}],"replies":[{"embeddable":true,"href":"https:\/\/hekes.ee\/ru\/wp-json\/wp\/v2\/comments?post=10909"}],"wp:featuredmedia":[{"embeddable":true,"href":"https:\/\/hekes.ee\/ru\/wp-json\/wp\/v2\/media\/7161"}],"wp:attachment":[{"href":"https:\/\/hekes.ee\/ru\/wp-json\/wp\/v2\/media?parent=10909"}],"wp:term":[{"taxonomy":"product_brand","embeddable":true,"href":"https:\/\/hekes.ee\/ru\/wp-json\/wp\/v2\/product_brand?post=10909"},{"taxonomy":"product_cat","embeddable":true,"href":"https:\/\/hekes.ee\/ru\/wp-json\/wp\/v2\/product_cat?post=10909"},{"taxonomy":"product_tag","embeddable":true,"href":"https:\/\/hekes.ee\/ru\/wp-json\/wp\/v2\/product_tag?post=10909"}],"curies":[{"name":"wp","href":"https:\/\/api.w.org\/{rel}","templated":true}]}}