{"id":10908,"date":"2021-02-02T14:55:34","date_gmt":"2021-02-02T14:55:34","guid":{"rendered":"https:\/\/hekes.ee\/toode\/verderflex-vantage-5000\/"},"modified":"2021-02-02T14:55:34","modified_gmt":"2021-02-02T14:55:34","slug":"verderflex-vantage-5000","status":"publish","type":"product","link":"https:\/\/hekes.ee\/ru\/toode\/verderflex-vantage-5000\/","title":{"rendered":"Verderflex\u00ae Vantage 5000"},"content":{"rendered":"<div>Verderflex Vantage 5000 perekond on t\u00e4pse doseerimise ja v\u00e4ljastuspumpade j\u00e4rgmine p\u00f5lvkond. Need \u00fchendavad kuni 7-baarise t\u00fchjendusr\u00f5hu t\u00e4psuse koos intuitiivse puutetundliku ekraaniga kasutajaliidesega, 30-pardalise m\u00e4luga, reaalajas kella ja USB-andmete varunduspordiga. Kaugjuhtimissignaali v\u00f5imalused h\u00f5lmavad 0\u201310 V, 4\u201320 mA, Modbus\u00ae ja Profibus\u00ae koos valikulise mitme opto-isoleeritud voltivaba sisendi ja v\u00e4ljundiga, mis v\u00f5imaldab Vantage 5000-l moodustada abrasiivsete, v\u00e4liste gaasilised, keemiliselt agressiivsed, nihutustundlikud v\u00f5i habras kemikaalid, toitained ja pH reguleerimise s\u00fcsteemid.<\/div>\n<div><\/div>\n<div>Max vooluhulk: 6600 ml \/ min<\/div>\n<div>Maksimaalne r\u00f5hk: 7 baari<\/div>\n<div><\/div>\n<div>\n<h2 class=\"h3\">Verderflex Vantage 5000<\/h2>\n<div class=\"tx-pumpdist\">\n<table class=\"spec-table\">\n<thead class=\"thead-dark\">\n<tr>\n<th scope=\"col\">Type<\/th>\n<th scope=\"col\">Protocol<\/th>\n<th scope=\"col\">Max. flow<\/th>\n<th scope=\"col\">Max. discharge pressure<\/th>\n<th scope=\"col\">Turn down ratio<\/th>\n<th scope=\"col\">Protection Class<\/th>\n<th>Technosheet<\/th>\n<\/tr>\n<\/thead>\n<tbody>\n<tr>\n<td>\n<h2 class=\"h3\"><a href=\"https:\/\/www.verderliquids.com\/int\/en\/purchasing-peristaltic-pumps-verderflex\/verderflex-vantage-5000\/vantage-5000-modbus\/\" target=\"_blank\" rel=\"noopener\">Vantage 5000 MODBUS<\/a><\/h2>\n<\/td>\n<td>MODBUS RTU<\/td>\n<td>6600\u00a0ml\/min<\/td>\n<td>7\u00a0bar<\/td>\n<td>4096:1<\/td>\n<td>IP66, NEMA 4X<\/td>\n<td class=\"technosheet\"><a class=\"btn btn-primary\" title=\"Technosheet Verderflex Vantage 5000 MODBUS\" href=\"https:\/\/www.verderliquids.com\/fileadmin\/user_upload\/Website_documents_2016\/Verderflex\/Documents\/Documents_EN\/Vantage_5000\/Verderflex_vantage5000_Modbus.pdf\" target=\"_blank\" rel=\"noopener\">Vantage 5000 MODBUS Technosheet<\/a><\/td>\n<\/tr>\n<tr>\n<td>\n<h2 class=\"h3\"><a href=\"https:\/\/www.verderliquids.com\/int\/en\/purchasing-peristaltic-pumps-verderflex\/verderflex-vantage-5000\/vantage-5000-control\/\" target=\"_blank\" rel=\"noopener\">Vantage 5000 Control<\/a><\/h2>\n<\/td>\n<td>&#8212;<\/td>\n<td>6600\u00a0ml\/min<\/td>\n<td>7\u00a0bar<\/td>\n<td>4096:1<\/td>\n<td>IP66, NEMA 4X<\/td>\n<td class=\"technosheet\"><a class=\"btn btn-primary\" href=\"https:\/\/www.verderliquids.com\/fileadmin\/user_upload\/Test\/Verderflex_Datasheet\/Verderflex_Vantage5000__INT_English_Datasheet.PDF\" target=\"_blank\" rel=\"noopener\">Vantage 5000 Control Technosheet<\/a><\/td>\n<\/tr>\n<tr>\n<td>\n<h2 class=\"h3\"><a href=\"https:\/\/www.verderliquids.com\/int\/en\/purchasing-peristaltic-pumps-verderflex\/verderflex-vantage-5000\/vantage-5000-remote\/\" target=\"_blank\" rel=\"noopener\">Vantage 5000 Remote<\/a><\/h2>\n<\/td>\n<td>&#8212;<\/td>\n<td>6600\u00a0ml\/min<\/td>\n<td>7\u00a0bar<\/td>\n<td>4096:1<\/td>\n<td>IP66, NEMA 4X<\/td>\n<td class=\"technosheet\"><a class=\"btn btn-primary\" href=\"https:\/\/www.verderliquids.com\/fileadmin\/user_upload\/Test\/Verderflex_Datasheet\/Verderflex_Vantage5000__INT_English_Datasheet.PDF\" target=\"_blank\" rel=\"noopener\">Vantage 5000 Remote Technosheet<\/a><\/td>\n<\/tr>\n<tr>\n<td>\n<h2 class=\"h3\"><a href=\"https:\/\/www.verderliquids.com\/int\/en\/purchasing-peristaltic-pumps-verderflex\/verderflex-vantage-5000\/vantage-5000-scada-lv\/\" target=\"_blank\" rel=\"noopener\">Vantage 5000 SCADA LV<\/a><\/h2>\n<\/td>\n<td>Opto isolated 24V DC<\/td>\n<td>6600\u00a0ml\/min<\/td>\n<td>7\u00a0bar<\/td>\n<td>4096:1<\/td>\n<td>IP66, NEMA 4X<\/td>\n<td class=\"technosheet\"><a class=\"btn btn-primary\" href=\"https:\/\/www.verderliquids.com\/fileadmin\/user_upload\/Test\/Verderflex_Datasheet\/Verderflex_Vantage5000__INT_English_Datasheet.PDF\" target=\"_blank\" rel=\"noopener\">Vantage 5000 SCADA LV Technosheet<\/a><\/td>\n<\/tr>\n<tr>\n<td>\n<h2 class=\"h3\"><a href=\"https:\/\/www.verderliquids.com\/int\/en\/purchasing-peristaltic-pumps-verderflex\/verderflex-vantage-5000\/vantage-5000-scada-hv\/\" target=\"_blank\" rel=\"noopener\">Vantage 5000 SCADA HV<\/a><\/h2>\n<\/td>\n<td>Opto isolated 115V AC<\/td>\n<td>6600\u00a0ml\/min<\/td>\n<td>7\u00a0bar<\/td>\n<td>4096:1<\/td>\n<td>IP66, NEMA 4X<\/td>\n<td class=\"technosheet\"><a class=\"btn btn-primary\" href=\"https:\/\/www.verderliquids.com\/fileadmin\/user_upload\/Test\/Verderflex_Datasheet\/Verderflex_Vantage5000__INT_English_Datasheet.PDF\" target=\"_blank\" rel=\"noopener\">Vantage 5000 SCADA HV Technosheet<\/a><\/td>\n<\/tr>\n<\/tbody>\n<\/table>\n<\/div>\n<\/div>\n","protected":false},"excerpt":{"rendered":"<p>Verderflex Vantage 5000 perekond on t\u00e4pse doseerimise ja v\u00e4ljastuspumpade j\u00e4rgmine p\u00f5lvkond. Need \u00fchendavad kuni 7-baarise t\u00fchjendusr\u00f5hu t\u00e4psuse koos intuitiivse puutetundliku ekraaniga kasutajaliidesega, 30-pardalise m\u00e4luga, reaalajas kella ja USB-andmete varunduspordiga. Kaugjuhtimissignaali v\u00f5imalused h\u00f5lmavad 0\u201310 V, 4\u201320 mA, Modbus\u00ae ja Profibus\u00ae koos valikulise mitme opto-isoleeritud voltivaba sisendi ja v\u00e4ljundiga, mis v\u00f5imaldab Vantage 5000-l moodustada abrasiivsete, v\u00e4liste gaasilised, [&#8230;]\n","protected":false},"featured_media":12303,"comment_status":"closed","ping_status":"closed","template":"","meta":[],"product_brand":[],"product_cat":[288],"product_tag":[],"class_list":{"0":"post-10908","1":"product","2":"type-product","3":"status-publish","4":"has-post-thumbnail","6":"product_cat-288","8":"first","9":"instock","10":"taxable","11":"shipping-taxable","12":"product-type-simple"},"_links":{"self":[{"href":"https:\/\/hekes.ee\/ru\/wp-json\/wp\/v2\/product\/10908","targetHints":{"allow":["GET"]}}],"collection":[{"href":"https:\/\/hekes.ee\/ru\/wp-json\/wp\/v2\/product"}],"about":[{"href":"https:\/\/hekes.ee\/ru\/wp-json\/wp\/v2\/types\/product"}],"replies":[{"embeddable":true,"href":"https:\/\/hekes.ee\/ru\/wp-json\/wp\/v2\/comments?post=10908"}],"wp:featuredmedia":[{"embeddable":true,"href":"https:\/\/hekes.ee\/ru\/wp-json\/wp\/v2\/media\/12303"}],"wp:attachment":[{"href":"https:\/\/hekes.ee\/ru\/wp-json\/wp\/v2\/media?parent=10908"}],"wp:term":[{"taxonomy":"product_brand","embeddable":true,"href":"https:\/\/hekes.ee\/ru\/wp-json\/wp\/v2\/product_brand?post=10908"},{"taxonomy":"product_cat","embeddable":true,"href":"https:\/\/hekes.ee\/ru\/wp-json\/wp\/v2\/product_cat?post=10908"},{"taxonomy":"product_tag","embeddable":true,"href":"https:\/\/hekes.ee\/ru\/wp-json\/wp\/v2\/product_tag?post=10908"}],"curies":[{"name":"wp","href":"https:\/\/api.w.org\/{rel}","templated":true}]}}