{"id":10907,"date":"2021-02-02T15:20:10","date_gmt":"2021-02-02T15:20:10","guid":{"rendered":"https:\/\/hekes.ee\/toode\/verderflex-vantage-3000\/"},"modified":"2021-02-02T15:20:10","modified_gmt":"2021-02-02T15:20:10","slug":"verderflex-vantage-3000","status":"publish","type":"product","link":"https:\/\/hekes.ee\/ru\/toode\/verderflex-vantage-3000\/","title":{"rendered":"Verderflex\u00ae Vantage 3000"},"content":{"rendered":"<div>Verderflex Vantage 3000 tootevalik on h\u00f5lpsasti kasutatav, madala kuni keskmise vooluhulgaga, 2 baariga torupumbad farmaatsias, laboris ja kerget\u00f6\u00f6stuses. Need kompaktsed pumbad sobivad lauale ja sobivad ideaalselt abrasiivsete, nihutundlike ja viskoossete vedelike \u00fclekandmiseks, doseerimiseks v\u00f5i m\u00f5\u00f5tmiseks.<\/div>\n<div><\/div>\n<div>Max vooluhulk: 3250 ml \/ min<\/div>\n<div>Maksimaalne r\u00f5hk: 2 baari<\/div>\n<div><\/div>\n<div>\n<div>3 draivi valikut:<\/div>\n<div>B Mudel &#8212; standard sisse \/ v\u00e4lja, vasak \/ parem funktsioon<\/div>\n<div>C mudel &#8212; kaugjuhtimisega analoogoperatsioon<\/div>\n<div>P mudel &#8212; v\u00e4ljastamine, programmeeritav ja kaugjuhtimine<\/div>\n<div><\/div>\n<div>Vooluhinnad:<\/div>\n<div>Vantage 3000 EZ &#8212; voolab vahemikus 0,9 ml \/ min kuni 1,31 l \/ min<\/div>\n<div>Vantage 3000 S10 &#8212; voolab vahemikus 20 ml \/ min kuni 1,78 l \/ min<\/div>\n<div>Vantage 3000 R3i &#8212; voolab vahemikus 55 ml \/ min kuni 3,25 l \/ min<\/div>\n<div><\/div>\n<div>3 peavalikut:<\/div>\n<div>EZ 1,6 mm (WT) paksuse toru jaoks<\/div>\n<div>S10 2,4 mm (WT) torude jaoks<\/div>\n<div>R3i 3,2 mm (WT) paksusega torude jaoks<\/div>\n<\/div>\n<div><\/div>\n<div>\n<h2 class=\"h3\">Verderflex Vantage 3000<\/h2>\n<div class=\"tx-pumpdist\">\n<table class=\"spec-table\">\n<thead class=\"thead-dark\">\n<tr>\n<th scope=\"col\">Type<\/th>\n<th scope=\"col\">Max. flow<\/th>\n<th scope=\"col\">Max. discharge pressure<\/th>\n<th scope=\"col\">Max. temperature<\/th>\n<th scope=\"col\">Max tube<\/th>\n<th scope=\"col\">Certificates<\/th>\n<th>Technosheet<\/th>\n<\/tr>\n<\/thead>\n<tbody>\n<tr>\n<td>\n<h2 class=\"h3\"><a href=\"https:\/\/www.verderliquids.com\/int\/en\/purchasing-peristaltic-pumps-verderflex\/verderflex-vantage-3000\/3000-ez-b\/\" target=\"_blank\" rel=\"noopener\">3000 EZ B<\/a><\/h2>\n<\/td>\n<td>788\u00a0ml\/min<\/td>\n<td>2\u00a0bar<\/td>\n<td>85\u00a0\u00b0C<\/td>\n<td>8\u00a0mm<\/td>\n<td>&#8212;<\/td>\n<td class=\"technosheet\"><a class=\"btn btn-primary\" title=\"Technosheet Vantage 3000\" href=\"https:\/\/www.verderliquids.com\/fileadmin\/user_upload\/Website_documents_2016\/Verderflex\/Documents\/Documents_EN\/Vantage_3000\/Verderflex_Vantage_3000_B_EZ_Technosheet.pdf\" target=\"_blank\" rel=\"noopener\">3000 EZ B Technosheet<\/a><\/td>\n<\/tr>\n<tr>\n<td>\n<h2 class=\"h3\"><a href=\"https:\/\/www.verderliquids.com\/int\/en\/purchasing-peristaltic-pumps-verderflex\/verderflex-vantage-3000\/3000-ez-c\/\" target=\"_blank\" rel=\"noopener\">3000 EZ C<\/a><\/h2>\n<\/td>\n<td>1310\u00a0ml\/min<\/td>\n<td>2\u00a0bar<\/td>\n<td>85\u00a0\u00b0C<\/td>\n<td>8\u00a0mm<\/td>\n<td>&#8212;<\/td>\n<td class=\"technosheet\"><a class=\"btn btn-primary\" title=\"Technosheet Vantage 3000 EZ C\" href=\"https:\/\/www.verderliquids.com\/fileadmin\/user_upload\/Website_documents_2016\/Verderflex\/Documents\/Documents_EN\/Vantage_3000\/Verderflex_Vantage_3000_C_EZ_Technosheet.pdf\" target=\"_blank\" rel=\"noopener\">3000 EZ C Technosheet<\/a><\/td>\n<\/tr>\n<tr>\n<td>\n<h2 class=\"h3\"><a href=\"https:\/\/www.verderliquids.com\/int\/en\/purchasing-peristaltic-pumps-verderflex\/verderflex-vantage-3000\/3000-ez-p\/\" target=\"_blank\" rel=\"noopener\">3000 EZ P<\/a><\/h2>\n<\/td>\n<td>1310\u00a0ml\/min<\/td>\n<td>2\u00a0bar<\/td>\n<td>85\u00a0\u00b0C<\/td>\n<td>8\u00a0mm<\/td>\n<td>&#8212;<\/td>\n<td class=\"technosheet\"><a class=\"btn btn-primary\" title=\"Technosheet Vantage 3000 EZ P \" href=\"https:\/\/www.verderliquids.com\/fileadmin\/user_upload\/Website_documents_2016\/Verderflex\/Documents\/Documents_EN\/Vantage_3000\/Verderflex_Vantage_3000_P_EZ_Technosheet.pdf\" target=\"_blank\" rel=\"noopener\">3000 EZ P Technosheet<\/a><\/td>\n<\/tr>\n<tr>\n<td>\n<h2 class=\"h3\"><a href=\"https:\/\/www.verderliquids.com\/int\/en\/purchasing-peristaltic-pumps-verderflex\/verderflex-vantage-3000\/3000-s10-c\/\" target=\"_blank\" rel=\"noopener\">3000 S10 C<\/a><\/h2>\n<\/td>\n<td>1,78\u00a0l\/min<\/td>\n<td>2\u00a0bar<\/td>\n<td>85\u00a0\u00b0C<\/td>\n<td>8\u00a0mm<\/td>\n<td>&#8212;<\/td>\n<td class=\"technosheet\"><a class=\"btn btn-primary\" title=\"Vantage 3000 S10 C\" href=\"https:\/\/www.verderliquids.com\/fileadmin\/user_upload\/Website_documents_2016\/Verderflex\/Documents\/Documents_EN\/Vantage_3000\/Verderflex_Vantage_3000_C_S10_Technosheet.pdf\" target=\"_blank\" rel=\"noopener\">3000 S10 C Technosheet<\/a><\/td>\n<\/tr>\n<tr>\n<td>\n<h2 class=\"h3\"><a href=\"https:\/\/www.verderliquids.com\/int\/en\/purchasing-peristaltic-pumps-verderflex\/verderflex-vantage-3000\/3000-s10-p\/\" target=\"_blank\" rel=\"noopener\">3000 S10 P<\/a><\/h2>\n<\/td>\n<td>1.78\u00a0l\/min<\/td>\n<td>2\u00a0bar<\/td>\n<td>85\u00a0\u00b0C<\/td>\n<td>8\u00a0mm<\/td>\n<td>&#8212;<\/td>\n<td class=\"technosheet\"><a class=\"btn btn-primary\" title=\"Technosheet Vantage 3000 S10 P\" href=\"https:\/\/www.verderliquids.com\/fileadmin\/user_upload\/Website_documents_2016\/Verderflex\/Documents\/Documents_EN\/Vantage_3000\/Verderflex_Vantage_3000_P_S10_Technosheet.pdf\" target=\"_blank\" rel=\"noopener\">3000 S10 P Technosheet<\/a><\/td>\n<\/tr>\n<tr>\n<td>\n<h2 class=\"h3\"><a href=\"https:\/\/www.verderliquids.com\/int\/en\/purchasing-peristaltic-pumps-verderflex\/verderflex-vantage-3000\/3000-r3i-c\/\" target=\"_blank\" rel=\"noopener\">3000 R3I C<\/a><\/h2>\n<\/td>\n<td>3.25\u00a0l\/min<\/td>\n<td>2\u00a0bar<\/td>\n<td>85\u00a0\u00b0C<\/td>\n<td>9,6\u00a0mm<\/td>\n<td>&#8212;<\/td>\n<td class=\"technosheet\"><a class=\"btn btn-primary\" title=\"Technosheet Vantage 3000 R3I C\" href=\"https:\/\/www.verderliquids.com\/fileadmin\/user_upload\/Website_documents_2016\/Verderflex\/Documents\/Documents_EN\/Vantage_3000\/Verderrflex_Vantage_3000_C_R3i_Technosheet.pdf\" target=\"_blank\" rel=\"noopener\">3000 R3I C Technosheet<\/a><\/td>\n<\/tr>\n<tr>\n<td>\n<h2 class=\"h3\"><a href=\"https:\/\/www.verderliquids.com\/int\/en\/purchasing-peristaltic-pumps-verderflex\/verderflex-vantage-3000\/3000-r3i-p\/\" target=\"_blank\" rel=\"noopener\">3000 R3I P<\/a><\/h2>\n<\/td>\n<td>3.25\u00a0l\/min<\/td>\n<td>2\u00a0bar<\/td>\n<td>85\u00a0\u00b0C<\/td>\n<td>9,6\u00a0mm<\/td>\n<td>&#8212;<\/td>\n<td class=\"technosheet\"><a class=\"btn btn-primary\" title=\"Technosheet Vantage 3000 R3I P\" href=\"https:\/\/www.verderliquids.com\/fileadmin\/user_upload\/Website_documents_2016\/Verderflex\/Documents\/Documents_EN\/Vantage_3000\/Verderflex_Vantage_3000_P_R3i_Technosheet.pdf\" target=\"_blank\" rel=\"noopener\">3000 R3I P Technosheet<\/a><\/td>\n<\/tr>\n<\/tbody>\n<\/table>\n<\/div>\n<\/div>\n","protected":false},"excerpt":{"rendered":"<p>Verderflex Vantage 3000 tootevalik on h\u00f5lpsasti kasutatav, madala kuni keskmise vooluhulgaga, 2 baariga torupumbad farmaatsias, laboris ja kerget\u00f6\u00f6stuses. Need kompaktsed pumbad sobivad lauale ja sobivad ideaalselt abrasiivsete, nihutundlike ja viskoossete vedelike \u00fclekandmiseks, doseerimiseks v\u00f5i m\u00f5\u00f5tmiseks. Max vooluhulk: 3250 ml \/ min Maksimaalne r\u00f5hk: 2 baari 3 draivi valikut: B Mudel &#8212; standard sisse \/ v\u00e4lja, [&#8230;]\n","protected":false},"featured_media":12300,"comment_status":"closed","ping_status":"closed","template":"","meta":[],"product_brand":[],"product_cat":[288],"product_tag":[],"class_list":{"0":"post-10907","1":"product","2":"type-product","3":"status-publish","4":"has-post-thumbnail","6":"product_cat-288","8":"first","9":"instock","10":"taxable","11":"shipping-taxable","12":"product-type-simple"},"_links":{"self":[{"href":"https:\/\/hekes.ee\/ru\/wp-json\/wp\/v2\/product\/10907","targetHints":{"allow":["GET"]}}],"collection":[{"href":"https:\/\/hekes.ee\/ru\/wp-json\/wp\/v2\/product"}],"about":[{"href":"https:\/\/hekes.ee\/ru\/wp-json\/wp\/v2\/types\/product"}],"replies":[{"embeddable":true,"href":"https:\/\/hekes.ee\/ru\/wp-json\/wp\/v2\/comments?post=10907"}],"wp:featuredmedia":[{"embeddable":true,"href":"https:\/\/hekes.ee\/ru\/wp-json\/wp\/v2\/media\/12300"}],"wp:attachment":[{"href":"https:\/\/hekes.ee\/ru\/wp-json\/wp\/v2\/media?parent=10907"}],"wp:term":[{"taxonomy":"product_brand","embeddable":true,"href":"https:\/\/hekes.ee\/ru\/wp-json\/wp\/v2\/product_brand?post=10907"},{"taxonomy":"product_cat","embeddable":true,"href":"https:\/\/hekes.ee\/ru\/wp-json\/wp\/v2\/product_cat?post=10907"},{"taxonomy":"product_tag","embeddable":true,"href":"https:\/\/hekes.ee\/ru\/wp-json\/wp\/v2\/product_tag?post=10907"}],"curies":[{"name":"wp","href":"https:\/\/api.w.org\/{rel}","templated":true}]}}