{"id":10905,"date":"2021-02-02T15:29:04","date_gmt":"2021-02-02T15:29:04","guid":{"rendered":"https:\/\/hekes.ee\/toode\/verderflex-vp\/"},"modified":"2021-02-02T15:29:04","modified_gmt":"2021-02-02T15:29:04","slug":"verderflex-vp","status":"publish","type":"product","link":"https:\/\/hekes.ee\/ru\/toode\/verderflex-vp\/","title":{"rendered":"Verderflex\u00ae VP"},"content":{"rendered":"<div>VP tootevalik on spetsiaalsed madala vooluhulgaga doseerimistorupumbad koos sisseehitatud juhtimisseadmetega, mida toetavad t\u00e4iendavad instrumendid ja lisaseadmed. Pumbad sobivad ideaalselt v\u00e4ikeste iseseisvate doseerimiss\u00fcsteemide jaoks.<\/div>\n<div><\/div>\n<div>Max vooluhulk: 4 l \/ h<\/div>\n<div>Maksimaalne r\u00f5hk: 3 baari<\/div>\n<div><\/div>\n<div>\n<div>Verderflex\u00ae VP peristaltilised torupumbad on kompaktpumbad, mis sobivad ideaalselt kemikaalide t\u00e4pseks doseerimiseks; pakkudes integreeritud funktsioonidega mudeleid nagu taimer, pH-reguleerimine v\u00f5i Redox-kontroll S\u00fcsteem on isep\u00f5hine ja uuendusliku stabiilse voolu juhtimisega, et maksimeerida toru eluiga. Levinumad rakendusalad on keemiat\u00f6\u00f6stus, meditsiinit\u00f6\u00f6stus, laboratooriumid ja anal\u00fc\u00fcsid, basseinid, puhastus ja h\u00fcgieen.<\/div>\n<div><\/div>\n<div><strong>Vahemiku p\u00f5hijooned on:<\/strong><\/div>\n<ul>\n<li>Digitaalne proportsionaalne doseerimine<\/li>\n<li>Sisseehitatud pH \/ Redox kontroll<\/li>\n<li>pH v\u00e4\u00e4rtuse kuvamine<\/li>\n<li>Automaatne pH-sondi efektiivsuse tuvastamine<\/li>\n<li>Kuni 10 programmi p\u00e4evas<\/li>\n<\/ul>\n<\/div>\n<div>\n<h2 class=\"h3\">Verderflex VP<\/h2>\n<div class=\"tx-pumpdist\">\n<table class=\"spec-table\">\n<thead class=\"thead-dark\">\n<tr>\n<th scope=\"col\">Type<\/th>\n<th scope=\"col\">Max. flow<\/th>\n<th scope=\"col\">Max. discharge pressure<\/th>\n<th scope=\"col\">Max. temperature<\/th>\n<th scope=\"col\">Max. particle size<\/th>\n<th scope=\"col\">Certificates<\/th>\n<th>Technosheet<\/th>\n<\/tr>\n<\/thead>\n<tbody>\n<tr>\n<td>\n<h2 class=\"h3\"><a href=\"https:\/\/www.verderliquids.com\/int\/en\/purchasing-peristaltic-pumps-verderflex\/verderflex-vp\/vp1-timer\/\" target=\"_blank\" rel=\"noopener\">VP1-Timer<\/a><\/h2>\n<\/td>\n<td>2.4\u00a0l\/h<\/td>\n<td>3\u00a0bar<\/td>\n<td>80\u00a0\u00b0C<\/td>\n<td>0,7\u00a0mm<\/td>\n<td>&#8212;<\/td>\n<td class=\"technosheet\"><a class=\"btn btn-primary\" title=\"Technosheet VP1 Timer\" href=\"https:\/\/www.verderliquids.com\/fileadmin\/user_upload\/Test\/Verderflex_Datasheet\/Verderflex_VP_VP2-HT%20Timer_INT_English_Datasheet.pdf\" target=\"_blank\" rel=\"noopener\">VP1-Timer Technosheet<\/a><\/td>\n<\/tr>\n<tr>\n<td>\n<h2 class=\"h3\"><a href=\"https:\/\/www.verderliquids.com\/int\/en\/purchasing-peristaltic-pumps-verderflex\/verderflex-vp\/vp2-ph\/\" target=\"_blank\" rel=\"noopener\">VP2-pH<\/a><\/h2>\n<\/td>\n<td>4\u00a0l\/h<\/td>\n<td>1\u00a0bar<\/td>\n<td>80\u00a0\u00b0C<\/td>\n<td>9,4\u00a0mm<\/td>\n<td>&#8212;<\/td>\n<td class=\"technosheet\"><a class=\"btn btn-primary\" title=\"Technosheet VP2 PH\" href=\"https:\/\/www.verderliquids.com\/fileadmin\/user_upload\/Website_documents_2016\/Verderflex\/Documents\/Documents_EN\/VP_serie\/Verderflex_VP2-PH_Technsoheet.pdf\" target=\"_blank\" rel=\"noopener\">VP2-pH Technosheet<\/a><\/td>\n<\/tr>\n<tr>\n<td>\n<h2 class=\"h3\"><a href=\"https:\/\/www.verderliquids.com\/int\/en\/purchasing-peristaltic-pumps-verderflex\/verderflex-vp\/vp2-rx\/\" target=\"_blank\" rel=\"noopener\">VP2-RX<\/a><\/h2>\n<\/td>\n<td>4\u00a0l\/h<\/td>\n<td>1\u00a0bar<\/td>\n<td>80\u00a0\u00b0C<\/td>\n<td>9,4\u00a0mm<\/td>\n<td>&#8212;<\/td>\n<td class=\"technosheet\"><a class=\"btn btn-primary\" title=\"Technosheet VP2 RX\" href=\"https:\/\/www.verderliquids.com\/fileadmin\/user_upload\/Website_documents_2016\/Verderflex\/Documents\/Documents_EN\/VP_serie\/Verderflex__VP2_RX_Technosheet.pdf\" target=\"_blank\" rel=\"noopener\">VP2-RX Technosheet<\/a><\/td>\n<\/tr>\n<tr>\n<td>\n<h2 class=\"h3\"><a href=\"https:\/\/www.verderliquids.com\/int\/en\/purchasing-peristaltic-pumps-verderflex\/verderflex-vp\/vp-pro-ma\/\" target=\"_blank\" rel=\"noopener\">VP-PRO MA<\/a><\/h2>\n<\/td>\n<td>6\u00a0ml\/min<\/td>\n<td>1\u00a0bar<\/td>\n<td>85\u00a0\u00b0C<\/td>\n<td>9,3\u00a0mm<\/td>\n<td>&#8212;<\/td>\n<td class=\"technosheet\"><a class=\"btn btn-primary\" title=\"Technosheet VP PRO mA\" href=\"https:\/\/www.verderliquids.com\/fileadmin\/user_upload\/Website_documents_2016\/Verderflex\/Documents\/Documents_EN\/VP_serie\/Verderflex_VP_PRO_mA_Technosheet.pdf\" target=\"_blank\" rel=\"noopener\">VP-PRO MA Technosheet<\/a><\/td>\n<\/tr>\n<tr>\n<td>\n<h2 class=\"h3\"><a href=\"https:\/\/www.verderliquids.com\/int\/en\/purchasing-peristaltic-pumps-verderflex\/verderflex-vp\/vp-pro-phrx\/\" target=\"_blank\" rel=\"noopener\">VP-PRO PH\/RX<\/a><\/h2>\n<\/td>\n<td>6\u00a0ml\/min<\/td>\n<td>1\u00a0bar<\/td>\n<td>85\u00a0\u00b0C<\/td>\n<td>9,3\u00a0mm<\/td>\n<td>&#8212;<\/td>\n<td class=\"technosheet\"><a class=\"btn btn-primary\" title=\"Technosheet VP PRO PH\/RX\" href=\"https:\/\/www.verderliquids.com\/fileadmin\/user_upload\/Website_documents_2016\/Verderflex\/Documents\/Documents_EN\/VP_serie\/Verderflex_VP_Pro_PH_RX_Technosheet.pdf\" target=\"_blank\" rel=\"noopener\">VP-PRO PH\/RX Technosheet<\/a><\/td>\n<\/tr>\n<tr>\n<td>\n<h2 class=\"h3\"><a href=\"https:\/\/www.verderliquids.com\/int\/en\/purchasing-peristaltic-pumps-verderflex\/verderflex-vp\/vp-pro-cl\/\" target=\"_blank\" rel=\"noopener\">VP-PRO CL<\/a><\/h2>\n<\/td>\n<td>6\u00a0ml\/min<\/td>\n<td>1\u00a0bar<\/td>\n<td>85\u00a0\u00b0C<\/td>\n<td>9,3\u00a0mm<\/td>\n<td>&#8212;<\/td>\n<td class=\"technosheet\"><a class=\"btn btn-primary\" title=\"Technosheet VP PRO CL\" href=\"https:\/\/www.verderliquids.com\/fileadmin\/user_upload\/Website_documents_2016\/Verderflex\/Documents\/Documents_EN\/VP_serie\/Verderflex_VP_PRO_CL_Technosheet.pdf\" target=\"_blank\" rel=\"noopener\">VP-PRO CL Technosheet<\/a><\/td>\n<\/tr>\n<\/tbody>\n<\/table>\n<\/div>\n<\/div>\n","protected":false},"excerpt":{"rendered":"<p>VP tootevalik on spetsiaalsed madala vooluhulgaga doseerimistorupumbad koos sisseehitatud juhtimisseadmetega, mida toetavad t\u00e4iendavad instrumendid ja lisaseadmed. Pumbad sobivad ideaalselt v\u00e4ikeste iseseisvate doseerimiss\u00fcsteemide jaoks. Max vooluhulk: 4 l \/ h Maksimaalne r\u00f5hk: 3 baari Verderflex\u00ae VP peristaltilised torupumbad on kompaktpumbad, mis sobivad ideaalselt kemikaalide t\u00e4pseks doseerimiseks; pakkudes integreeritud funktsioonidega mudeleid nagu taimer, pH-reguleerimine v\u00f5i Redox-kontroll S\u00fcsteem [&#8230;]\n","protected":false},"featured_media":7214,"comment_status":"closed","ping_status":"closed","template":"","meta":[],"product_brand":[],"product_cat":[286,288],"product_tag":[],"class_list":{"0":"post-10905","1":"product","2":"type-product","3":"status-publish","4":"has-post-thumbnail","6":"product_cat-verdeflex-ru","7":"product_cat-288","9":"first","10":"instock","11":"taxable","12":"shipping-taxable","13":"product-type-simple"},"_links":{"self":[{"href":"https:\/\/hekes.ee\/ru\/wp-json\/wp\/v2\/product\/10905","targetHints":{"allow":["GET"]}}],"collection":[{"href":"https:\/\/hekes.ee\/ru\/wp-json\/wp\/v2\/product"}],"about":[{"href":"https:\/\/hekes.ee\/ru\/wp-json\/wp\/v2\/types\/product"}],"replies":[{"embeddable":true,"href":"https:\/\/hekes.ee\/ru\/wp-json\/wp\/v2\/comments?post=10905"}],"wp:featuredmedia":[{"embeddable":true,"href":"https:\/\/hekes.ee\/ru\/wp-json\/wp\/v2\/media\/7214"}],"wp:attachment":[{"href":"https:\/\/hekes.ee\/ru\/wp-json\/wp\/v2\/media?parent=10905"}],"wp:term":[{"taxonomy":"product_brand","embeddable":true,"href":"https:\/\/hekes.ee\/ru\/wp-json\/wp\/v2\/product_brand?post=10905"},{"taxonomy":"product_cat","embeddable":true,"href":"https:\/\/hekes.ee\/ru\/wp-json\/wp\/v2\/product_cat?post=10905"},{"taxonomy":"product_tag","embeddable":true,"href":"https:\/\/hekes.ee\/ru\/wp-json\/wp\/v2\/product_tag?post=10905"}],"curies":[{"name":"wp","href":"https:\/\/api.w.org\/{rel}","templated":true}]}}