{"id":10904,"date":"2021-02-02T15:55:47","date_gmt":"2021-02-02T15:55:47","guid":{"rendered":"https:\/\/hekes.ee\/toode\/verderflex-idura\/"},"modified":"2021-02-02T15:55:47","modified_gmt":"2021-02-02T15:55:47","slug":"verderflex-idura","status":"publish","type":"product","link":"https:\/\/hekes.ee\/ru\/toode\/verderflex-idura\/","title":{"rendered":"Verderflex\u00ae iDura"},"content":{"rendered":"<div>Kompaktne Verderflex iDura on t\u00e4ielik &#171;kasutusvalmis&#187;, p\u00f6\u00f6ratav Dura voolikupump koos tehases paigaldatud voolikute purunemiskaitsega ja IP66 inverteriga. Voolusid saab inverteri juhtimisseadistelt h\u00f5lpsasti seadistada v\u00f5i pumpa saab kaugjuhtida &#8212; ideaalne madala r\u00f5hu korral madalal r\u00f5hul doseerimine, doseerimine, proovide v\u00f5tmine ja mahuti t\u00fchjendamine t\u00f6\u00f6tlemiskompleksides, toidu- ja joogikohtades v\u00f5i veepuhastusjaamades.<\/div>\n<div><\/div>\n<div>Max vooluhulk: 2744 l \/ h<\/div>\n<div>Maksimaalne r\u00f5hk: 6 baari<\/div>\n<div><\/div>\n<div>\n<h2 class=\"h3\">Verderflex iDura<\/h2>\n<div class=\"tx-pumpdist\">\n<table class=\"spec-table\">\n<thead class=\"thead-dark\">\n<tr>\n<th scope=\"col\">Type<\/th>\n<th scope=\"col\">Max. flow<\/th>\n<th scope=\"col\">Max. discharge pressure<\/th>\n<th scope=\"col\">Certificates<\/th>\n<th scope=\"col\">Max. temperature<\/th>\n<th scope=\"col\">Max. particle size<\/th>\n<th>Technosheet<\/th>\n<\/tr>\n<\/thead>\n<tbody>\n<tr>\n<td>\n<h2 class=\"h3\"><a href=\"https:\/\/www.verderliquids.com\/int\/en\/purchasing-peristaltic-pumps-verderflex\/verderflex-idura\/idura-5\/\" target=\"_blank\" rel=\"noopener\">iDura 5<\/a><\/h2>\n<\/td>\n<td>22,5\u00a0l\/h<\/td>\n<td>5\u00a0bar<\/td>\n<td>No<\/td>\n<td>80\u00a0\u00b0C<\/td>\n<td>1,25\u00a0mm<\/td>\n<td class=\"technosheet\"><a class=\"btn btn-primary\" href=\"https:\/\/www.verderliquids.com\/fileadmin\/user_upload\/Test\/Verderflex_Datasheet\/Verderflex_Dura_5_INT_English_Datasheet.pdf\" target=\"_blank\" rel=\"noopener\">iDura 5 Technosheet<\/a><\/td>\n<\/tr>\n<tr>\n<td>\n<h2 class=\"h3\"><a href=\"https:\/\/www.verderliquids.com\/int\/en\/purchasing-peristaltic-pumps-verderflex\/verderflex-idura\/idura-7\/\" target=\"_blank\" rel=\"noopener\">iDura 7<\/a><\/h2>\n<\/td>\n<td>39\u00a0l\/h<\/td>\n<td>5\u00a0bar<\/td>\n<td>No<\/td>\n<td>80\u00a0\u00b0C<\/td>\n<td>1,75\u00a0mm<\/td>\n<td class=\"technosheet\"><a class=\"btn btn-primary\" href=\"https:\/\/www.verderliquids.com\/fileadmin\/user_upload\/Test\/Verderflex_Datasheet\/Verderflex_Dura_7_INT_English_Datasheet.pdf\" target=\"_blank\" rel=\"noopener\">iDura 7 Technosheet<\/a><\/td>\n<\/tr>\n<tr>\n<td>\n<h2 class=\"h3\"><a href=\"https:\/\/www.verderliquids.com\/int\/en\/purchasing-peristaltic-pumps-verderflex\/verderflex-idura\/idura-10\/\" target=\"_blank\" rel=\"noopener\">iDura 10<\/a><\/h2>\n<\/td>\n<td>125\u00a0l\/h<\/td>\n<td>6\u00a0bar<\/td>\n<td>FDA, EC\/1935<\/td>\n<td>80\u00a0\u00b0C<\/td>\n<td>2,5\u00a0mm<\/td>\n<td class=\"technosheet\"><a class=\"btn btn-primary\" href=\"https:\/\/www.verderliquids.com\/fileadmin\/user_upload\/Test\/Verderflex_Datasheet\/Verderflex_Dura_10_INT_English_Datasheet.pdf\" target=\"_blank\" rel=\"noopener\">iDura 10 Technosheet<\/a><\/td>\n<\/tr>\n<tr>\n<td>\n<h2 class=\"h3\"><a href=\"https:\/\/www.verderliquids.com\/int\/en\/purchasing-peristaltic-pumps-verderflex\/verderflex-idura\/idura-15\/\" target=\"_blank\" rel=\"noopener\">iDura 15<\/a><\/h2>\n<\/td>\n<td>410\u00a0l\/h<\/td>\n<td>6\u00a0bar<\/td>\n<td>FDA, EC\/1935<\/td>\n<td>80\u00a0\u00b0C<\/td>\n<td>3,75\u00a0mm<\/td>\n<td class=\"technosheet\"><a class=\"btn btn-primary\" href=\"https:\/\/www.verderliquids.com\/fileadmin\/user_upload\/Test\/Verderflex_Datasheet\/Verderflex_Dura_15_INT_English_Datasheet.pdf\" target=\"_blank\" rel=\"noopener\">iDura 15 Technosheet<\/a><\/td>\n<\/tr>\n<tr>\n<td>\n<h2 class=\"h3\"><a href=\"https:\/\/www.verderliquids.com\/int\/en\/purchasing-peristaltic-pumps-verderflex\/verderflex-idura\/idura-25\/\" target=\"_blank\" rel=\"noopener\">iDura 25<\/a><\/h2>\n<\/td>\n<td>1190\u00a0l\/h<\/td>\n<td>6\u00a0bar<\/td>\n<td>FDA, EC\/1935<\/td>\n<td>80\u00a0\u00b0C<\/td>\n<td>6,25\u00a0mm<\/td>\n<td class=\"technosheet\"><a class=\"btn btn-primary\" href=\"https:\/\/www.verderliquids.com\/fileadmin\/user_upload\/Test\/Verderflex_Datasheet\/Verderflex_Dura_25_INT_English_Datasheet.pdf\" target=\"_blank\" rel=\"noopener\">iDura 25 Technosheet<\/a><\/td>\n<\/tr>\n<tr>\n<td>\n<h2 class=\"h3\"><a href=\"https:\/\/www.verderliquids.com\/int\/en\/purchasing-peristaltic-pumps-verderflex\/verderflex-idura\/idura-35\/\" target=\"_blank\" rel=\"noopener\">iDura 35<\/a><\/h2>\n<\/td>\n<td>2744\u00a0l\/h<\/td>\n<td>6\u00a0bar<\/td>\n<td>FDA, EC\/1935<\/td>\n<td>80\u00a0\u00b0C<\/td>\n<td>8,75\u00a0mm<\/td>\n<td class=\"technosheet\"><a class=\"btn btn-primary\" href=\"https:\/\/www.verderliquids.com\/fileadmin\/user_upload\/Test\/Verderflex_Datasheet\/Verderflex_Dura_35_INT_English_Datasheet.pdf\" target=\"_blank\" rel=\"noopener\">iDura 35 Technosheet<\/a><\/td>\n<\/tr>\n<\/tbody>\n<\/table>\n<\/div>\n<\/div>\n","protected":false},"excerpt":{"rendered":"<p>Kompaktne Verderflex iDura on t\u00e4ielik &#171;kasutusvalmis&#187;, p\u00f6\u00f6ratav Dura voolikupump koos tehases paigaldatud voolikute purunemiskaitsega ja IP66 inverteriga. Voolusid saab inverteri juhtimisseadistelt h\u00f5lpsasti seadistada v\u00f5i pumpa saab kaugjuhtida &#8212; ideaalne madala r\u00f5hu korral madalal r\u00f5hul doseerimine, doseerimine, proovide v\u00f5tmine ja mahuti t\u00fchjendamine t\u00f6\u00f6tlemiskompleksides, toidu- ja joogikohtades v\u00f5i veepuhastusjaamades. Max vooluhulk: 2744 l \/ h Maksimaalne r\u00f5hk: [&#8230;]\n","protected":false},"featured_media":7241,"comment_status":"closed","ping_status":"closed","template":"","meta":[],"product_brand":[],"product_cat":[289],"product_tag":[],"class_list":{"0":"post-10904","1":"product","2":"type-product","3":"status-publish","4":"has-post-thumbnail","6":"product_cat-289","8":"first","9":"instock","10":"taxable","11":"shipping-taxable","12":"product-type-simple"},"_links":{"self":[{"href":"https:\/\/hekes.ee\/ru\/wp-json\/wp\/v2\/product\/10904","targetHints":{"allow":["GET"]}}],"collection":[{"href":"https:\/\/hekes.ee\/ru\/wp-json\/wp\/v2\/product"}],"about":[{"href":"https:\/\/hekes.ee\/ru\/wp-json\/wp\/v2\/types\/product"}],"replies":[{"embeddable":true,"href":"https:\/\/hekes.ee\/ru\/wp-json\/wp\/v2\/comments?post=10904"}],"wp:featuredmedia":[{"embeddable":true,"href":"https:\/\/hekes.ee\/ru\/wp-json\/wp\/v2\/media\/7241"}],"wp:attachment":[{"href":"https:\/\/hekes.ee\/ru\/wp-json\/wp\/v2\/media?parent=10904"}],"wp:term":[{"taxonomy":"product_brand","embeddable":true,"href":"https:\/\/hekes.ee\/ru\/wp-json\/wp\/v2\/product_brand?post=10904"},{"taxonomy":"product_cat","embeddable":true,"href":"https:\/\/hekes.ee\/ru\/wp-json\/wp\/v2\/product_cat?post=10904"},{"taxonomy":"product_tag","embeddable":true,"href":"https:\/\/hekes.ee\/ru\/wp-json\/wp\/v2\/product_tag?post=10904"}],"curies":[{"name":"wp","href":"https:\/\/api.w.org\/{rel}","templated":true}]}}