{"id":10903,"date":"2021-03-27T13:25:37","date_gmt":"2021-03-27T13:25:37","guid":{"rendered":"https:\/\/hekes.ee\/toode\/pumpade-seeria-zl\/"},"modified":"2022-11-22T13:51:17","modified_gmt":"2022-11-22T13:51:17","slug":"pumpade-seeria-zl","status":"publish","type":"product","link":"https:\/\/hekes.ee\/ru\/toode\/pumpade-seeria-zl\/","title":{"rendered":"Pumpade seeria ZL"},"content":{"rendered":"<h2>ZL-pumba seeria<\/h2>\n<p>Packo labarootorpumbad on tipptasemel. Seeriat saab varustada mitmesuguste rootorite ja lisavarustusega, mis muudab selle sobivaks peaaegu k\u00f5ikidele h\u00fcgieeniliste ainete pumpamiseks. See tagab pumpamisprotsessi optimaalse ja t\u00f5husa t\u00f6\u00f6.<\/p>\n<p>ZL-seeria Packo pumbad on m\u00f5eldud paljudeks h\u00fcgieeniliste ainete pumpamiseks, meiereides, \u00f5lletehastes, farmaatsiat\u00f6\u00f6stuses, kosmeetikat\u00f6\u00f6stuses ja pagarit\u00f6\u00f6kodades ning lik\u00f6\u00f6ride, pesuvahendite, \u0161ampoonide, geelide jne pumpamiseks. Madala kuni suure viskoossusega vedelike kahjustusteta pumpamiseks.<\/p>\n<div class=\"row\"  id=\"row-1876715379\">\n\n\t<div id=\"col-2080965232\" class=\"col medium-8 small-12 large-8\"  >\n\t\t\t\t<div class=\"col-inner\"  >\n\t\t\t\n\t\t\t\n\t<div class=\"img has-hover x md-x lg-x y md-y lg-y\" id=\"image_112739112\">\n\t\t\t\t\t\t\t\t<div class=\"img-inner dark\" >\n\t\t\t<img loading=\"lazy\" decoding=\"async\" width=\"600\" height=\"424\" src=\"https:\/\/hekes.ee\/wp-content\/uploads\/2021\/03\/Packo-ZL-details.png\" class=\"attachment-large size-large\" alt=\"\" srcset=\"https:\/\/hekes.ee\/wp-content\/uploads\/2021\/03\/Packo-ZL-details.png 600w, https:\/\/hekes.ee\/wp-content\/uploads\/2021\/03\/Packo-ZL-details-510x360.png 510w, https:\/\/hekes.ee\/wp-content\/uploads\/2021\/03\/Packo-ZL-details-566x400.png 566w\" sizes=\"auto, (max-width: 600px) 100vw, 600px\" \/>\t\t\t\t\t\t\n\t\t\t\t\t<\/div>\n\t\t\t\t\t\t\t\t\n<style>\n#image_112739112 {\n  width: 100%;\n}\n<\/style>\n\t<\/div>\n\t\n<p>4. Keskkonnaga kokkupuutuva tihendi osi saab vahetada ilma pumba korpust lahti v\u00f5tmata: tihendite vahetamiseks pole pumpa kohalt vaja eemaldada.<\/p>\n<p>5. Toiduk\u00f5lbliku \u00f5liga t\u00e4idetud k\u00e4igukast pikendab laagri eluiga ja n\u00f5uab minimaalset hooldust\u00f6\u00f6d. Kuullaagrid tekitavad v\u00e4ga v\u00e4he kuumust; spiraalsed ja lihvitud hammasrattad tagavad sujuva t\u00f6\u00f6.<\/p>\n<p>6. Saadaval valatud roostevabast terasest\u00a0k\u00e4igukast<\/p>\n\t\t<\/div>\n\t\t\t\t\t<\/div>\n\n\t\n\n\t<div id=\"col-2047475665\" class=\"col medium-4 small-12 large-4\"  >\n\t\t\t\t<div class=\"col-inner\"  >\n\t\t\t\n\t\t\t\n<ol>\n<li>Erinevad rootori variandid (Bi-Wing, Tri-Lobe, Heli-Lobe, Multi-Lobe, Single Wing, Bi-Lobe): optimaalne lahendus on saadaval igaks rakekenduseks.<\/li>\n<li>Rootoreid saab vahetada ilma v\u00f5lli s\u00fcnkroonimata v\u00f5i k\u00e4igukasti avamata.<\/li>\n<li>Saadaval erinevate vahetatavate tihentitega: \u00fche-, tagasipesu-, topelt-, O-r\u00f5ngastihend, kolmekordne huultihend jne.<\/li>\n<\/ol>\n\t\t<\/div>\n\t\t\t\t\t<\/div>\n\n\t\n<\/div>\n<p>Lisainfo: <a href=\"https:\/\/www.packopumps.com\/en\/products\/lobe-pumps\/ZL\" target=\"_blank\" rel=\"noopener\">https:\/\/www.packopumps.com\/en\/products\/lobe-pumps\/ZL<\/a><\/p>\n","protected":false},"excerpt":{"rendered":"<table>\n<tbody>\n<tr>\n<td>Maks.\u00a0voolukiirus<\/td>\n<td>100 m\u00b3 \/ h<\/td>\n<\/tr>\n<tr>\n<td>Maks.\u00a0toote viskoossus<\/td>\n<td>1 000 000 cP<\/td>\n<\/tr>\n<tr>\n<td>Maks.\u00a0r\u00f5hu erinevus<\/td>\n<td>20 baari<\/td>\n<\/tr>\n<tr>\n<td>Maks.\u00a0temperatuur<\/td>\n<td>150 \u00b0 C<\/td>\n<\/tr>\n<\/tbody>\n<\/table>\n","protected":false},"featured_media":12741,"comment_status":"closed","ping_status":"closed","template":"","meta":[],"product_brand":[],"product_cat":[270,271],"product_tag":[],"class_list":{"0":"post-10903","1":"product","2":"type-product","3":"status-publish","4":"has-post-thumbnail","6":"product_cat-packo-ru","7":"product_cat---lobe","9":"first","10":"instock","11":"taxable","12":"shipping-taxable","13":"product-type-simple"},"_links":{"self":[{"href":"https:\/\/hekes.ee\/ru\/wp-json\/wp\/v2\/product\/10903","targetHints":{"allow":["GET"]}}],"collection":[{"href":"https:\/\/hekes.ee\/ru\/wp-json\/wp\/v2\/product"}],"about":[{"href":"https:\/\/hekes.ee\/ru\/wp-json\/wp\/v2\/types\/product"}],"replies":[{"embeddable":true,"href":"https:\/\/hekes.ee\/ru\/wp-json\/wp\/v2\/comments?post=10903"}],"wp:featuredmedia":[{"embeddable":true,"href":"https:\/\/hekes.ee\/ru\/wp-json\/wp\/v2\/media\/12741"}],"wp:attachment":[{"href":"https:\/\/hekes.ee\/ru\/wp-json\/wp\/v2\/media?parent=10903"}],"wp:term":[{"taxonomy":"product_brand","embeddable":true,"href":"https:\/\/hekes.ee\/ru\/wp-json\/wp\/v2\/product_brand?post=10903"},{"taxonomy":"product_cat","embeddable":true,"href":"https:\/\/hekes.ee\/ru\/wp-json\/wp\/v2\/product_cat?post=10903"},{"taxonomy":"product_tag","embeddable":true,"href":"https:\/\/hekes.ee\/ru\/wp-json\/wp\/v2\/product_tag?post=10903"}],"curies":[{"name":"wp","href":"https:\/\/api.w.org\/{rel}","templated":true}]}}