{"id":10902,"date":"2021-03-27T18:31:08","date_gmt":"2021-03-27T18:31:08","guid":{"rendered":"https:\/\/hekes.ee\/toode\/series-zlc\/"},"modified":"2022-11-22T13:51:06","modified_gmt":"2022-11-22T13:51:06","slug":"series-zlc","status":"publish","type":"product","link":"https:\/\/hekes.ee\/ru\/toode\/series-zlc\/","title":{"rendered":"Series ZLC"},"content":{"rendered":"<p>ZLC-seeria on Packo 3A sertifitseeritud farmaatsiat\u00f6\u00f6stusele. Pumpa kasutatakse farmaatsia-, biotehnoloogia- ja kosmeetikat\u00f6\u00f6stuse k\u00f5ige n\u00f5udlikumates ja steriilsetes rakendustes. Nende t\u00e4iuslikult isepuhastavatel pumpade vedelikuga kokkupuutuvad osad on valmistatud roostevabast terasest 316L, 100% poorideta ja \u00e4\u00e4rmiselt siledad. T\u00e4nu poorideta disainile ja elektrol\u00fc\u00fctilisele poleerimisele kui l\u00f5plikule pinnat\u00f6\u00f6tlusele on ZLC pumbasari ideaalselt puhastatav, mille tulemuseks on usaldusv\u00e4\u00e4rne osa teie tootmisprotsessis.<\/p>\n<div class=\"row\"  id=\"row-1259514603\">\n\n\t<div id=\"col-2057872824\" class=\"col medium-8 small-12 large-8\"  >\n\t\t\t\t<div class=\"col-inner\"  >\n\t\t\t\n\t\t\t\n\t<div class=\"img has-hover x md-x lg-x y md-y lg-y\" id=\"image_1244079271\">\n\t\t\t\t\t\t\t\t<div class=\"img-inner dark\" >\n\t\t\t<img loading=\"lazy\" decoding=\"async\" width=\"600\" height=\"550\" src=\"https:\/\/hekes.ee\/wp-content\/uploads\/2021\/03\/Packo-ZLC-cutout-metpijlen.png\" class=\"attachment-large size-large\" alt=\"\" srcset=\"https:\/\/hekes.ee\/wp-content\/uploads\/2021\/03\/Packo-ZLC-cutout-metpijlen.png 600w, https:\/\/hekes.ee\/wp-content\/uploads\/2021\/03\/Packo-ZLC-cutout-metpijlen-510x468.png 510w, https:\/\/hekes.ee\/wp-content\/uploads\/2021\/03\/Packo-ZLC-cutout-metpijlen-436x400.png 436w\" sizes=\"auto, (max-width: 600px) 100vw, 600px\" \/>\t\t\t\t\t\t\n\t\t\t\t\t<\/div>\n\t\t\t\t\t\t\t\t\n<style>\n#image_1244079271 {\n  width: 100%;\n}\n<\/style>\n\t<\/div>\n\t\n\t\t<\/div>\n\t\t\t\t\t<\/div>\n\n\t\n\n\t<div id=\"col-1842521742\" class=\"col medium-4 small-12 large-4\"  >\n\t\t\t\t<div class=\"col-inner\"  >\n\t\t\t\n\t\t\t\n<ol>\n<li>Ise t\u00fchenduv korpus<\/li>\n<li>Saadaval on erinevad rootori t\u00fc\u00fcbid<\/li>\n<li>FDA ja USP sertifitseeritud sertifikaadid<\/li>\n<li>Vedelikuga kokkupuutuvad osad 316L-s: 1.4404 (standard) v\u00f5i 1.4435 (valikuline)<\/li>\n<li>Parima puhtuse tagamiseks on mehaanilised tihendid isepuhastuvad<\/li>\n<li>Saadaval valatud roostevabast terasest reduktor<\/li>\n<\/ol>\n\t\t<\/div>\n\t\t\t\t\t<\/div>\n\n\t\n<\/div>\n<p><a href=\"https:\/\/www.packopumps.com\/en\/products\/lobe-pumps\/ZLC\" target=\"_blank\" rel=\"noopener\">https:\/\/www.packopumps.com\/en\/products\/lobe-pumps\/ZLC<\/a><\/p>\n","protected":false},"excerpt":{"rendered":"<table>\n<tbody>\n<tr>\n<td>Maks.\u00a0voolukiirus<\/td>\n<td>100 m\u00b3 \/ h<\/td>\n<\/tr>\n<tr>\n<td>Maks.\u00a0toote viskoossus<\/td>\n<td>1 000 000 cP<\/td>\n<\/tr>\n<tr>\n<td>Maks.\u00a0r\u00f5hu erinevus<\/td>\n<td>20 baari<\/td>\n<\/tr>\n<tr>\n<td>Maks.\u00a0temperatuur<\/td>\n<td>150 \u00b0 C<\/td>\n<\/tr>\n<\/tbody>\n<\/table>\n","protected":false},"featured_media":7739,"comment_status":"closed","ping_status":"closed","template":"","meta":[],"product_brand":[],"product_cat":[270,271],"product_tag":[],"class_list":{"0":"post-10902","1":"product","2":"type-product","3":"status-publish","4":"has-post-thumbnail","6":"product_cat-packo-ru","7":"product_cat---lobe","9":"first","10":"instock","11":"taxable","12":"shipping-taxable","13":"product-type-simple"},"_links":{"self":[{"href":"https:\/\/hekes.ee\/ru\/wp-json\/wp\/v2\/product\/10902","targetHints":{"allow":["GET"]}}],"collection":[{"href":"https:\/\/hekes.ee\/ru\/wp-json\/wp\/v2\/product"}],"about":[{"href":"https:\/\/hekes.ee\/ru\/wp-json\/wp\/v2\/types\/product"}],"replies":[{"embeddable":true,"href":"https:\/\/hekes.ee\/ru\/wp-json\/wp\/v2\/comments?post=10902"}],"wp:featuredmedia":[{"embeddable":true,"href":"https:\/\/hekes.ee\/ru\/wp-json\/wp\/v2\/media\/7739"}],"wp:attachment":[{"href":"https:\/\/hekes.ee\/ru\/wp-json\/wp\/v2\/media?parent=10902"}],"wp:term":[{"taxonomy":"product_brand","embeddable":true,"href":"https:\/\/hekes.ee\/ru\/wp-json\/wp\/v2\/product_brand?post=10902"},{"taxonomy":"product_cat","embeddable":true,"href":"https:\/\/hekes.ee\/ru\/wp-json\/wp\/v2\/product_cat?post=10902"},{"taxonomy":"product_tag","embeddable":true,"href":"https:\/\/hekes.ee\/ru\/wp-json\/wp\/v2\/product_tag?post=10902"}],"curies":[{"name":"wp","href":"https:\/\/api.w.org\/{rel}","templated":true}]}}