{"id":10900,"date":"2021-03-27T19:13:39","date_gmt":"2021-03-27T19:13:39","guid":{"rendered":"https:\/\/hekes.ee\/toode\/series-zs\/"},"modified":"2022-11-22T13:03:06","modified_gmt":"2022-11-22T13:03:06","slug":"series-zs","status":"publish","type":"product","link":"https:\/\/hekes.ee\/ru\/toode\/series-zs\/","title":{"rendered":"Series ZS"},"content":{"rendered":"<p>Packo ZS topelt kruviga pumbad on m\u00f5eldud madala kuni suure viskoossusega ja gaasiliste vedelike pumpamiseks meiereide, \u00f5lletehaste, farmaatsia- ja kosmeetikat\u00f6\u00f6stuse ning pagari\u00e4ride h\u00fcgieenilistes rakendustes. ZS on hea t\u00f6\u00f6mahuga pump viskoossete vedelike \u00f5rnaks pumpamiseks, kahjustamata seal sisalduvaid tahkeid aineid, nagu puuviljad jogurtis, p\u00e4hklid j\u00e4\u00e4tises jne. T\u00e4nu suurele lubatud kiiruste vahemikule saab ZS-i pumpa kasutada ka CIP + pumpadena.<\/p>\n<div class=\"row\"  id=\"row-156696606\">\n\n\t<div id=\"col-294186202\" class=\"col medium-8 small-12 large-8\"  >\n\t\t\t\t<div class=\"col-inner\"  >\n\t\t\t\n\t\t\t\n\t<div class=\"img has-hover x md-x lg-x y md-y lg-y\" id=\"image_1974575410\">\n\t\t\t\t\t\t\t\t<div class=\"img-inner dark\" >\n\t\t\t<img loading=\"lazy\" decoding=\"async\" width=\"600\" height=\"338\" src=\"https:\/\/hekes.ee\/wp-content\/uploads\/2021\/03\/Packo-ZS-cutout-metpijlen.png\" class=\"attachment-large size-large\" alt=\"\" srcset=\"https:\/\/hekes.ee\/wp-content\/uploads\/2021\/03\/Packo-ZS-cutout-metpijlen.png 600w, https:\/\/hekes.ee\/wp-content\/uploads\/2021\/03\/Packo-ZS-cutout-metpijlen-510x287.png 510w\" sizes=\"auto, (max-width: 600px) 100vw, 600px\" \/>\t\t\t\t\t\t\n\t\t\t\t\t<\/div>\n\t\t\t\t\t\t\t\t\n<style>\n#image_1974575410 {\n  width: 100%;\n}\n<\/style>\n\t<\/div>\n\t\n<p>5. Toiduk\u00f5lbliku \u00f5liga t\u00e4idetud k\u00e4igukast pikendab laagri eluiga ja vajab minimaalset hooldust.\u00a0Kuullaagrid tekitavad v\u00e4ga v\u00e4he soojust;\u00a0spiraalsed ja maandatud hammasrattad tagavad sujuva t\u00f6\u00f6.<\/p>\n<p>6. Valatud roostevabast terasest k\u00e4igukast.<\/p>\n\t\t<\/div>\n\t\t\t\t\t<\/div>\n\n\t\n\n\t<div id=\"col-2126764448\" class=\"col medium-4 small-12 large-4\"  >\n\t\t\t\t<div class=\"col-inner\"  >\n\t\t\t\n\t\t\t\n<ol>\n<li>Erinevat t\u00fc\u00fcpi kruvid v\u00f5imaldavad t\u00e4pselt reguleerida voolu, r\u00f5hku ja osakeste suurust.<\/li>\n<li>geomeetria t\u00f5ttu on tagatud \u00e4\u00e4rmiselt sujuv transport.\u00a0Teine eelis on voolu madal pulsatsioon.<\/li>\n<li>Saadaval erinevate vahetatavate tihenduss\u00fcsteemidega: \u00fche-, loputus-, topelt-, kolmekordse huulte tihend jne.<\/li>\n<li>Kompaktsed tihendid v\u00f5imaldavad pumba v\u00e4ljalaskeavasse suurt auku, minimeerides voolukiiruse muutusi, mis tulenevad s\u00f6\u00f6tme kitsast pudelikaelast.<\/li>\n<\/ol>\n\t\t<\/div>\n\t\t\t\t\t<\/div>\n\n\t\n<\/div>\n<p><a href=\"https:\/\/www.packopumps.com\/en\/products\/Twin-screw-pumps\/ZS\" target=\"_blank\" rel=\"noopener\">https:\/\/www.packopumps.com\/en\/products\/Twin-screw-pumps\/ZS<\/a><\/p>\n","protected":false},"excerpt":{"rendered":"<table>\n<tbody>\n<tr>\n<td>Max. flow<\/td>\n<td>100 m\u00b3\/h<\/td>\n<\/tr>\n<tr>\n<td>Max. product viscosity<\/td>\n<td>1.000.000 cP<\/td>\n<\/tr>\n<tr>\n<td>Max. differential pressure<\/td>\n<td>12 bar<\/td>\n<\/tr>\n<tr>\n<td>Max. temperature<\/td>\n<td>150 \u00b0C<\/td>\n<\/tr>\n<\/tbody>\n<\/table>\n","protected":false},"featured_media":7750,"comment_status":"closed","ping_status":"closed","template":"","meta":[],"product_brand":[],"product_cat":[270,326],"product_tag":[],"class_list":{"0":"post-10900","1":"product","2":"type-product","3":"status-publish","4":"has-post-thumbnail","6":"product_cat-packo-ru","7":"product_cat-326","9":"first","10":"instock","11":"taxable","12":"shipping-taxable","13":"product-type-simple"},"_links":{"self":[{"href":"https:\/\/hekes.ee\/ru\/wp-json\/wp\/v2\/product\/10900","targetHints":{"allow":["GET"]}}],"collection":[{"href":"https:\/\/hekes.ee\/ru\/wp-json\/wp\/v2\/product"}],"about":[{"href":"https:\/\/hekes.ee\/ru\/wp-json\/wp\/v2\/types\/product"}],"replies":[{"embeddable":true,"href":"https:\/\/hekes.ee\/ru\/wp-json\/wp\/v2\/comments?post=10900"}],"wp:featuredmedia":[{"embeddable":true,"href":"https:\/\/hekes.ee\/ru\/wp-json\/wp\/v2\/media\/7750"}],"wp:attachment":[{"href":"https:\/\/hekes.ee\/ru\/wp-json\/wp\/v2\/media?parent=10900"}],"wp:term":[{"taxonomy":"product_brand","embeddable":true,"href":"https:\/\/hekes.ee\/ru\/wp-json\/wp\/v2\/product_brand?post=10900"},{"taxonomy":"product_cat","embeddable":true,"href":"https:\/\/hekes.ee\/ru\/wp-json\/wp\/v2\/product_cat?post=10900"},{"taxonomy":"product_tag","embeddable":true,"href":"https:\/\/hekes.ee\/ru\/wp-json\/wp\/v2\/product_tag?post=10900"}],"curies":[{"name":"wp","href":"https:\/\/api.w.org\/{rel}","templated":true}]}}