{"id":10899,"date":"2021-03-27T19:34:32","date_gmt":"2021-03-27T19:34:32","guid":{"rendered":"https:\/\/hekes.ee\/toode\/series-crp\/"},"modified":"2022-11-22T13:02:53","modified_gmt":"2022-11-22T13:02:53","slug":"series-crp","status":"publish","type":"product","link":"https:\/\/hekes.ee\/ru\/toode\/series-crp\/","title":{"rendered":"Series CRP"},"content":{"rendered":"<h2>CRP-pumpade seeria<\/h2>\n<div class=\"kenmerken-uitleg\">\n<p>CRP-seeria pumbad on ise puhastuvad veeemulsiooni pumpamiseks ja neid kasutatakse peamiselt vedeliku ja \u00f5hu segu pumpamiseks. Need on valmistatud k\u00fclmvaltsitud roostevabast plekist, 100% poorideta ja \u00e4\u00e4rmiselt siledad. Pumpadel on avatud v\u00f5i suletud tiivikud 316L v\u00f5i dupleksmaterjalist. T\u00e4nu siledale disainile ja elektropoleerimisele kui l\u00f5plikule pinnat\u00f6\u00f6tlusele on CRP-seeria kergesti puhastuvad pumbad teie tootmisprotsess on mikroobide vaba.<\/p>\n<\/div>\n\t<div class=\"img has-hover x md-x lg-x y md-y lg-y\" id=\"image_591817649\">\n\t\t\t\t\t\t\t\t<div class=\"img-inner dark\" >\n\t\t\t<img loading=\"lazy\" decoding=\"async\" width=\"1020\" height=\"575\" src=\"https:\/\/hekes.ee\/wp-content\/uploads\/2021\/03\/CRP-en-CRP-_render-aangeduid.png\" class=\"attachment-large size-large\" alt=\"\" srcset=\"https:\/\/hekes.ee\/wp-content\/uploads\/2021\/03\/CRP-en-CRP-_render-aangeduid.png 1200w, https:\/\/hekes.ee\/wp-content\/uploads\/2021\/03\/CRP-en-CRP-_render-aangeduid-510x287.png 510w, https:\/\/hekes.ee\/wp-content\/uploads\/2021\/03\/CRP-en-CRP-_render-aangeduid-710x400.png 710w, https:\/\/hekes.ee\/wp-content\/uploads\/2021\/03\/CRP-en-CRP-_render-aangeduid-768x433.png 768w\" sizes=\"auto, (max-width: 1020px) 100vw, 1020px\" \/>\t\t\t\t\t\t\n\t\t\t\t\t<\/div>\n\t\t\t\t\t\t\t\t\n<style>\n#image_591817649 {\n  width: 100%;\n}\n<\/style>\n\t<\/div>\n\t\n<div class=\"row row-divided\"  id=\"row-1745005501\">\n\n\t<div id=\"col-700872010\" class=\"col medium-3 small-6 large-3\"  >\n\t\t\t\t<div class=\"col-inner\"  >\n\t\t\t\n\t\t\t\n<ol>\n<li>Ainulaadne veeemulsiooni kontseptsioon koos \u00f5huseparaatoriga<\/li>\n<\/ol>\n\t\t<\/div>\n\t\t\t\t\t<\/div>\n\n\t\n\n\t<div id=\"col-1635197419\" class=\"col medium-3 small-6 large-3\"  >\n\t\t\t\t<div class=\"col-inner\"  >\n\t\t\t\n\t\t\t\n<p>2. <span lang=\"et\">Ainulaadne \u00f5hu eraldumise s\u00fcsteem koos puhastatava \u00f5huseparaatoriga<\/span><\/p>\n\t\t<\/div>\n\t\t\t\t\t<\/div>\n\n\t\n\n\t<div id=\"col-847067125\" class=\"col medium-3 small-6 large-3\"  >\n\t\t\t\t<div class=\"col-inner\"  >\n\t\t\t\n\t\t\t\n<p>3. Elektropoleeritud, h\u00f5lpsasti puhastatav konstruktsioon, ei teki bakteririski, kuna o-r\u00f5ngaste \u00fcmber ei teki v\u00e4ikseid t\u00fchimikke<\/p>\n\t\t<\/div>\n\t\t\t\t\t<\/div>\n\n\t\n\n\t<div id=\"col-1172933104\" class=\"col medium-3 small-6 large-3\"  >\n\t\t\t\t<div class=\"col-inner\"  >\n\t\t\t\n\t\t\t\n<p>4. Monoblokk pump vastavuses standardiga IEC mootoritega<\/p>\n\t\t<\/div>\n\t\t\t\t\t<\/div>\n\n\t\n<\/div>\n<p><a href=\"https:\/\/www.packopumps.com\/en\/products\/centrifugal\/crp\" target=\"_blank\" rel=\"noopener\">https:\/\/www.packopumps.com\/en\/products\/centrifugal\/crp<\/a><\/p>\n","protected":false},"excerpt":{"rendered":"<p><span style=\"color: #282828;\">\u00d5hut\u00f6\u00f6tluspump (CIP-tagastus)<\/span><\/p>\n<table>\n<tbody>\n<tr>\n<td>Maks.\u00a0voolukiirus<\/td>\n<td>150 m\u00b3 \/ h<\/td>\n<\/tr>\n<tr>\n<td>Maks.\u00a0tarnepea<\/td>\n<td>75 m<\/td>\n<\/tr>\n<tr>\n<td>Maks.\u00a0toote viskoossus<\/td>\n<td>10 cP<\/td>\n<\/tr>\n<tr>\n<td>max mootori v\u00f5imsus<\/td>\n<td>22 kW<\/td>\n<\/tr>\n<\/tbody>\n<\/table>\n<p>&nbsp;<\/p>\n","protected":false},"featured_media":7755,"comment_status":"closed","ping_status":"closed","template":"","meta":[],"product_brand":[],"product_cat":[270,272],"product_tag":[],"class_list":{"0":"post-10899","1":"product","2":"type-product","3":"status-publish","4":"has-post-thumbnail","6":"product_cat-packo-ru","7":"product_cat-272","9":"first","10":"instock","11":"taxable","12":"shipping-taxable","13":"product-type-simple"},"_links":{"self":[{"href":"https:\/\/hekes.ee\/ru\/wp-json\/wp\/v2\/product\/10899","targetHints":{"allow":["GET"]}}],"collection":[{"href":"https:\/\/hekes.ee\/ru\/wp-json\/wp\/v2\/product"}],"about":[{"href":"https:\/\/hekes.ee\/ru\/wp-json\/wp\/v2\/types\/product"}],"replies":[{"embeddable":true,"href":"https:\/\/hekes.ee\/ru\/wp-json\/wp\/v2\/comments?post=10899"}],"wp:featuredmedia":[{"embeddable":true,"href":"https:\/\/hekes.ee\/ru\/wp-json\/wp\/v2\/media\/7755"}],"wp:attachment":[{"href":"https:\/\/hekes.ee\/ru\/wp-json\/wp\/v2\/media?parent=10899"}],"wp:term":[{"taxonomy":"product_brand","embeddable":true,"href":"https:\/\/hekes.ee\/ru\/wp-json\/wp\/v2\/product_brand?post=10899"},{"taxonomy":"product_cat","embeddable":true,"href":"https:\/\/hekes.ee\/ru\/wp-json\/wp\/v2\/product_cat?post=10899"},{"taxonomy":"product_tag","embeddable":true,"href":"https:\/\/hekes.ee\/ru\/wp-json\/wp\/v2\/product_tag?post=10899"}],"curies":[{"name":"wp","href":"https:\/\/api.w.org\/{rel}","templated":true}]}}