{"id":10898,"date":"2021-04-05T10:53:55","date_gmt":"2021-04-05T10:53:55","guid":{"rendered":"https:\/\/hekes.ee\/toode\/series-crp-2\/"},"modified":"2021-04-05T10:53:55","modified_gmt":"2021-04-05T10:53:55","slug":"series-crp-2","status":"publish","type":"product","link":"https:\/\/hekes.ee\/ru\/toode\/series-crp-2\/","title":{"rendered":"Series CRP+"},"content":{"rendered":"<h2>CRP + pumba seeria<\/h2>\n<div class=\"kenmerken-uitleg\">\n<p>CRP + seeria pumbad on isepuhastuvad 3A sertifitseeritud veeemulsioonpumbad ja neid kasutatakse peamiselt vedeliku ja \u00f5hu segu pumpamiseks. Need koosnevad paksust k\u00fclmvaltsitud roostevabast terasest, 100% poorivabad ja \u00e4\u00e4rmiselt siledad. Pumpadel on avatud valatud t\u00f6\u00f6ratas (vortex) 316L v\u00f5i dupleksmaterjalist. T\u00e4nu poorideta disainile ja elektropoleerimisele kui l\u00f5plikule pinnat\u00f6\u00f6tlusele on CRP + seeria t\u00e4iuslikult puhastatavad pumbad teie tootmisprotsessi usaldusv\u00e4\u00e4rseks komponendiks.<\/p>\n<table>\n<tbody>\n<tr>\n<td>max voolukiirus<\/td>\n<td>\u00a080 m\u00b3 \/ h<\/td>\n<\/tr>\n<tr>\n<td>\u00a0max pea<\/td>\n<td>\u00a075 m<\/td>\n<\/tr>\n<tr>\n<td>\u00a0max sisselaske r\u00f5hk<\/td>\n<td>\u00a013 baari<\/td>\n<\/tr>\n<tr>\n<td>\u00a0max vedeliku viskoossus<\/td>\n<td>\u00a010 cP<\/td>\n<\/tr>\n<tr>\n<td>\u00a0max temperatuur<\/td>\n<td>\u00a0140 \u00b0 C<\/td>\n<\/tr>\n<tr>\n<td>\u00a0tiiviku t\u00fc\u00fcp<\/td>\n<td>\u00a0Avatud<\/td>\n<\/tr>\n<tr>\n<td>\u00a0max vaba l\u00e4bip\u00e4\u00e4s<\/td>\n<td>\u00a022 mm<\/td>\n<\/tr>\n<tr>\n<td>\u00a0max mootori v\u00f5imsus<\/td>\n<td>\u00a045 kW<\/td>\n<\/tr>\n<tr>\n<td>\u00a0maksimum kiirus<\/td>\n<td>\u00a03000\/3600 p \/ min<\/td>\n<\/tr>\n<tr>\n<td>\u00a0saadaolev sagedus<\/td>\n<td>\u00a050\/60 Hz<\/td>\n<\/tr>\n<\/tbody>\n<\/table>\n<p><a href=\"https:\/\/www.packopumps.com\/en\/products\/centrifugal\/crp-plus\" target=\"_blank\" rel=\"noopener\">https:\/\/www.packopumps.com\/en\/products\/centrifugal\/crp-plus<\/a><\/p>\n<\/div>\n","protected":false},"excerpt":{"rendered":"<p><span style=\"color: #282828;\">3A sertifitseeritud \u00f5hut\u00f6\u00f6tluspump (CIP-tagastus)<\/span><\/p>\n<table>\n<tbody>\n<tr>\n<td>Maks.\u00a0voolukiirus<\/td>\n<td>105 m\u00b3 \/ h<\/td>\n<\/tr>\n<tr>\n<td>Maks.\u00a0tarnepea<\/td>\n<td>75 m<\/td>\n<\/tr>\n<tr>\n<td>Maks.\u00a0toote viskoossus<\/td>\n<td>10 cP<\/td>\n<\/tr>\n<tr>\n<td>max mootori v\u00f5imsus<\/td>\n<td>22 kW<\/td>\n<\/tr>\n<\/tbody>\n<\/table>\n<p>&nbsp;<\/p>\n","protected":false},"featured_media":7769,"comment_status":"closed","ping_status":"closed","template":"","meta":[],"product_brand":[],"product_cat":[270,272],"product_tag":[],"class_list":{"0":"post-10898","1":"product","2":"type-product","3":"status-publish","4":"has-post-thumbnail","6":"product_cat-packo-ru","7":"product_cat-272","9":"first","10":"instock","11":"taxable","12":"shipping-taxable","13":"product-type-simple"},"_links":{"self":[{"href":"https:\/\/hekes.ee\/ru\/wp-json\/wp\/v2\/product\/10898","targetHints":{"allow":["GET"]}}],"collection":[{"href":"https:\/\/hekes.ee\/ru\/wp-json\/wp\/v2\/product"}],"about":[{"href":"https:\/\/hekes.ee\/ru\/wp-json\/wp\/v2\/types\/product"}],"replies":[{"embeddable":true,"href":"https:\/\/hekes.ee\/ru\/wp-json\/wp\/v2\/comments?post=10898"}],"wp:featuredmedia":[{"embeddable":true,"href":"https:\/\/hekes.ee\/ru\/wp-json\/wp\/v2\/media\/7769"}],"wp:attachment":[{"href":"https:\/\/hekes.ee\/ru\/wp-json\/wp\/v2\/media?parent=10898"}],"wp:term":[{"taxonomy":"product_brand","embeddable":true,"href":"https:\/\/hekes.ee\/ru\/wp-json\/wp\/v2\/product_brand?post=10898"},{"taxonomy":"product_cat","embeddable":true,"href":"https:\/\/hekes.ee\/ru\/wp-json\/wp\/v2\/product_cat?post=10898"},{"taxonomy":"product_tag","embeddable":true,"href":"https:\/\/hekes.ee\/ru\/wp-json\/wp\/v2\/product_tag?post=10898"}],"curies":[{"name":"wp","href":"https:\/\/api.w.org\/{rel}","templated":true}]}}