{"id":10897,"date":"2021-03-27T19:52:57","date_gmt":"2021-03-27T19:52:57","guid":{"rendered":"https:\/\/hekes.ee\/toode\/series-fms\/"},"modified":"2022-11-22T13:02:28","modified_gmt":"2022-11-22T13:02:28","slug":"series-fms","status":"publish","type":"product","link":"https:\/\/hekes.ee\/ru\/toode\/series-fms\/","title":{"rendered":"Series FMS"},"content":{"rendered":"<div class=\"kenmerken-uitleg\">\n<p>FMS-seeria h\u00fcgieeniliselt loodud mitmeastmelisi Packo pumpa kasutatakse protsessipumbana k\u00f5ige erinevamates rakendustes toiduainetes, farmaatsias ja keemiat\u00f6\u00f6stuses. Need sobivad keskmise voolu ja k\u00f5rge r\u00f5hu jaoks.<\/p>\n<p>Kasutatakse toidu-, \u00f5lletehases, farmaatsia- ja keemiat\u00f6\u00f6stuses vedelate toiduainete, jookide, ravimite, vedelike jms \u00fclekande- ja segamispumbana. T\u00fc\u00fcpilised rakendused: protsessipump plaatsoojusvahetitele, past\u00f6riseerimiss\u00fcsteemide, filtrite, t\u00e4itmismasinate, segistite, deaeraatorite, karboniseerimise, k\u00f5rgsurvepesus\u00fcsteemide jms jaoks.<\/p>\n<p>&nbsp;<\/p>\n<\/div>\n<div class=\"row\"  id=\"row-1893178654\">\n\n\t<div id=\"col-281358463\" class=\"col medium-8 small-12 large-8\"  >\n\t\t\t\t<div class=\"col-inner\"  >\n\t\t\t\n\t\t\t\n\t<div class=\"img has-hover x md-x lg-x y md-y lg-y\" id=\"image_1983238444\">\n\t\t\t\t\t\t\t\t<div class=\"img-inner dark\" >\n\t\t\t<img loading=\"lazy\" decoding=\"async\" width=\"1020\" height=\"574\" src=\"https:\/\/hekes.ee\/wp-content\/uploads\/2021\/03\/FMS_render-aangeduid.png\" class=\"attachment-large size-large\" alt=\"\" srcset=\"https:\/\/hekes.ee\/wp-content\/uploads\/2021\/03\/FMS_render-aangeduid.png 1200w, https:\/\/hekes.ee\/wp-content\/uploads\/2021\/03\/FMS_render-aangeduid-510x287.png 510w, https:\/\/hekes.ee\/wp-content\/uploads\/2021\/03\/FMS_render-aangeduid-711x400.png 711w, https:\/\/hekes.ee\/wp-content\/uploads\/2021\/03\/FMS_render-aangeduid-768x432.png 768w\" sizes=\"auto, (max-width: 1020px) 100vw, 1020px\" \/>\t\t\t\t\t\t\n\t\t\t\t\t<\/div>\n\t\t\t\t\t\t\t\t\n<style>\n#image_1983238444 {\n  width: 100%;\n}\n<\/style>\n\t<\/div>\n\t\n\t\t<\/div>\n\t\t\t\t\t<\/div>\n\n\t\n\n\t<div id=\"col-1677467198\" class=\"col medium-4 small-12 large-4\"  >\n\t\t\t\t<div class=\"col-inner\"  >\n\t\t\t\n\t\t\t\n<ol>\n<li>Elektropoleeritud, h\u00f5lpsasti puhastatav konstruktsioon, ei teki bakteril\u00f5kse, kuna o-r\u00f5ngaste \u00fcmber ei teki v\u00e4ikseid t\u00fchimikke<\/li>\n<li>Valuteras<\/li>\n<li>Suur tihendikamber tihendi t\u00e4iuslikuks puhastamiseks<\/li>\n<li>Avatud t\u00f6\u00f6ratas vortex: mootori laagritel\u00a0pole aksiaalset j\u00f5udu<\/li>\n<li>Monobloki versioon standardsete IEC mootoritega<\/li>\n<\/ol>\n\t\t<\/div>\n\t\t\t\t\t<\/div>\n\n\t\n<\/div>\n<p><a href=\"https:\/\/www.packopumps.com\/en\/products\/centrifugal\/fms\" target=\"_blank\" rel=\"noopener\">https:\/\/www.packopumps.com\/en\/products\/centrifugal\/fms<\/a><\/p>\n","protected":false},"excerpt":{"rendered":"<p><span style=\"color: #282828;\">Mitmeastmeline pump<\/span><\/p>\n<table>\n<tbody>\n<tr>\n<td>Maks.\u00a0voolukiirus<\/td>\n<td>50 m\u00b3 \/ h<\/td>\n<\/tr>\n<tr>\n<td>Maks.\u00a0tarnepea<\/td>\n<td>215 m<\/td>\n<\/tr>\n<tr>\n<td>Maks.\u00a0toote viskoossus<\/td>\n<td>250 cP<\/td>\n<\/tr>\n<tr>\n<td>max mootori v\u00f5imsus<\/td>\n<td>45 kW<\/td>\n<\/tr>\n<\/tbody>\n<\/table>\n<p>&nbsp;<\/p>\n","protected":false},"featured_media":7773,"comment_status":"closed","ping_status":"closed","template":"","meta":[],"product_brand":[],"product_cat":[270,272],"product_tag":[],"class_list":{"0":"post-10897","1":"product","2":"type-product","3":"status-publish","4":"has-post-thumbnail","6":"product_cat-packo-ru","7":"product_cat-272","9":"first","10":"instock","11":"taxable","12":"shipping-taxable","13":"product-type-simple"},"_links":{"self":[{"href":"https:\/\/hekes.ee\/ru\/wp-json\/wp\/v2\/product\/10897","targetHints":{"allow":["GET"]}}],"collection":[{"href":"https:\/\/hekes.ee\/ru\/wp-json\/wp\/v2\/product"}],"about":[{"href":"https:\/\/hekes.ee\/ru\/wp-json\/wp\/v2\/types\/product"}],"replies":[{"embeddable":true,"href":"https:\/\/hekes.ee\/ru\/wp-json\/wp\/v2\/comments?post=10897"}],"wp:featuredmedia":[{"embeddable":true,"href":"https:\/\/hekes.ee\/ru\/wp-json\/wp\/v2\/media\/7773"}],"wp:attachment":[{"href":"https:\/\/hekes.ee\/ru\/wp-json\/wp\/v2\/media?parent=10897"}],"wp:term":[{"taxonomy":"product_brand","embeddable":true,"href":"https:\/\/hekes.ee\/ru\/wp-json\/wp\/v2\/product_brand?post=10897"},{"taxonomy":"product_cat","embeddable":true,"href":"https:\/\/hekes.ee\/ru\/wp-json\/wp\/v2\/product_cat?post=10897"},{"taxonomy":"product_tag","embeddable":true,"href":"https:\/\/hekes.ee\/ru\/wp-json\/wp\/v2\/product_tag?post=10897"}],"curies":[{"name":"wp","href":"https:\/\/api.w.org\/{rel}","templated":true}]}}