{"id":10896,"date":"2021-03-27T20:01:23","date_gmt":"2021-03-27T20:01:23","guid":{"rendered":"https:\/\/hekes.ee\/toode\/series-fp1\/"},"modified":"2022-11-22T13:02:16","modified_gmt":"2022-11-22T13:02:16","slug":"series-fp1","status":"publish","type":"product","link":"https:\/\/hekes.ee\/ru\/toode\/series-fp1\/","title":{"rendered":"Series FP1"},"content":{"rendered":"<div class=\"kenmerken-uitleg\">\n<p>FP1 sarja Packo roostevabast terasest tsentrifugaalpumbad on parimad hinna ja kvaliteedi suhtega toiduainete t\u00f6\u00f6stuses kasutatavad pumbad. Neid kasutatakse peamiselt puhaste ja kergelt saastunud vedelike pumpamiseks. Selle seeriaga saavutatakse k\u00f5rge kasutegur, mis t\u00e4hendab teie tootmisprotsessi jaoks madalamat energiatarbimist. Selle modulaarne kontseptsioon tagab ka lihtsa hoolduse.<\/p>\n<p>FP1 pumpasid kasutatakse peamiselt nii meiereide, juustu meiereide, \u00f5lletehaste, piiritusetehaste, joogit\u00f6\u00f6stuse jms puhaste kui ka kergelt saastunud toodete pumpamiseks.<\/p>\n<p>Neid kasutatakse peamiselt soojusvahetite, filtreerimisseadmete, t\u00e4itmismasinate, soolvee injektorite, taignamasinate ja CIP-puhastuss\u00fcsteemide protsessipumbana.<\/p>\n<p>T\u00fc\u00fcpilised vedelikud on piim, vadak, kohupiim, taigen, soolvee, \u00f5lu, CIP, alkohol jne.<\/p>\n<\/div>\n<div class=\"row\"  id=\"row-596755289\">\n\n\t<div id=\"col-574421202\" class=\"col medium-8 small-12 large-8\"  >\n\t\t\t\t<div class=\"col-inner\"  >\n\t\t\t\n\t\t\t\n\t<div class=\"img has-hover x md-x lg-x y md-y lg-y\" id=\"image_2106121878\">\n\t\t\t\t\t\t\t\t<div class=\"img-inner dark\" >\n\t\t\t<img loading=\"lazy\" decoding=\"async\" width=\"1020\" height=\"575\" src=\"https:\/\/hekes.ee\/wp-content\/uploads\/2021\/03\/FP1_render-aangeduid.png\" class=\"attachment-large size-large\" alt=\"\" srcset=\"https:\/\/hekes.ee\/wp-content\/uploads\/2021\/03\/FP1_render-aangeduid.png 1200w, https:\/\/hekes.ee\/wp-content\/uploads\/2021\/03\/FP1_render-aangeduid-510x287.png 510w, https:\/\/hekes.ee\/wp-content\/uploads\/2021\/03\/FP1_render-aangeduid-710x400.png 710w, https:\/\/hekes.ee\/wp-content\/uploads\/2021\/03\/FP1_render-aangeduid-768x433.png 768w\" sizes=\"auto, (max-width: 1020px) 100vw, 1020px\" \/>\t\t\t\t\t\t\n\t\t\t\t\t<\/div>\n\t\t\t\t\t\t\t\t\n<style>\n#image_2106121878 {\n  width: 100%;\n}\n<\/style>\n\t<\/div>\n\t\n\t\t<\/div>\n\t\t\t\t\t<\/div>\n\n\t\n\n\t<div id=\"col-70742340\" class=\"col medium-4 small-12 large-4\"  >\n\t\t\t\t<div class=\"col-inner\"  >\n\t\t\t\n\t\t\t\n<ol>\n<li>Elektropoleeritud, h\u00f5lpsasti puhastatav konstruktsioon, ei teki bakteril\u00f5kse, kuna o-r\u00f5ngaste \u00fcmber ei teki v\u00e4ikseid t\u00fchimikke<\/li>\n<li>K\u00fclmvaltsitud roostevabast terasest plaat 2B kvaliteediga, eriti sile<\/li>\n<li>Suur tihendikamber tihendi t\u00e4iuslikuks puhastamiseks<\/li>\n<li>Monobloki versioon standardsete IEC mootoritega<\/li>\n<\/ol>\n\t\t<\/div>\n\t\t\t\t\t<\/div>\n\n\t\n<\/div>\n<p><a href=\"https:\/\/www.packopumps.com\/en\/products\/centrifugal\/fp1\" target=\"_blank\" rel=\"noopener\">https:\/\/www.packopumps.com\/en\/products\/centrifugal\/fp1<\/a><\/p>\n","protected":false},"excerpt":{"rendered":"<p><span style=\"color: #282828;\">H\u00fcgieeniline protsessipump piiratud v\u00f5imalustega<\/span><\/p>\n<table>\n<tbody>\n<tr>\n<td>Maks.\u00a0voolukiirus<\/td>\n<td>55 m\u00b3 \/ h<\/td>\n<\/tr>\n<tr>\n<td>Maks.\u00a0tarnepea<\/td>\n<td>37 m<\/td>\n<\/tr>\n<tr>\n<td>Maks.\u00a0toote viskoossus<\/td>\n<td>1000 cP<\/td>\n<\/tr>\n<tr>\n<td>max mootori v\u00f5imsus<\/td>\n<td>5,5 kW<\/td>\n<\/tr>\n<\/tbody>\n<\/table>\n<p>&nbsp;<\/p>\n","protected":false},"featured_media":7791,"comment_status":"closed","ping_status":"closed","template":"","meta":[],"product_brand":[],"product_cat":[270,272],"product_tag":[],"class_list":{"0":"post-10896","1":"product","2":"type-product","3":"status-publish","4":"has-post-thumbnail","6":"product_cat-packo-ru","7":"product_cat-272","9":"first","10":"instock","11":"taxable","12":"shipping-taxable","13":"product-type-simple"},"_links":{"self":[{"href":"https:\/\/hekes.ee\/ru\/wp-json\/wp\/v2\/product\/10896","targetHints":{"allow":["GET"]}}],"collection":[{"href":"https:\/\/hekes.ee\/ru\/wp-json\/wp\/v2\/product"}],"about":[{"href":"https:\/\/hekes.ee\/ru\/wp-json\/wp\/v2\/types\/product"}],"replies":[{"embeddable":true,"href":"https:\/\/hekes.ee\/ru\/wp-json\/wp\/v2\/comments?post=10896"}],"wp:featuredmedia":[{"embeddable":true,"href":"https:\/\/hekes.ee\/ru\/wp-json\/wp\/v2\/media\/7791"}],"wp:attachment":[{"href":"https:\/\/hekes.ee\/ru\/wp-json\/wp\/v2\/media?parent=10896"}],"wp:term":[{"taxonomy":"product_brand","embeddable":true,"href":"https:\/\/hekes.ee\/ru\/wp-json\/wp\/v2\/product_brand?post=10896"},{"taxonomy":"product_cat","embeddable":true,"href":"https:\/\/hekes.ee\/ru\/wp-json\/wp\/v2\/product_cat?post=10896"},{"taxonomy":"product_tag","embeddable":true,"href":"https:\/\/hekes.ee\/ru\/wp-json\/wp\/v2\/product_tag?post=10896"}],"curies":[{"name":"wp","href":"https:\/\/api.w.org\/{rel}","templated":true}]}}