{"id":10895,"date":"2021-04-05T10:56:44","date_gmt":"2021-04-05T10:56:44","guid":{"rendered":"https:\/\/hekes.ee\/toode\/series-fp2-2\/"},"modified":"2021-04-05T10:56:44","modified_gmt":"2021-04-05T10:56:44","slug":"series-fp2-2","status":"publish","type":"product","link":"https:\/\/hekes.ee\/ru\/toode\/series-fp2-2\/","title":{"rendered":"Series FP2"},"content":{"rendered":"<section class=\"content-row rich-text-editor\">\n<div class=\"bigger-heading kenmerken\">\n<div class=\"kenmerken-uitleg\">\n<p>Nendel pumpadel on 316L pumbakorpused, mis on valmistatud paksust k\u00fclmvaltsitud terasest, 100% poorideta ja \u00e4\u00e4rmiselt siledad. Pumpadele on paigaldatud 316L v\u00f5i dupleksmaterjalist avatud tiivikud vortex.<\/p>\n<p>T\u00e4nu \u00fclisiledale disainile ja elektropoleerimisele on t\u00e4iuslikult puhastatavad FP2-seeria pumbad teie toiduainete t\u00f6\u00f6tlemisprotsessi usaldusv\u00e4\u00e4rseks komponendiks.<\/p>\n<p>FP2 seeria Packo pumpa kasutatakse peamiselt k\u00f5ige n\u00f5udlikumatel h\u00fcgieenilistel rakendustel peaaegu k\u00f5igis t\u00f6\u00f6stusharudes, nagu meiereid, \u00f5lletehaseid, piiritusetehaseid, joogit\u00f6\u00f6stust jne. Need on ideaalne lahendus nii filtreerimisel, past\u00f6riseerimisel, aurustuss\u00fcsteemidel, p\u00e4rmi paljundamisel kui ka CIP-puhastuss\u00fcsteemides. T\u00fc\u00fcpilised rakendused h\u00f5lmavad \u00f5lle, veini ja puuviljamahla filtreerimist ning p\u00e4rmi, vadaku ja kohupiima pumpamist.<\/p>\n<\/div>\n<p><img decoding=\"async\" src=\"https:\/\/www.packopumps.com\/website\/var\/tmp\/image-thumbnails\/0\/7021\/thumb__auto_499317a4cfa638f966e46415b5739936\/FP2%20en%20FP2-_render%20aangeduid.png\" \/><\/p>\n<div class=\"kenmerken\">\n<ol>\n<li>Elektropoleeritud, h\u00f5lpsasti puhastatav konstruktsioon, ei teki bakteril\u00f5ksu, kuna o-r\u00f5ngaste \u00fcmber ei teki v\u00e4ikseid t\u00fchimikke<\/li>\n<li>K\u00fclmvaltsitud roostevabast terasest plaat 2B kvaliteediga, eriti sile<\/li>\n<li>Suur tihendikamber tihendi t\u00e4iuslikuks puhastamiseks<\/li>\n<li>Monobloki versioon standardsete IEC mootoritega<\/li>\n<\/ol>\n<p><a href=\"https:\/\/www.packopumps.com\/en\/products\/centrifugal\/fp2\" target=\"_blank\" rel=\"noopener\">https:\/\/www.packopumps.com\/en\/products\/centrifugal\/fp2<\/a><\/p>\n<\/div>\n<\/div>\n<\/section>\n","protected":false},"excerpt":{"rendered":"<p><span style=\"color: #282828;\">H\u00fcgieeniline protsessipump<\/span><\/p>\n<table>\n<tbody>\n<tr>\n<td>Maks.\u00a0voolukiirus<\/td>\n<td>110 m\u00b3 \/ h<\/td>\n<\/tr>\n<tr>\n<td>Maks.\u00a0tarnepea<\/td>\n<td>220 m<\/td>\n<\/tr>\n<tr>\n<td>Maks.\u00a0toote viskoossus<\/td>\n<td>1000 cP<\/td>\n<\/tr>\n<tr>\n<td>max mootori v\u00f5imsus<\/td>\n<td>90 kW<\/td>\n<\/tr>\n<\/tbody>\n<\/table>\n<p>&nbsp;<\/p>\n","protected":false},"featured_media":7796,"comment_status":"closed","ping_status":"closed","template":"","meta":[],"product_brand":[],"product_cat":[270,272],"product_tag":[],"class_list":{"0":"post-10895","1":"product","2":"type-product","3":"status-publish","4":"has-post-thumbnail","6":"product_cat-packo-ru","7":"product_cat-272","9":"first","10":"instock","11":"taxable","12":"shipping-taxable","13":"product-type-simple"},"_links":{"self":[{"href":"https:\/\/hekes.ee\/ru\/wp-json\/wp\/v2\/product\/10895","targetHints":{"allow":["GET"]}}],"collection":[{"href":"https:\/\/hekes.ee\/ru\/wp-json\/wp\/v2\/product"}],"about":[{"href":"https:\/\/hekes.ee\/ru\/wp-json\/wp\/v2\/types\/product"}],"replies":[{"embeddable":true,"href":"https:\/\/hekes.ee\/ru\/wp-json\/wp\/v2\/comments?post=10895"}],"wp:featuredmedia":[{"embeddable":true,"href":"https:\/\/hekes.ee\/ru\/wp-json\/wp\/v2\/media\/7796"}],"wp:attachment":[{"href":"https:\/\/hekes.ee\/ru\/wp-json\/wp\/v2\/media?parent=10895"}],"wp:term":[{"taxonomy":"product_brand","embeddable":true,"href":"https:\/\/hekes.ee\/ru\/wp-json\/wp\/v2\/product_brand?post=10895"},{"taxonomy":"product_cat","embeddable":true,"href":"https:\/\/hekes.ee\/ru\/wp-json\/wp\/v2\/product_cat?post=10895"},{"taxonomy":"product_tag","embeddable":true,"href":"https:\/\/hekes.ee\/ru\/wp-json\/wp\/v2\/product_tag?post=10895"}],"curies":[{"name":"wp","href":"https:\/\/api.w.org\/{rel}","templated":true}]}}