{"id":10894,"date":"2021-04-05T10:55:01","date_gmt":"2021-04-05T10:55:01","guid":{"rendered":"https:\/\/hekes.ee\/toode\/series-fp2\/"},"modified":"2021-04-05T10:55:01","modified_gmt":"2021-04-05T10:55:01","slug":"series-fp2","status":"publish","type":"product","link":"https:\/\/hekes.ee\/ru\/toode\/series-fp2\/","title":{"rendered":"Series FP2+"},"content":{"rendered":"<section class=\"content-row rich-text-editor\">\n<div class=\"bigger-heading kenmerken\">\n<div class=\"kenmerken-uitleg\">\n<p>Nendel 3A-sertifikaadiga pumpadel on 316L pumbakorpused, mis on valmistatud k\u00fclmvaltsitud roostevabast terasest, 100% poorideta ja \u00fclimalt siledad. Pumpadele on paigaldatud 316L v\u00f5i dupleksmaterjalist avatud tiivikud. T\u00e4nu siledale disainile ja elektropoleerimisele on FP2 + sarja ideaalselt puhastuvad pumbad teie toiduainet\u00f6\u00f6stuses usaldusv\u00e4\u00e4rseks komponendiks.<\/p>\n<p>FP2 + seeria Packo 3A sertifikaadiga pumpasid kasutatakse peamiselt k\u00f5ige n\u00f5udlikumate h\u00fcgieeniliste rakenduste jaoks peaaegu k\u00f5igis t\u00f6\u00f6stusharudes, nagu meiereid, \u00f5lletehased, piiritusetehased, joogit\u00f6\u00f6stus jne. Need on ideaalne lahendus nii filtreerimisel, past\u00f6riseerimisel, aurustuss\u00fcsteemidel, p\u00e4rmi paljundamisel kui ka CIP-puhastuss\u00fcsteemides. Farmaatsia- ja biotehnoloogiat\u00f6\u00f6stuses kasutatakse neid peamiselt puhastatud vee k\u00e4itlemiseks ja CIP-sisestuspumbana puhastuss\u00fcsteemides.<\/p>\n<\/div>\n<p><img decoding=\"async\" src=\"https:\/\/www.packopumps.com\/website\/var\/tmp\/image-thumbnails\/0\/7021\/thumb__auto_499317a4cfa638f966e46415b5739936\/FP2%20en%20FP2-_render%20aangeduid.png\" \/><\/p>\n<div class=\"kenmerken\">\n<ol>\n<li>Elektropoleeritud, h\u00f5lpsasti puhastatav konstruktsioon, ei teki bakteril\u00f5ksu, kuna o-r\u00f5ngaste \u00fcmber ei teki v\u00e4ikseid t\u00fchimikke<\/li>\n<li>K\u00fclmvaltsitud roostevabast terasest plaat 2B kvaliteediga, eriti sile<\/li>\n<li>Suur tihendikamber tihendi t\u00e4iuslikuks puhastamiseks<\/li>\n<li>Monobloki versioon standardsete IEC mootoritega<\/li>\n<\/ol>\n<\/div>\n<\/div>\n<\/section>\n<div class=\"row row-eq-height\">\n<div class=\"colm1-2\">\n<div class=\"witkader\"><\/div>\n<\/div>\n<\/div>\n","protected":false},"excerpt":{"rendered":"<p><span style=\"color: #282828;\">3A sertifitseeritud h\u00fcgieeniline protsessipump<\/span><\/p>\n<table>\n<tbody>\n<tr>\n<td>Maks.\u00a0voolukiirus<\/td>\n<td>110 m\u00b3 \/ h<\/td>\n<\/tr>\n<tr>\n<td>Maks.\u00a0tarnepea<\/td>\n<td>110 m<\/td>\n<\/tr>\n<tr>\n<td>Maks.\u00a0toote viskoossus<\/td>\n<td>1000 cP<\/td>\n<\/tr>\n<tr>\n<td>max mootori v\u00f5imsus<\/td>\n<td>45 kW<\/td>\n<\/tr>\n<\/tbody>\n<\/table>\n<p>&nbsp;<\/p>\n","protected":false},"featured_media":7803,"comment_status":"closed","ping_status":"closed","template":"","meta":[],"product_brand":[],"product_cat":[270,272],"product_tag":[],"class_list":{"0":"post-10894","1":"product","2":"type-product","3":"status-publish","4":"has-post-thumbnail","6":"product_cat-packo-ru","7":"product_cat-272","9":"first","10":"instock","11":"taxable","12":"shipping-taxable","13":"product-type-simple"},"_links":{"self":[{"href":"https:\/\/hekes.ee\/ru\/wp-json\/wp\/v2\/product\/10894","targetHints":{"allow":["GET"]}}],"collection":[{"href":"https:\/\/hekes.ee\/ru\/wp-json\/wp\/v2\/product"}],"about":[{"href":"https:\/\/hekes.ee\/ru\/wp-json\/wp\/v2\/types\/product"}],"replies":[{"embeddable":true,"href":"https:\/\/hekes.ee\/ru\/wp-json\/wp\/v2\/comments?post=10894"}],"wp:featuredmedia":[{"embeddable":true,"href":"https:\/\/hekes.ee\/ru\/wp-json\/wp\/v2\/media\/7803"}],"wp:attachment":[{"href":"https:\/\/hekes.ee\/ru\/wp-json\/wp\/v2\/media?parent=10894"}],"wp:term":[{"taxonomy":"product_brand","embeddable":true,"href":"https:\/\/hekes.ee\/ru\/wp-json\/wp\/v2\/product_brand?post=10894"},{"taxonomy":"product_cat","embeddable":true,"href":"https:\/\/hekes.ee\/ru\/wp-json\/wp\/v2\/product_cat?post=10894"},{"taxonomy":"product_tag","embeddable":true,"href":"https:\/\/hekes.ee\/ru\/wp-json\/wp\/v2\/product_tag?post=10894"}],"curies":[{"name":"wp","href":"https:\/\/api.w.org\/{rel}","templated":true}]}}