{"id":10893,"date":"2021-04-05T11:00:09","date_gmt":"2021-04-05T11:00:09","guid":{"rendered":"https:\/\/hekes.ee\/toode\/series-fpp3\/"},"modified":"2022-11-22T13:01:34","modified_gmt":"2022-11-22T13:01:34","slug":"series-fpp3","status":"publish","type":"product","link":"https:\/\/hekes.ee\/ru\/toode\/series-fpp3\/","title":{"rendered":"Series FPP3"},"content":{"rendered":"<section class=\"content-row rich-text-editor\">\n<div class=\"bigger-heading kenmerken\">\n<div class=\"kenmerken-uitleg\">\n<p>FPP3 seeria h\u00fcgieenilise kvaliteediga Packo roostevabast terasest pumbad on valmistatud roostevabast terasest 316L ja sobivad v\u00e4ga h\u00e4sti rakenduste jaoks, mille s\u00fcsteemir\u00f5hk on kuni 40 bar. Neid kasutatakse peamiselt p\u00f6\u00f6rdosmoosi (RO) jaoks toiduainete t\u00f6\u00f6stuses, nagu vadaku filtreerimine, CIP j\u00e4\u00e4tmete filtreerimine, \u00f5lle filtreerimine jne. Neid leiate peaaegu k\u00f5igist t\u00f6\u00f6stusharudest, n\u00e4iteks piimat\u00f6\u00f6stusest, \u00f5lletehasest, joogit\u00f6\u00f6stusest ja veet\u00f6\u00f6tlust\u00f6\u00f6stusest.<\/p>\n<\/div>\n<p><img decoding=\"async\" src=\"https:\/\/www.packopumps.com\/website\/var\/tmp\/image-thumbnails\/0\/7157\/thumb__auto_99db218936ed5e281af5a37f4392e696\/FPP3_render%20aangeduid.png\" \/><\/p>\n<div class=\"kenmerken\">\n<ol>\n<li>Elektropoleeritud, h\u00f5lpsasti puhastatav konstruktsioon, ei teki bakteril\u00f5ksu, kuna o-r\u00f5ngaste \u00fcmber ei teki v\u00e4ikseid t\u00fchimikke<\/li>\n<li>Maksimaalselt t\u00f6\u00f6deldud roostevaba teras, eriti sile<\/li>\n<li>Suur tihendikamber tihendi t\u00e4iuslikuks puhastamiseks<\/li>\n<li>Monobloki disain IEC-standardmootoritega.<\/li>\n<\/ol>\n<p>&nbsp;<\/p>\n<p><a href=\"https:\/\/www.packopumps.com\/en\/products\/centrifugal\/fpp3\" target=\"_blank\" rel=\"noopener\">https:\/\/www.packopumps.com\/en\/products\/centrifugal\/fpp3<\/a><\/p>\n<\/div>\n<\/div>\n<\/section>\n","protected":false},"excerpt":{"rendered":"<p><span style=\"color: #282828;\">Sisendr\u00f5hk kuni 40 baari<\/span><\/p>\n<table>\n<tbody>\n<tr>\n<td>Maks.\u00a0vooluhulk<\/td>\n<td>200 m\u00b3 \/ h<\/td>\n<\/tr>\n<tr>\n<td>Maks.\u00a0tarnepea<\/td>\n<td>70 m<\/td>\n<\/tr>\n<tr>\n<td>Maks.\u00a0toote viskoossus<\/td>\n<td>1000 cP<\/td>\n<\/tr>\n<tr>\n<td>max mootori v\u00f5imsus<\/td>\n<td>45 kW<\/td>\n<\/tr>\n<\/tbody>\n<\/table>\n<p>&nbsp;<\/p>\n","protected":false},"featured_media":7813,"comment_status":"closed","ping_status":"closed","template":"","meta":[],"product_brand":[],"product_cat":[270,272],"product_tag":[],"class_list":{"0":"post-10893","1":"product","2":"type-product","3":"status-publish","4":"has-post-thumbnail","6":"product_cat-packo-ru","7":"product_cat-272","9":"first","10":"instock","11":"taxable","12":"shipping-taxable","13":"product-type-simple"},"_links":{"self":[{"href":"https:\/\/hekes.ee\/ru\/wp-json\/wp\/v2\/product\/10893","targetHints":{"allow":["GET"]}}],"collection":[{"href":"https:\/\/hekes.ee\/ru\/wp-json\/wp\/v2\/product"}],"about":[{"href":"https:\/\/hekes.ee\/ru\/wp-json\/wp\/v2\/types\/product"}],"replies":[{"embeddable":true,"href":"https:\/\/hekes.ee\/ru\/wp-json\/wp\/v2\/comments?post=10893"}],"wp:featuredmedia":[{"embeddable":true,"href":"https:\/\/hekes.ee\/ru\/wp-json\/wp\/v2\/media\/7813"}],"wp:attachment":[{"href":"https:\/\/hekes.ee\/ru\/wp-json\/wp\/v2\/media?parent=10893"}],"wp:term":[{"taxonomy":"product_brand","embeddable":true,"href":"https:\/\/hekes.ee\/ru\/wp-json\/wp\/v2\/product_brand?post=10893"},{"taxonomy":"product_cat","embeddable":true,"href":"https:\/\/hekes.ee\/ru\/wp-json\/wp\/v2\/product_cat?post=10893"},{"taxonomy":"product_tag","embeddable":true,"href":"https:\/\/hekes.ee\/ru\/wp-json\/wp\/v2\/product_tag?post=10893"}],"curies":[{"name":"wp","href":"https:\/\/api.w.org\/{rel}","templated":true}]}}