{"id":10892,"date":"2021-04-05T11:02:44","date_gmt":"2021-04-05T11:02:44","guid":{"rendered":"https:\/\/hekes.ee\/toode\/series-fp3\/"},"modified":"2021-04-05T11:02:44","modified_gmt":"2021-04-05T11:02:44","slug":"series-fp3","status":"publish","type":"product","link":"https:\/\/hekes.ee\/ru\/toode\/series-fp3\/","title":{"rendered":"Series FP3"},"content":{"rendered":"<p>Need t\u00e4iuslikult puhastatavad protsessipumbad on ideaalne lahendus nii filtreerimisel, past\u00f6riseerimisel, aurustuss\u00fcsteemidel, p\u00e4rmi paljundamisel kui ka CIP-puhastuss\u00fcsteemides. T\u00fc\u00fcpilised rakendused h\u00f5lmavad \u00f5lle, veini ja puuviljamahla filtreerimist ning p\u00e4rmi, vadaku ja kohupiima pumpamist.<\/p>\n<table>\n<tbody>\n<tr>\n<td>max voolukiirus<\/td>\n<td>\u00a0320 m\u00b3 \/ h<\/td>\n<\/tr>\n<tr>\n<td>\u00a0max pea<\/td>\n<td>\u00a0120 m<\/td>\n<\/tr>\n<tr>\n<td>\u00a0max v\u00e4ljundr\u00f5hk<\/td>\n<td>\u00a015 baari<\/td>\n<\/tr>\n<tr>\n<td>\u00a0max vedeliku viskoossus<\/td>\n<td>\u00a01000 cP<\/td>\n<\/tr>\n<tr>\n<td>\u00a0max temperatuur<\/td>\n<td>\u00a0140 \u00b0 C<\/td>\n<\/tr>\n<tr>\n<td>\u00a0tiiviku t\u00fc\u00fcp<\/td>\n<td>\u00a0suletud tagumiste labade ja tasakaaluaukudega<\/td>\n<\/tr>\n<tr>\n<td>\u00a0max vaba l\u00e4bip\u00e4\u00e4s<\/td>\n<td>\u00a021 mm<\/td>\n<\/tr>\n<tr>\n<td>\u00a0max mootori v\u00f5imsus<\/td>\n<td>\u00a090 kW<\/td>\n<\/tr>\n<tr>\n<td>\u00a0maksimum kiirus<\/td>\n<td>\u00a03000\/3600 p \/ min<\/td>\n<\/tr>\n<tr>\n<td>\u00a0saadaolev sagedus<\/td>\n<td>\u00a050\/60 Hz<\/td>\n<\/tr>\n<\/tbody>\n<\/table>\n<p><a href=\"https:\/\/www.packopumps.com\/en\/products\/centrifugal\/fp3\" target=\"_blank\" rel=\"noopener\">https:\/\/www.packopumps.com\/en\/products\/centrifugal\/fp3<\/a><\/p>\n","protected":false},"excerpt":{"rendered":"<p><span style=\"color: #282828;\">EHEDG sertifitseeritud<\/span><\/p>\n<table>\n<tbody>\n<tr>\n<td>Maks.\u00a0vooluhulk<\/td>\n<td>320 m\u00b3 \/ h<\/td>\n<\/tr>\n<tr>\n<td>Maks.\u00a0tarnepea<\/td>\n<td>120 m<\/td>\n<\/tr>\n<tr>\n<td>Maks.\u00a0toote viskoossus<\/td>\n<td>1000 cP<\/td>\n<\/tr>\n<tr>\n<td>max mootori v\u00f5imsus<\/td>\n<td>90 kW<\/td>\n<\/tr>\n<\/tbody>\n<\/table>\n<p>&nbsp;<\/p>\n","protected":false},"featured_media":7821,"comment_status":"closed","ping_status":"closed","template":"","meta":[],"product_brand":[],"product_cat":[270,272],"product_tag":[],"class_list":{"0":"post-10892","1":"product","2":"type-product","3":"status-publish","4":"has-post-thumbnail","6":"product_cat-packo-ru","7":"product_cat-272","9":"first","10":"instock","11":"taxable","12":"shipping-taxable","13":"product-type-simple"},"_links":{"self":[{"href":"https:\/\/hekes.ee\/ru\/wp-json\/wp\/v2\/product\/10892","targetHints":{"allow":["GET"]}}],"collection":[{"href":"https:\/\/hekes.ee\/ru\/wp-json\/wp\/v2\/product"}],"about":[{"href":"https:\/\/hekes.ee\/ru\/wp-json\/wp\/v2\/types\/product"}],"replies":[{"embeddable":true,"href":"https:\/\/hekes.ee\/ru\/wp-json\/wp\/v2\/comments?post=10892"}],"wp:featuredmedia":[{"embeddable":true,"href":"https:\/\/hekes.ee\/ru\/wp-json\/wp\/v2\/media\/7821"}],"wp:attachment":[{"href":"https:\/\/hekes.ee\/ru\/wp-json\/wp\/v2\/media?parent=10892"}],"wp:term":[{"taxonomy":"product_brand","embeddable":true,"href":"https:\/\/hekes.ee\/ru\/wp-json\/wp\/v2\/product_brand?post=10892"},{"taxonomy":"product_cat","embeddable":true,"href":"https:\/\/hekes.ee\/ru\/wp-json\/wp\/v2\/product_cat?post=10892"},{"taxonomy":"product_tag","embeddable":true,"href":"https:\/\/hekes.ee\/ru\/wp-json\/wp\/v2\/product_tag?post=10892"}],"curies":[{"name":"wp","href":"https:\/\/api.w.org\/{rel}","templated":true}]}}