{"id":10891,"date":"2021-04-05T11:29:57","date_gmt":"2021-04-05T11:29:57","guid":{"rendered":"https:\/\/hekes.ee\/toode\/series-fp60\/"},"modified":"2021-04-05T11:29:57","modified_gmt":"2021-04-05T11:29:57","slug":"series-fp60","status":"publish","type":"product","link":"https:\/\/hekes.ee\/ru\/toode\/series-fp60\/","title":{"rendered":"Series FP60"},"content":{"rendered":"<section class=\"content-row rich-text-editor\">\n<div class=\"bigger-heading kenmerken\">\n<div class=\"kenmerken-uitleg\">\n<p>Nendel madalate hindadega pumpadel on 316L pumbakorpused, mis on valmistatud k\u00fclmvaltsitud terasest, 100% poorivabad ja v\u00e4ga siledad. T\u00e4nu kinnisele disainile ja elektropoleerimisele on FP60 seeria pumbad teie toiduainete t\u00f6\u00f6tlemiseks usaldusv\u00e4\u00e4rne komponent.<\/p>\n<p>FP60 pumpasid kasutatakse peamiselt puhaste ja kergelt saastunud toodete pumpamiseks n\u00e4iteks meiereidest, juustu meiereidest, \u00f5lletehastest, piiritusetehastest, joogit\u00f6\u00f6stusest jne. Neid kasutatakse sageli soojusvahetite, filtreerimisseadmete, t\u00e4itmismasinate, soolvee injektorite, taignamasinate ja CIP-puhastuss\u00fcsteemide protsessipumbana. T\u00fc\u00fcpilised vedelikud on piim, vadak, kohupiim, taigen, soolvee, \u00f5lu, CIP, alkohol jne.<\/p>\n<\/div>\n<p><img decoding=\"async\" src=\"https:\/\/www.packopumps.com\/website\/var\/tmp\/image-thumbnails\/0\/7023\/thumb__auto_499317a4cfa638f966e46415b5739936\/FP60_render%20aangeduid.png\" \/><\/p>\n<div class=\"kenmerken\">\n<ol>\n<li>Elektropoleeritud, h\u00f5lpsasti puhastatav konstruktsioon, ei teki bakteril\u00f5kse, kuna o-r\u00f5ngaste \u00fcmber ei teki v\u00e4ikseid t\u00fchimikke<\/li>\n<li>K\u00fclmvaltsitud roostevabast terasest plaat 2B kvaliteediga, eriti sile<\/li>\n<li>Suur tihendikamber tihendi t\u00e4iuslikuks puhastamiseks<\/li>\n<li>Monobloki versioon standardsete IEC mootoritega<\/li>\n<\/ol>\n<\/div>\n<\/div>\n<\/section>\n<div class=\"row row-eq-height\">\n<div class=\"colm1-2\">\n<div class=\"witkader\"><a href=\"https:\/\/www.packopumps.com\/en\/products\/centrifugal\/fp60\" target=\"_blank\" rel=\"noopener\">https:\/\/www.packopumps.com\/en\/products\/centrifugal\/fp60<\/a><\/div>\n<\/div>\n<\/div>\n","protected":false},"excerpt":{"rendered":"<p><span style=\"color: #282828;\">Parima hinna ja kvaliteedi suhtega h\u00fcgieeniline tsentrifugaalpump<\/span><\/p>\n<table>\n<tbody>\n<tr>\n<td>Maks.\u00a0vooluhulk<\/td>\n<td>40 m\u00b3 \/ h<\/td>\n<\/tr>\n<tr>\n<td>Maks.\u00a0tarnepea<\/td>\n<td>27 m<\/td>\n<\/tr>\n<tr>\n<td>Maks.\u00a0toote viskoossus<\/td>\n<td>500 cP<\/td>\n<\/tr>\n<tr>\n<td>max mootori v\u00f5imsus<\/td>\n<td>2,2 kW<\/td>\n<\/tr>\n<\/tbody>\n<\/table>\n<p>&nbsp;<\/p>\n","protected":false},"featured_media":7828,"comment_status":"closed","ping_status":"closed","template":"","meta":[],"product_brand":[],"product_cat":[270,272],"product_tag":[],"class_list":{"0":"post-10891","1":"product","2":"type-product","3":"status-publish","4":"has-post-thumbnail","6":"product_cat-packo-ru","7":"product_cat-272","9":"first","10":"instock","11":"taxable","12":"shipping-taxable","13":"product-type-simple"},"_links":{"self":[{"href":"https:\/\/hekes.ee\/ru\/wp-json\/wp\/v2\/product\/10891","targetHints":{"allow":["GET"]}}],"collection":[{"href":"https:\/\/hekes.ee\/ru\/wp-json\/wp\/v2\/product"}],"about":[{"href":"https:\/\/hekes.ee\/ru\/wp-json\/wp\/v2\/types\/product"}],"replies":[{"embeddable":true,"href":"https:\/\/hekes.ee\/ru\/wp-json\/wp\/v2\/comments?post=10891"}],"wp:featuredmedia":[{"embeddable":true,"href":"https:\/\/hekes.ee\/ru\/wp-json\/wp\/v2\/media\/7828"}],"wp:attachment":[{"href":"https:\/\/hekes.ee\/ru\/wp-json\/wp\/v2\/media?parent=10891"}],"wp:term":[{"taxonomy":"product_brand","embeddable":true,"href":"https:\/\/hekes.ee\/ru\/wp-json\/wp\/v2\/product_brand?post=10891"},{"taxonomy":"product_cat","embeddable":true,"href":"https:\/\/hekes.ee\/ru\/wp-json\/wp\/v2\/product_cat?post=10891"},{"taxonomy":"product_tag","embeddable":true,"href":"https:\/\/hekes.ee\/ru\/wp-json\/wp\/v2\/product_tag?post=10891"}],"curies":[{"name":"wp","href":"https:\/\/api.w.org\/{rel}","templated":true}]}}