{"id":10890,"date":"2021-04-05T11:04:14","date_gmt":"2021-04-05T11:04:14","guid":{"rendered":"https:\/\/hekes.ee\/toode\/series-fpp2\/"},"modified":"2021-04-05T11:04:14","modified_gmt":"2021-04-05T11:04:14","slug":"series-fpp2","status":"publish","type":"product","link":"https:\/\/hekes.ee\/ru\/toode\/series-fpp2\/","title":{"rendered":"Series FPP2"},"content":{"rendered":"<section class=\"content-row rich-text-editor\">\n<div class=\"bigger-heading kenmerken\">\n<div class=\"kenmerken-uitleg\">\n<p>FPP2 seeria h\u00fcgieenikvaliteediga Packo roostevabast terasest pumbad on valmistatud roostevabast terasest 316L ja sobivad v\u00e4ga h\u00e4sti rakenduste jaoks, mille s\u00fcsteemir\u00f5hk on kuni 40 bar. Neid kasutatakse peamiselt p\u00f6\u00f6rdosmoosi (RO) jaoks toidut\u00f6\u00f6stuse seotud rakendustes, nagu vadaku filtreerimine, CIP j\u00e4\u00e4tmete filtreerimine, \u00f5lle filtreerimine jne. Neid leiate peaaegu k\u00f5igist t\u00f6\u00f6stusharudest, n\u00e4iteks piimat\u00f6\u00f6stusest, \u00f5lletehasest, joogit\u00f6\u00f6stusest ja veet\u00f6\u00f6tlust\u00f6\u00f6stusest.<\/p>\n<\/div>\n<p><img decoding=\"async\" src=\"https:\/\/www.packopumps.com\/website\/var\/tmp\/image-thumbnails\/0\/7025\/thumb__auto_499317a4cfa638f966e46415b5739936\/FPP2_render%20aangeduid.png\" \/><\/p>\n<div class=\"kenmerken\">\n<ol>\n<li>Elektropoleeritud, h\u00f5lpsasti puhastatav konstruktsioon, ei teki bakteril\u00f5ksu, kuna o-r\u00f5ngaste \u00fcmber ei teki v\u00e4ikseid t\u00fchimikke<\/li>\n<li>T\u00e4ielikult freesitud roostevaba teras, eriti sile<\/li>\n<li>Suur tihendikamber tihendi t\u00e4iuslikuks puhastamiseks<\/li>\n<li>Monobloki versioon standardsete IEC mootoritega<\/li>\n<\/ol>\n<\/div>\n<\/div>\n<\/section>\n<div class=\"row row-eq-height\">\n<div class=\"colm1-2\">\n<div class=\"witkader\"><a href=\"https:\/\/www.packopumps.com\/en\/products\/centrifugal\/fpp2\" target=\"_blank\" rel=\"noopener\">https:\/\/www.packopumps.com\/en\/products\/centrifugal\/fpp2<\/a><\/div>\n<\/div>\n<\/div>\n","protected":false},"excerpt":{"rendered":"<p><span style=\"color: #282828;\">Sisendr\u00f5hk kuni 40 baari<\/span><\/p>\n<table>\n<tbody>\n<tr>\n<td>Maks.\u00a0vooluhulk<\/td>\n<td>110 m\u00b3 \/ h<\/td>\n<\/tr>\n<tr>\n<td>Maks.\u00a0tarnepea<\/td>\n<td>110 m<\/td>\n<\/tr>\n<tr>\n<td>Maks.\u00a0toote viskoossus<\/td>\n<td>500 cP<\/td>\n<\/tr>\n<tr>\n<td>max mootori v\u00f5imsus<\/td>\n<td>45 kW<\/td>\n<\/tr>\n<\/tbody>\n<\/table>\n<p>&nbsp;<\/p>\n","protected":false},"featured_media":7813,"comment_status":"closed","ping_status":"closed","template":"","meta":[],"product_brand":[],"product_cat":[270,272],"product_tag":[],"class_list":{"0":"post-10890","1":"product","2":"type-product","3":"status-publish","4":"has-post-thumbnail","6":"product_cat-packo-ru","7":"product_cat-272","9":"first","10":"instock","11":"taxable","12":"shipping-taxable","13":"product-type-simple"},"_links":{"self":[{"href":"https:\/\/hekes.ee\/ru\/wp-json\/wp\/v2\/product\/10890","targetHints":{"allow":["GET"]}}],"collection":[{"href":"https:\/\/hekes.ee\/ru\/wp-json\/wp\/v2\/product"}],"about":[{"href":"https:\/\/hekes.ee\/ru\/wp-json\/wp\/v2\/types\/product"}],"replies":[{"embeddable":true,"href":"https:\/\/hekes.ee\/ru\/wp-json\/wp\/v2\/comments?post=10890"}],"wp:featuredmedia":[{"embeddable":true,"href":"https:\/\/hekes.ee\/ru\/wp-json\/wp\/v2\/media\/7813"}],"wp:attachment":[{"href":"https:\/\/hekes.ee\/ru\/wp-json\/wp\/v2\/media?parent=10890"}],"wp:term":[{"taxonomy":"product_brand","embeddable":true,"href":"https:\/\/hekes.ee\/ru\/wp-json\/wp\/v2\/product_brand?post=10890"},{"taxonomy":"product_cat","embeddable":true,"href":"https:\/\/hekes.ee\/ru\/wp-json\/wp\/v2\/product_cat?post=10890"},{"taxonomy":"product_tag","embeddable":true,"href":"https:\/\/hekes.ee\/ru\/wp-json\/wp\/v2\/product_tag?post=10890"}],"curies":[{"name":"wp","href":"https:\/\/api.w.org\/{rel}","templated":true}]}}