{"id":10889,"date":"2021-04-05T11:05:26","date_gmt":"2021-04-05T11:05:26","guid":{"rendered":"https:\/\/hekes.ee\/toode\/series-gfp\/"},"modified":"2021-04-05T11:05:26","modified_gmt":"2021-04-05T11:05:26","slug":"series-gfp","status":"publish","type":"product","link":"https:\/\/hekes.ee\/ru\/toode\/series-gfp\/","title":{"rendered":"Series GFP"},"content":{"rendered":"<div class=\"kenmerken-uitleg\">\n<p>See mitmeastmeline pump on kombineeritud tavalisest tsentrifugaalpumbast ja r\u00f5ngaspumbast, m\u00f5lemad paigaldatud \u00fchele mootorile ja samale v\u00f5llile.<\/p>\n<p>Kui tsentrifugaalpumba imelleri juures hakkab tekkima gaasimull, lastakse see vedeliku r\u00f5ngastiiviku abil v\u00e4lja.<\/p>\n<p>Pumbal on 1 imemispool ja 2 v\u00e4ljalaskeava: tsentrifugaalpumba peamine v\u00e4ljalaskeava ja v\u00e4iksem vedelikur\u00f5nga pumba v\u00e4ljalaskeava, mis evakueerib \u00f5hu ja vahu.\u00a0\u00dcldiselt juhitakse \u00f5hk ja vaht imemisn\u00f5usse tagasi.<\/p>\n<\/div>\n<p><img decoding=\"async\" src=\"https:\/\/www.packopumps.com\/website\/var\/tmp\/image-thumbnails\/0\/7026\/thumb__auto_499317a4cfa638f966e46415b5739936\/GFP_render%20aangeduid.png\" \/><\/p>\n<div class=\"kenmerken\">\n<ol>\n<li>Monobloki versioon standardsete IEC mootoritega<\/li>\n<li>\u00d5hu v\u00e4ljalaskeava<\/li>\n<li>Vedelr\u00f5nga tiivik<\/li>\n<li>Tsentrifugaalne tiivik<\/li>\n<li>Lisavee siseelaske ava<\/li>\n<\/ol>\n<\/div>\n","protected":false},"excerpt":{"rendered":"<p><span style=\"color: #282828;\">Mitmeastmelised pumbad degaseerimiseks<\/span><\/p>\n<table>\n<tbody>\n<tr>\n<td>Maks.\u00a0vooluhulk<\/td>\n<td>400 m\u00b3 \/ h<\/td>\n<\/tr>\n<tr>\n<td>Maks.\u00a0tarnepea<\/td>\n<td>30 m<\/td>\n<\/tr>\n<tr>\n<td>Maks.\u00a0toote viskoossus<\/td>\n<td>1000 cP<\/td>\n<\/tr>\n<tr>\n<td>max mootori v\u00f5imsus<\/td>\n<td>45 kW<\/td>\n<\/tr>\n<\/tbody>\n<\/table>\n<p>&nbsp;<\/p>\n","protected":false},"featured_media":7839,"comment_status":"closed","ping_status":"closed","template":"","meta":[],"product_brand":[],"product_cat":[270,272],"product_tag":[],"class_list":{"0":"post-10889","1":"product","2":"type-product","3":"status-publish","4":"has-post-thumbnail","6":"product_cat-packo-ru","7":"product_cat-272","9":"first","10":"instock","11":"taxable","12":"shipping-taxable","13":"product-type-simple"},"_links":{"self":[{"href":"https:\/\/hekes.ee\/ru\/wp-json\/wp\/v2\/product\/10889","targetHints":{"allow":["GET"]}}],"collection":[{"href":"https:\/\/hekes.ee\/ru\/wp-json\/wp\/v2\/product"}],"about":[{"href":"https:\/\/hekes.ee\/ru\/wp-json\/wp\/v2\/types\/product"}],"replies":[{"embeddable":true,"href":"https:\/\/hekes.ee\/ru\/wp-json\/wp\/v2\/comments?post=10889"}],"wp:featuredmedia":[{"embeddable":true,"href":"https:\/\/hekes.ee\/ru\/wp-json\/wp\/v2\/media\/7839"}],"wp:attachment":[{"href":"https:\/\/hekes.ee\/ru\/wp-json\/wp\/v2\/media?parent=10889"}],"wp:term":[{"taxonomy":"product_brand","embeddable":true,"href":"https:\/\/hekes.ee\/ru\/wp-json\/wp\/v2\/product_brand?post=10889"},{"taxonomy":"product_cat","embeddable":true,"href":"https:\/\/hekes.ee\/ru\/wp-json\/wp\/v2\/product_cat?post=10889"},{"taxonomy":"product_tag","embeddable":true,"href":"https:\/\/hekes.ee\/ru\/wp-json\/wp\/v2\/product_tag?post=10889"}],"curies":[{"name":"wp","href":"https:\/\/api.w.org\/{rel}","templated":true}]}}