{"id":10887,"date":"2021-04-05T11:08:42","date_gmt":"2021-04-05T11:08:42","guid":{"rendered":"https:\/\/hekes.ee\/toode\/series-icp1\/"},"modified":"2021-04-05T11:08:42","modified_gmt":"2021-04-05T11:08:42","slug":"series-icp1","status":"publish","type":"product","link":"https:\/\/hekes.ee\/ru\/toode\/series-icp1\/","title":{"rendered":"Series ICP1"},"content":{"rendered":"<section class=\"content-row rich-text-editor\">\n<div class=\"bigger-heading kenmerken\">\n<div class=\"kenmerken-uitleg\">\n<p>ICP1-seeria Packo roostevabast terasest tsentrifugaalpumbad on k\u00f5ige parema hinna ja kvaliteedi suhtega t\u00f6\u00f6stuspumbad. Neil on avatud t\u00f6\u00f6rattad. Selle seeriaga saavutatakse k\u00f5rge kasutegur, mis v\u00e4hendab teie tootmisprotsessi energiatarbimist. T\u00e4nu modulaarsele kontseptsioonile tagab see ka lihtsa hoolduse.<\/p>\n<p>ICP1 pumpa kasutatakse peamiselt puhaste ja kergelt saastunud vedelike jaoks. Neid kasutatakse tekstiilit\u00f6\u00f6stuses sageli protsessipumbana tekstiili pesemiseks, veepuhastuseks, aga ka lahustite, alkoholide ja kemikaalide pumpamiseks.<\/p>\n<\/div>\n<p><img decoding=\"async\" src=\"https:\/\/www.packopumps.com\/website\/var\/tmp\/image-thumbnails\/0\/6982\/thumb__auto_499317a4cfa638f966e46415b5739936\/ICP1_render%20aangeduid.png\" \/><\/p>\n<div class=\"kenmerken\">\n<ol>\n<li>Pressitud roostevaba teras v\u00e4hemalt 3 mm paksusega<\/li>\n<li>Valatud tiivikud, vortex<\/li>\n<li>Suur tihendikamber vedeliku ringluse tagamiseks tihendi \u00fcmber<\/li>\n<li>Monobloki versioon standardsete IEC mootoritega<\/li>\n<\/ol>\n<\/div>\n<\/div>\n<\/section>\n<div class=\"row row-eq-height\">\n<div class=\"colm1-2\">\n<div class=\"witkader\"><a href=\"https:\/\/www.packopumps.com\/en\/products\/centrifugal\/icp1\" target=\"_blank\" rel=\"noopener\">https:\/\/www.packopumps.com\/en\/products\/centrifugal\/icp1<\/a><\/div>\n<\/div>\n<\/div>\n","protected":false},"excerpt":{"rendered":"<p><span style=\"color: #282828;\">T\u00f6\u00f6stusprotsesside pump piiratud v\u00f5imalustega<\/span><\/p>\n<table>\n<tbody>\n<tr>\n<td>Maks.\u00a0vooluhulk<\/td>\n<td>55 m\u00b3 \/ h<\/td>\n<\/tr>\n<tr>\n<td>Maks.\u00a0tarnepea<\/td>\n<td>37 m<\/td>\n<\/tr>\n<tr>\n<td>Maks.\u00a0toote viskoossus<\/td>\n<td>1000 cP<\/td>\n<\/tr>\n<tr>\n<td>max mootori v\u00f5imsus<\/td>\n<td>5,5 kW<\/td>\n<\/tr>\n<\/tbody>\n<\/table>\n<p>&nbsp;<\/p>\n","protected":false},"featured_media":7388,"comment_status":"closed","ping_status":"closed","template":"","meta":[],"product_brand":[],"product_cat":[270,272],"product_tag":[],"class_list":{"0":"post-10887","1":"product","2":"type-product","3":"status-publish","4":"has-post-thumbnail","6":"product_cat-packo-ru","7":"product_cat-272","9":"first","10":"instock","11":"taxable","12":"shipping-taxable","13":"product-type-simple"},"_links":{"self":[{"href":"https:\/\/hekes.ee\/ru\/wp-json\/wp\/v2\/product\/10887","targetHints":{"allow":["GET"]}}],"collection":[{"href":"https:\/\/hekes.ee\/ru\/wp-json\/wp\/v2\/product"}],"about":[{"href":"https:\/\/hekes.ee\/ru\/wp-json\/wp\/v2\/types\/product"}],"replies":[{"embeddable":true,"href":"https:\/\/hekes.ee\/ru\/wp-json\/wp\/v2\/comments?post=10887"}],"wp:featuredmedia":[{"embeddable":true,"href":"https:\/\/hekes.ee\/ru\/wp-json\/wp\/v2\/media\/7388"}],"wp:attachment":[{"href":"https:\/\/hekes.ee\/ru\/wp-json\/wp\/v2\/media?parent=10887"}],"wp:term":[{"taxonomy":"product_brand","embeddable":true,"href":"https:\/\/hekes.ee\/ru\/wp-json\/wp\/v2\/product_brand?post=10887"},{"taxonomy":"product_cat","embeddable":true,"href":"https:\/\/hekes.ee\/ru\/wp-json\/wp\/v2\/product_cat?post=10887"},{"taxonomy":"product_tag","embeddable":true,"href":"https:\/\/hekes.ee\/ru\/wp-json\/wp\/v2\/product_tag?post=10887"}],"curies":[{"name":"wp","href":"https:\/\/api.w.org\/{rel}","templated":true}]}}