{"id":10885,"date":"2021-04-05T11:10:47","date_gmt":"2021-04-05T11:10:47","guid":{"rendered":"https:\/\/hekes.ee\/toode\/series-icp3\/"},"modified":"2021-04-05T11:10:47","modified_gmt":"2021-04-05T11:10:47","slug":"series-icp3","status":"publish","type":"product","link":"https:\/\/hekes.ee\/ru\/toode\/series-icp3\/","title":{"rendered":"Series ICP3"},"content":{"rendered":"<section class=\"content-row rich-text-editor\">\n<div class=\"bigger-heading kenmerken\">\n<div class=\"kenmerken-uitleg\">\n<p>Nendel vastupidavatel pumpadel on roostevabast terasest 316L pumba korpused, mis on ehitatud paksust k\u00fclmvaltsitud terasest ja suletud tiivikuga dupleksmaterjalist. T\u00e4nu kindlale konstruktsioonile ja poleeritud disainile on need pumbad teie tootmisprotsessi usaldusv\u00e4\u00e4rne osa.<\/p>\n<p>ICP3 seeria Packo pumbasid kasutatakse paljudes t\u00f6\u00f6stusharudes ja rakendustes. Neid leiate peaaegu k\u00f5igist t\u00f6\u00f6stusharudest, n\u00e4iteks k\u00f6\u00f6giviljat\u00f6\u00f6stusest, \u00f5lletehastest, veet\u00f6\u00f6tlusest ja tekstiilit\u00f6\u00f6stusest, aga ka biogaasi, biodiisli ja bioetanooli rakendustest. T\u00fc\u00fcpilised vedelikud: vee, pudru, virre, protsessivee ja saastunud vee blan\u0161eerimine, biodiisel, bioetanool, alkoholid, CIP, biogaas jne.<\/p>\n<\/div>\n<p><img decoding=\"async\" src=\"https:\/\/www.packopumps.com\/website\/var\/tmp\/image-thumbnails\/0\/6985\/thumb__auto_499317a4cfa638f966e46415b5739936\/ICP3_render%20aangeduid.png\" \/><\/p>\n<div class=\"kenmerken\">\n<ol>\n<li>Pressitud roostevabast terasest, pumba korpuse paksus kuni 8 mm, pumba tagaplaat kuni 30 mm<\/li>\n<li>Suur tihendikamber vedeliku ringluse tagamiseks tihendi \u00fcmber<\/li>\n<li>Monobloki versioon standardsete IEC mootoritega<\/li>\n<\/ol>\n<p><a href=\"https:\/\/www.packopumps.com\/en\/products\/centrifugal\/icp3\" target=\"_blank\" rel=\"noopener\">https:\/\/www.packopumps.com\/en\/products\/centrifugal\/icp3<\/a><\/p>\n<\/div>\n<\/div>\n<\/section>\n<div class=\"row row-eq-height\">\n<div class=\"colm1-2\">\n<div class=\"witkader\"><\/div>\n<\/div>\n<\/div>\n","protected":false},"excerpt":{"rendered":"<p><span style=\"color: #282828;\">Vastupidav t\u00f6\u00f6stuspump<\/span><\/p>\n<table>\n<tbody>\n<tr>\n<td>Maks.\u00a0vooluhulk<\/td>\n<td>320 m\u00b3 \/ h<\/td>\n<\/tr>\n<tr>\n<td>Maks.\u00a0tarnepea<\/td>\n<td>120 m<\/td>\n<\/tr>\n<tr>\n<td>Maks.\u00a0toote viskoossus<\/td>\n<td>1000 cP<\/td>\n<\/tr>\n<tr>\n<td>max mootori v\u00f5imsus<\/td>\n<td>90 kW<\/td>\n<\/tr>\n<\/tbody>\n<\/table>\n<p>&nbsp;<\/p>\n","protected":false},"featured_media":7673,"comment_status":"closed","ping_status":"closed","template":"","meta":[],"product_brand":[],"product_cat":[270,272],"product_tag":[],"class_list":{"0":"post-10885","1":"product","2":"type-product","3":"status-publish","4":"has-post-thumbnail","6":"product_cat-packo-ru","7":"product_cat-272","9":"first","10":"instock","11":"taxable","12":"shipping-taxable","13":"product-type-simple"},"_links":{"self":[{"href":"https:\/\/hekes.ee\/ru\/wp-json\/wp\/v2\/product\/10885","targetHints":{"allow":["GET"]}}],"collection":[{"href":"https:\/\/hekes.ee\/ru\/wp-json\/wp\/v2\/product"}],"about":[{"href":"https:\/\/hekes.ee\/ru\/wp-json\/wp\/v2\/types\/product"}],"replies":[{"embeddable":true,"href":"https:\/\/hekes.ee\/ru\/wp-json\/wp\/v2\/comments?post=10885"}],"wp:featuredmedia":[{"embeddable":true,"href":"https:\/\/hekes.ee\/ru\/wp-json\/wp\/v2\/media\/7673"}],"wp:attachment":[{"href":"https:\/\/hekes.ee\/ru\/wp-json\/wp\/v2\/media?parent=10885"}],"wp:term":[{"taxonomy":"product_brand","embeddable":true,"href":"https:\/\/hekes.ee\/ru\/wp-json\/wp\/v2\/product_brand?post=10885"},{"taxonomy":"product_cat","embeddable":true,"href":"https:\/\/hekes.ee\/ru\/wp-json\/wp\/v2\/product_cat?post=10885"},{"taxonomy":"product_tag","embeddable":true,"href":"https:\/\/hekes.ee\/ru\/wp-json\/wp\/v2\/product_tag?post=10885"}],"curies":[{"name":"wp","href":"https:\/\/api.w.org\/{rel}","templated":true}]}}