{"id":10881,"date":"2021-04-05T11:17:11","date_gmt":"2021-04-05T11:17:11","guid":{"rendered":"https:\/\/hekes.ee\/toode\/series-irp\/"},"modified":"2021-04-05T11:17:11","modified_gmt":"2021-04-05T11:17:11","slug":"series-irp","status":"publish","type":"product","link":"https:\/\/hekes.ee\/ru\/toode\/series-irp\/","title":{"rendered":"Series IRP"},"content":{"rendered":"<section class=\"content-row rich-text-editor\">\n<div class=\"bigger-heading kenmerken\">\n<div class=\"kenmerken-uitleg\">\n<p>Nendel \u00f5hut\u00f6\u00f6tluspumpadel on roostevabast terasest 316L pumba korpused, mis on valmistatud paksust k\u00fclmvaltsitud terasest, 100% poorideta ja eriti siledad. Nendel pumpadel on avatud v\u00f5i suletud tiivikud, mis on valmistatud 316L v\u00f5i dupleksmaterjalist. T\u00e4nu elektrol\u00fc\u00fctiliselt poleeritud disainile on t\u00f6\u00f6stuslik \u00f5hut\u00f6\u00f6tluspumba seeria IRP usaldusv\u00e4\u00e4rne komponent teie tootmisprotsessis.<\/p>\n<p>T\u00e4nu unikaalsele tavalise tsentrifugaalpumbal p\u00f5hinevale veeemulsiooni disainile sobivad IRP-seeriad eriti CIP-tagasipumbana, samuti igat t\u00fc\u00fcpi paakide ja veoautode mahalaadimiseks.<\/p>\n<\/div>\n<p><img decoding=\"async\" src=\"https:\/\/www.packopumps.com\/website\/var\/tmp\/image-thumbnails\/0\/6996\/thumb__auto_499317a4cfa638f966e46415b5739936\/IRP_render%20aangeduid.png\" \/><\/p>\n<div class=\"kenmerken\">\n<ol>\n<li><span lang=\"et\">Ainulaadne \u00f5hu eraldumise s\u00fcsteem koos puhastatava \u00f5huseparaatoriga<\/span><\/li>\n<li>Ainulaadne veeemulsiooni kontseptsioon koos \u00f5huseparaatoriga<\/li>\n<li>Monobloki versioon standardsete IEC mootoritega<\/li>\n<\/ol>\n<\/div>\n<\/div>\n<\/section>\n<div class=\"row row-eq-height\">\n<div class=\"colm1-2\">\n<div class=\"witkader\">\n<section class=\"content-row rich-text-editor\">\n<div class=\"bigger-heading\"><\/div>\n<p><a href=\"https:\/\/www.packopumps.com\/en\/products\/centrifugal\/irp\" target=\"_blank\" rel=\"noopener\">https:\/\/www.packopumps.com\/en\/products\/centrifugal\/irp<\/a><\/p>\n<\/section>\n<\/div>\n<\/div>\n<\/div>\n","protected":false},"excerpt":{"rendered":"<p><span style=\"color: #282828;\">\u00d5hutranspordi pump veoautode mahalaadimiseks<\/span><\/p>\n<table>\n<tbody>\n<tr>\n<td>Maks.\u00a0vooluhulk<\/td>\n<td>150 m\u00b3 \/ h<\/td>\n<\/tr>\n<tr>\n<td>Maks.\u00a0tarnepea<\/td>\n<td>75 m<\/td>\n<\/tr>\n<tr>\n<td>Maks.\u00a0toote viskoossus<\/td>\n<td>10 cP<\/td>\n<\/tr>\n<tr>\n<td>max mootori v\u00f5imsus<\/td>\n<td>22 kW<\/td>\n<\/tr>\n<\/tbody>\n<\/table>\n<p>&nbsp;<\/p>\n","protected":false},"featured_media":7866,"comment_status":"closed","ping_status":"closed","template":"","meta":[],"product_brand":[],"product_cat":[270,272],"product_tag":[],"class_list":{"0":"post-10881","1":"product","2":"type-product","3":"status-publish","4":"has-post-thumbnail","6":"product_cat-packo-ru","7":"product_cat-272","9":"first","10":"instock","11":"taxable","12":"shipping-taxable","13":"product-type-simple"},"_links":{"self":[{"href":"https:\/\/hekes.ee\/ru\/wp-json\/wp\/v2\/product\/10881","targetHints":{"allow":["GET"]}}],"collection":[{"href":"https:\/\/hekes.ee\/ru\/wp-json\/wp\/v2\/product"}],"about":[{"href":"https:\/\/hekes.ee\/ru\/wp-json\/wp\/v2\/types\/product"}],"replies":[{"embeddable":true,"href":"https:\/\/hekes.ee\/ru\/wp-json\/wp\/v2\/comments?post=10881"}],"wp:featuredmedia":[{"embeddable":true,"href":"https:\/\/hekes.ee\/ru\/wp-json\/wp\/v2\/media\/7866"}],"wp:attachment":[{"href":"https:\/\/hekes.ee\/ru\/wp-json\/wp\/v2\/media?parent=10881"}],"wp:term":[{"taxonomy":"product_brand","embeddable":true,"href":"https:\/\/hekes.ee\/ru\/wp-json\/wp\/v2\/product_brand?post=10881"},{"taxonomy":"product_cat","embeddable":true,"href":"https:\/\/hekes.ee\/ru\/wp-json\/wp\/v2\/product_cat?post=10881"},{"taxonomy":"product_tag","embeddable":true,"href":"https:\/\/hekes.ee\/ru\/wp-json\/wp\/v2\/product_tag?post=10881"}],"curies":[{"name":"wp","href":"https:\/\/api.w.org\/{rel}","templated":true}]}}