{"id":10878,"date":"2021-04-05T11:20:41","date_gmt":"2021-04-05T11:20:41","guid":{"rendered":"https:\/\/hekes.ee\/toode\/series-mcp3\/"},"modified":"2021-04-05T11:20:41","modified_gmt":"2021-04-05T11:20:41","slug":"series-mcp3","status":"publish","type":"product","link":"https:\/\/hekes.ee\/ru\/toode\/series-mcp3\/","title":{"rendered":"Series MCP3"},"content":{"rendered":"<div class=\"kenmerken-uitleg\">\n<p>Nendel tugevatel pumpadel on roostevabast terasest valatud korpused 316L ja dupleksmaterjalist suletud v\u00f5i valatud kanaliga tiivikud. T\u00e4nu kindlale konstruktsioonile ja elektropoleeritud disainile on need pumbad teie tootmisprotsessi usaldusv\u00e4\u00e4rne osa.<\/p>\n<p>Neid kasutatakse sageli saastunud vee protsessipumbana ja CIP-puhastuss\u00fcsteemides, veini, pudru, \u00f5lle, vadaku filtreerimiseks ja k\u00f6\u00f6giviljade blan\u0161eerimiseks. T\u00fc\u00fcpilised vedelikud: puder, virre, protsessivesi ja saastunud vesi, biodiisel, bioetanool, alkoholid, CIP, biogaas jne.<\/p>\n<\/div>\n<p><img decoding=\"async\" src=\"https:\/\/www.packopumps.com\/website\/var\/tmp\/image-thumbnails\/0\/6987\/thumb__auto_499317a4cfa638f966e46415b5739936\/MCP3_render%20aangeduid.png\" \/><\/p>\n<div class=\"kenmerken\">\n<ol>\n<li>Tugev disain t\u00e4nu vormitud pumba korpusele ja tiivikutele<\/li>\n<li>Suur tihendikamber vedeliku ringluse tagamiseks tihendi \u00fcmber<\/li>\n<li>Monobloki versioon standardsete IEC mootoritega<\/li>\n<\/ol>\n<p><a href=\"https:\/\/www.packopumps.com\/en\/products\/centrifugal\/mcp3\" target=\"_blank\" rel=\"noopener\">https:\/\/www.packopumps.com\/en\/products\/centrifugal\/mcp3<\/a><\/p>\n<\/div>\n","protected":false},"excerpt":{"rendered":"<p><span style=\"color: #282828;\">Vooluhulk kuni 1800 m\u00b3 \/ h<\/span><\/p>\n<table>\n<tbody>\n<tr>\n<td>Maks.\u00a0vooluhulk<\/td>\n<td>1800 m\u00b3 \/ h<\/td>\n<\/tr>\n<tr>\n<td>Maks.\u00a0tarnepea<\/td>\n<td>75 m<\/td>\n<\/tr>\n<tr>\n<td>Maks.\u00a0toote viskoossus<\/td>\n<td>500 cP<\/td>\n<\/tr>\n<tr>\n<td>max mootori v\u00f5imsus<\/td>\n<td>250 kW<\/td>\n<\/tr>\n<\/tbody>\n<\/table>\n<p>&nbsp;<\/p>\n","protected":false},"featured_media":7415,"comment_status":"closed","ping_status":"closed","template":"","meta":[],"product_brand":[],"product_cat":[270,272],"product_tag":[],"class_list":{"0":"post-10878","1":"product","2":"type-product","3":"status-publish","4":"has-post-thumbnail","6":"product_cat-packo-ru","7":"product_cat-272","9":"first","10":"instock","11":"taxable","12":"shipping-taxable","13":"product-type-simple"},"_links":{"self":[{"href":"https:\/\/hekes.ee\/ru\/wp-json\/wp\/v2\/product\/10878","targetHints":{"allow":["GET"]}}],"collection":[{"href":"https:\/\/hekes.ee\/ru\/wp-json\/wp\/v2\/product"}],"about":[{"href":"https:\/\/hekes.ee\/ru\/wp-json\/wp\/v2\/types\/product"}],"replies":[{"embeddable":true,"href":"https:\/\/hekes.ee\/ru\/wp-json\/wp\/v2\/comments?post=10878"}],"wp:featuredmedia":[{"embeddable":true,"href":"https:\/\/hekes.ee\/ru\/wp-json\/wp\/v2\/media\/7415"}],"wp:attachment":[{"href":"https:\/\/hekes.ee\/ru\/wp-json\/wp\/v2\/media?parent=10878"}],"wp:term":[{"taxonomy":"product_brand","embeddable":true,"href":"https:\/\/hekes.ee\/ru\/wp-json\/wp\/v2\/product_brand?post=10878"},{"taxonomy":"product_cat","embeddable":true,"href":"https:\/\/hekes.ee\/ru\/wp-json\/wp\/v2\/product_cat?post=10878"},{"taxonomy":"product_tag","embeddable":true,"href":"https:\/\/hekes.ee\/ru\/wp-json\/wp\/v2\/product_tag?post=10878"}],"curies":[{"name":"wp","href":"https:\/\/api.w.org\/{rel}","templated":true}]}}