{"id":10877,"date":"2021-04-05T11:21:40","date_gmt":"2021-04-05T11:21:40","guid":{"rendered":"https:\/\/hekes.ee\/toode\/series-mff\/"},"modified":"2021-04-05T11:21:40","modified_gmt":"2021-04-05T11:21:40","slug":"series-mff","status":"publish","type":"product","link":"https:\/\/hekes.ee\/ru\/toode\/series-mff\/","title":{"rendered":"Series MFF"},"content":{"rendered":"<div class=\"kenmerken-uitleg\">\n<p>Nendel tugevatel pumpadel on roostevabast terasest valatud korpused 316L ja neile v\u00f5ib paigaldada roostevabast terasest 316L v\u00f5i samav\u00e4\u00e4rse avatud, poolavatud v\u00f5i keerises tiiviku. Pumpadel on tiiviku ja pumba korpuse vahel suur vahe ja seet\u00f5ttu saavad nad tahkeid ja kiudusid k\u00e4sitleda ilma ummistumisohuta. T\u00e4nu kindlale konstruktsioonile ja poleeritud disainile on need pumbad teie tootmisprotsessi usaldusv\u00e4\u00e4rne osa.<\/p>\n<p>MFF-sarja Packo pumbasid kasutatakse paljudes t\u00f6\u00f6stusharudes ja rakendustes. Neid leiate peaaegu k\u00f5igist t\u00f6\u00f6stusharudest, nagu k\u00f6\u00f6givilja-, veepuhastus- ja tekstiilit\u00f6\u00f6stus, samuti biogaasi, biodiisli ja bioetanooli rakendustest. T\u00fc\u00fcpiline n\u00e4ide: kiude ja tahkeid aineid sisaldavate vedelike pumpamine k\u00f6\u00f6giviljade pesemisest v\u00f5i blan\u0161eerimisest, kartulij\u00e4\u00e4tmed, vedelike ringlus k\u00e4\u00e4ritusel jne.<\/p>\n<\/div>\n<p><img decoding=\"async\" src=\"https:\/\/www.packopumps.com\/website\/var\/tmp\/image-thumbnails\/0\/6991\/thumb__auto_499317a4cfa638f966e46415b5739936\/MFF_render%20aangeduid.png\" \/><\/p>\n<div class=\"kenmerken\">\n<ol>\n<li>Pumba korpused valatud roostevabast terasest<\/li>\n<li>Suur vaba ruum tiiviku ja pumba korpuse vahel<\/li>\n<li>Suur tihendikamber vedeliku ringluse tagamiseks tihendi \u00fcmber<\/li>\n<li>Monobloki versioon standardsete IEC mootoritega<\/li>\n<\/ol>\n<p><a href=\"https:\/\/www.packopumps.com\/en\/products\/centrifugal\/mff\" target=\"_blank\" rel=\"noopener\">https:\/\/www.packopumps.com\/en\/products\/centrifugal\/mff<\/a><\/p>\n<\/div>\n","protected":false},"excerpt":{"rendered":"<p><span style=\"color: #282828;\">Suure avaga vaba vool vedelike pumpamiseks kiudude ja tahkete ainetega<\/span><\/p>\n<table>\n<tbody>\n<tr>\n<td>Maks.\u00a0vooluhulk<\/td>\n<td>750 m\u00b3 \/ h<\/td>\n<\/tr>\n<tr>\n<td>Maks.\u00a0tarnepea<\/td>\n<td>30 m<\/td>\n<\/tr>\n<tr>\n<td>Maks.\u00a0toote viskoossus<\/td>\n<td>500 cP<\/td>\n<\/tr>\n<tr>\n<td>max mootori v\u00f5imsus<\/td>\n<td>250 kW<\/td>\n<\/tr>\n<\/tbody>\n<\/table>\n<p>&nbsp;<\/p>\n","protected":false},"featured_media":7487,"comment_status":"closed","ping_status":"closed","template":"","meta":[],"product_brand":[],"product_cat":[270,272],"product_tag":[],"class_list":{"0":"post-10877","1":"product","2":"type-product","3":"status-publish","4":"has-post-thumbnail","6":"product_cat-packo-ru","7":"product_cat-272","9":"first","10":"instock","11":"taxable","12":"shipping-taxable","13":"product-type-simple"},"_links":{"self":[{"href":"https:\/\/hekes.ee\/ru\/wp-json\/wp\/v2\/product\/10877","targetHints":{"allow":["GET"]}}],"collection":[{"href":"https:\/\/hekes.ee\/ru\/wp-json\/wp\/v2\/product"}],"about":[{"href":"https:\/\/hekes.ee\/ru\/wp-json\/wp\/v2\/types\/product"}],"replies":[{"embeddable":true,"href":"https:\/\/hekes.ee\/ru\/wp-json\/wp\/v2\/comments?post=10877"}],"wp:featuredmedia":[{"embeddable":true,"href":"https:\/\/hekes.ee\/ru\/wp-json\/wp\/v2\/media\/7487"}],"wp:attachment":[{"href":"https:\/\/hekes.ee\/ru\/wp-json\/wp\/v2\/media?parent=10877"}],"wp:term":[{"taxonomy":"product_brand","embeddable":true,"href":"https:\/\/hekes.ee\/ru\/wp-json\/wp\/v2\/product_brand?post=10877"},{"taxonomy":"product_cat","embeddable":true,"href":"https:\/\/hekes.ee\/ru\/wp-json\/wp\/v2\/product_cat?post=10877"},{"taxonomy":"product_tag","embeddable":true,"href":"https:\/\/hekes.ee\/ru\/wp-json\/wp\/v2\/product_tag?post=10877"}],"curies":[{"name":"wp","href":"https:\/\/api.w.org\/{rel}","templated":true}]}}